{"id":762663,"date":"2025-08-28T10:16:46","date_gmt":"2025-08-28T07:16:46","guid":{"rendered":"https:\/\/roveyayinevi.com.tr\/index.php\/urun\/esma-i-husna\/"},"modified":"2026-04-15T03:27:43","modified_gmt":"2026-04-15T00:27:43","slug":"esma-i-husna","status":"publish","type":"product","link":"https:\/\/roveyayinevi.com.tr\/index.php\/urun\/esma-i-husna\/","title":{"rendered":"Esma-i H\u00fcsna"},"content":{"rendered":"<p>Her ismi y\u00fcce, her ismi g\u00fczel olan Allah\u2019\u0131n ad\u0131n\u0131 anmakla birlikte M\u00fcsl\u00fcmanl\u0131k ba\u015flar, O\u2019na \u015f\u00fckretmekle ya\u015famak anlam\u0131n\u0131 bulur. Allah\u2019\u0131n isimleri, O\u2019nun hakk\u0131ndaki bilgimizin kayna\u011f\u0131 oldu\u011fu kadar ayn\u0131 zamanda insan\u0131n ger\u00e7ek insan haline gelebilmesinin yoludur. \u0130l\u00e2h\u00ee isimler hakk\u0131ndaki bilginin kayna\u011f\u0131 Kur\u2019\u00e2n-\u0131 Kerim ve had\u00ees-i \u015feriflerdir. Metafizik\u00e7i d\u00fc\u015f\u00fcn\u00fcrler, il\u00e2h\u00ee kel\u00e2m\u0131 Allah\u2019\u0131n isimlerinin tefsiri olarak okurlar. Had\u00ees-i \u015feriflerde ise Hz. Peygamber Allah\u2019\u0131n isimleriyle ahl\u00e2klanman\u0131n yolunu g\u00f6sterir. Bir \u00e2yet-i ker\u00eemede \u201cEn g\u00fczel isimler O\u2019nundur.\u201d buyurulur. Allah\u2019\u0131n her ismi g\u00fczel ve iyi oldu\u011fu gibi her ismi y\u00fccedir. \u00d6te yandan her isim Allah isminin tefsiri olarak okunabilir. B\u00f6ylece Allah ismindeki sonsuz anlamlar tek tek il\u00e2h\u00ee isimlerde ortaya \u00e7\u0131kar.  Fikriyat Yay\u0131nlar\u0131, Esm\u00e2-i H\u00fcsn\u00e2 \u015ferhini yay\u0131mlamakla \u0130sl\u00e2m d\u00fc\u015f\u00fcnce gelene\u011finin en \u00f6nemli konular\u0131ndan birisine yeni bir bak\u0131\u015f a\u00e7\u0131s\u0131n\u0131 okurun dikkatine sunuyor. <\/p>\n","protected":false},"excerpt":{"rendered":"<p>Her ismi y\u00fcce, her ismi g\u00fczel olan Allah\u2019\u0131n ad\u0131n\u0131 anmakla birlikte M\u00fcsl\u00fcmanl\u0131k ba\u015flar, O\u2019na \u015f\u00fckretmekle ya\u015famak anlam\u0131n\u0131 bulur. Allah\u2019\u0131n isimleri, O\u2019nun hakk\u0131ndaki bilgimizin kayna\u011f\u0131 oldu\u011fu kadar<span class=\"excerpt-hellip\"> [\u2026]<\/span><\/p>\n","protected":false},"featured_media":0,"template":"","meta":{"_monsterinsights_skip_tracking":false,"_monsterinsights_sitenote_active":false,"_monsterinsights_sitenote_note":"","_monsterinsights_sitenote_category":0},"product_brand":[],"product_cat":[12718,12719],"product_tag":[],"class_list":{"0":"post-762663","1":"product","2":"type-product","3":"status-publish","5":"product_cat-din","6":"product_cat-islam","7":"pa_cilt-ciltsiz","8":"pa_tur-kitap","9":"pa_yayinevi-fikriyat-yayinlari","10":"pa_yazar-ekrem-demirli","12":"first","13":"instock","14":"sale","15":"shipping-taxable","16":"purchasable","17":"product-type-simple"},"_links":{"self":[{"href":"https:\/\/roveyayinevi.com.tr\/index.php\/wp-json\/wp\/v2\/product\/762663","targetHints":{"allow":["GET"]}}],"collection":[{"href":"https:\/\/roveyayinevi.com.tr\/index.php\/wp-json\/wp\/v2\/product"}],"about":[{"href":"https:\/\/roveyayinevi.com.tr\/index.php\/wp-json\/wp\/v2\/types\/product"}],"wp:attachment":[{"href":"https:\/\/roveyayinevi.com.tr\/index.php\/wp-json\/wp\/v2\/media?parent=762663"}],"wp:term":[{"taxonomy":"product_brand","embeddable":true,"href":"https:\/\/roveyayinevi.com.tr\/index.php\/wp-json\/wp\/v2\/product_brand?post=762663"},{"taxonomy":"product_cat","embeddable":true,"href":"https:\/\/roveyayinevi.com.tr\/index.php\/wp-json\/wp\/v2\/product_cat?post=762663"},{"taxonomy":"product_tag","embeddable":true,"href":"https:\/\/roveyayinevi.com.tr\/index.php\/wp-json\/wp\/v2\/product_tag?post=762663"}],"curies":[{"name":"wp","href":"https:\/\/api.w.org\/{rel}","templated":true}]}}