{"id":762662,"date":"2025-08-28T10:16:44","date_gmt":"2025-08-28T07:16:44","guid":{"rendered":"https:\/\/roveyayinevi.com.tr\/index.php\/urun\/aveline-jones-ve-cadi-taslari\/"},"modified":"2026-04-15T03:27:43","modified_gmt":"2026-04-15T00:27:43","slug":"aveline-jones-ve-cadi-taslari","status":"publish","type":"product","link":"https:\/\/roveyayinevi.com.tr\/index.php\/urun\/aveline-jones-ve-cadi-taslari\/","title":{"rendered":"Aveline Jones ve Cad\u0131 Ta\u015flar\u0131"},"content":{"rendered":"<p>Aveline, annesinin yaz i\u00e7in kiralad\u0131\u011f\u0131 evin bir ta\u015f \u00e7emberin yak\u0131nlar\u0131nda oldu\u011funu \u00f6\u011frenince \u00e7ok heyecanlan\u0131r. K\u00f6yde ya\u015fayanlar bu antik yap\u0131ya Cad\u0131 Ta\u015flar\u0131 ad\u0131n\u0131 vermi\u015ftir. Aveline binlerce y\u0131ll\u0131k bu ta\u015flar hakk\u0131nda daha fazlas\u0131n\u0131 \u00f6\u011frenmek i\u00e7in sab\u0131rs\u0131zlan\u0131r.Derken Aveline k\u00f6yde Hazel ile tan\u0131\u015f\u0131r. \u0130nan\u0131lmaz haval\u0131, gizemli ve bir o kadar da dost canl\u0131s\u0131d\u0131r Hazel. \u00c7ok ge\u00e7meden Aveline, Hazel\u2019\u0131n b\u00fcy\u00fcs\u00fcne kap\u0131l\u0131r. \u0130\u015fin asl\u0131 Hazel, Aveline\u2019in daha \u00f6nce tan\u0131\u015ft\u0131\u011f\u0131 hi\u00e7 kimseye benzemez, onda tuhaf bir \u015feyler vard\u0131r. Aveline \u00e7ok ge\u00e7 olmadan Hazel hakk\u0131ndaki ger\u00e7e\u011fi \u00f6\u011frenebilecek midir?El fenerlerinizi yak\u0131n ve siz de bu macerada Aveline\u2019e kat\u0131l\u0131n!<\/p>\n","protected":false},"excerpt":{"rendered":"<p>Aveline, annesinin yaz i\u00e7in kiralad\u0131\u011f\u0131 evin bir ta\u015f \u00e7emberin yak\u0131nlar\u0131nda oldu\u011funu \u00f6\u011frenince \u00e7ok heyecanlan\u0131r. K\u00f6yde ya\u015fayanlar bu antik yap\u0131ya Cad\u0131 Ta\u015flar\u0131 ad\u0131n\u0131 vermi\u015ftir. Aveline binlerce y\u0131ll\u0131k<span class=\"excerpt-hellip\"> [\u2026]<\/span><\/p>\n","protected":false},"featured_media":0,"template":"","meta":{"_monsterinsights_skip_tracking":false,"_monsterinsights_sitenote_active":false,"_monsterinsights_sitenote_note":"","_monsterinsights_sitenote_category":0},"product_brand":[],"product_cat":[12274,12284],"product_tag":[],"class_list":{"0":"post-762662","1":"product","2":"type-product","3":"status-publish","5":"product_cat-cocuk-ve-genclik-kitaplari","6":"product_cat-hikayeler","7":"pa_cilt-ciltsiz","8":"pa_tur-kitap","9":"pa_yayinevi-can-cocuk-yayinlari","10":"pa_yazar-paul-hickes","12":"first","13":"instock","14":"sale","15":"shipping-taxable","16":"purchasable","17":"product-type-simple"},"_links":{"self":[{"href":"https:\/\/roveyayinevi.com.tr\/index.php\/wp-json\/wp\/v2\/product\/762662","targetHints":{"allow":["GET"]}}],"collection":[{"href":"https:\/\/roveyayinevi.com.tr\/index.php\/wp-json\/wp\/v2\/product"}],"about":[{"href":"https:\/\/roveyayinevi.com.tr\/index.php\/wp-json\/wp\/v2\/types\/product"}],"wp:attachment":[{"href":"https:\/\/roveyayinevi.com.tr\/index.php\/wp-json\/wp\/v2\/media?parent=762662"}],"wp:term":[{"taxonomy":"product_brand","embeddable":true,"href":"https:\/\/roveyayinevi.com.tr\/index.php\/wp-json\/wp\/v2\/product_brand?post=762662"},{"taxonomy":"product_cat","embeddable":true,"href":"https:\/\/roveyayinevi.com.tr\/index.php\/wp-json\/wp\/v2\/product_cat?post=762662"},{"taxonomy":"product_tag","embeddable":true,"href":"https:\/\/roveyayinevi.com.tr\/index.php\/wp-json\/wp\/v2\/product_tag?post=762662"}],"curies":[{"name":"wp","href":"https:\/\/api.w.org\/{rel}","templated":true}]}}