{"id":762661,"date":"2025-08-28T10:16:42","date_gmt":"2025-08-28T07:16:42","guid":{"rendered":"https:\/\/roveyayinevi.com.tr\/index.php\/urun\/bilgelik-otobusu\/"},"modified":"2026-04-15T03:27:43","modified_gmt":"2026-04-15T00:27:43","slug":"bilgelik-otobusu","status":"publish","type":"product","link":"https:\/\/roveyayinevi.com.tr\/index.php\/urun\/bilgelik-otobusu\/","title":{"rendered":"Bilgelik Otob\u00fcs\u00fc"},"content":{"rendered":"<p>Unutulmaz bir yolculuk. Be\u015f filozof. Mutluluk \u00fczerine be\u015f ders.Paolo \u00d6\u011fretmen, \u00f6\u011frencilerinden mutlulu\u011fun resmini \u00e7izmelerini ister. Mutlu olman\u0131n yollar\u0131ndan baz\u0131lar\u0131 k\u00e2\u011f\u0131tlara \u00e7izilir: Anne baban\u0131n elini tutmak, b\u00fcy\u00fckanne ve b\u00fcy\u00fckbabayla dondurma yemek, yeni bir video oyunu oynamak ya da g\u00fczel bir arma\u011fan almak&#8230; Peki ya baz\u0131 \u00f6\u011frenciler mutlulu\u011fu hi\u00e7 tatmad\u0131klar\u0131 ya da mutlulu\u011fun var olmad\u0131\u011f\u0131na inand\u0131klar\u0131 i\u00e7in bo\u015f kalan sayfalar ne olacakt\u0131r?\u0130\u015fte o zaman Paolo \u00d6\u011fretmen filozof arkada\u015f\u0131 Diotima&#8217;y\u0131 ve Diotima&#8217;n\u0131n kulland\u0131\u011f\u0131 Bilgelik Otob\u00fcs\u00fc&#8217;n\u00fc yard\u0131ma \u00e7a\u011f\u0131r\u0131r. S\u0131radan bir otob\u00fcs de\u011fildir bu, benzin yerine merakla \u00e7al\u0131\u015f\u0131r. Yolculu\u011fun amac\u0131, Antik Yunan filozoflar\u0131yla ve felsefeyle tan\u0131\u015fmakt\u0131r.Antik\u00e7a\u011f filozoflar\u0131n\u0131n sesine kulak vermenin bug\u00fcn\u00fc ve gelece\u011fi anlamam\u0131za yard\u0131mc\u0131 olabilece\u011fini g\u00f6steren unutulmaz bir macera.<\/p>\n","protected":false},"excerpt":{"rendered":"<p>Unutulmaz bir yolculuk. Be\u015f filozof. Mutluluk \u00fczerine be\u015f ders.Paolo \u00d6\u011fretmen, \u00f6\u011frencilerinden mutlulu\u011fun resmini \u00e7izmelerini ister. Mutlu olman\u0131n yollar\u0131ndan baz\u0131lar\u0131 k\u00e2\u011f\u0131tlara \u00e7izilir: Anne baban\u0131n elini tutmak, b\u00fcy\u00fckanne<span class=\"excerpt-hellip\"> [\u2026]<\/span><\/p>\n","protected":false},"featured_media":0,"template":"","meta":{"_monsterinsights_skip_tracking":false,"_monsterinsights_sitenote_active":false,"_monsterinsights_sitenote_note":"","_monsterinsights_sitenote_category":0},"product_brand":[],"product_cat":[12274,12284],"product_tag":[],"class_list":{"0":"post-762661","1":"product","2":"type-product","3":"status-publish","5":"product_cat-cocuk-ve-genclik-kitaplari","6":"product_cat-hikayeler","7":"pa_cilt-ciltsiz","8":"pa_tur-kitap","9":"pa_yayinevi-can-cocuk-yayinlari","10":"pa_yazar-matteo-saudino","12":"first","13":"instock","14":"sale","15":"shipping-taxable","16":"purchasable","17":"product-type-simple"},"_links":{"self":[{"href":"https:\/\/roveyayinevi.com.tr\/index.php\/wp-json\/wp\/v2\/product\/762661","targetHints":{"allow":["GET"]}}],"collection":[{"href":"https:\/\/roveyayinevi.com.tr\/index.php\/wp-json\/wp\/v2\/product"}],"about":[{"href":"https:\/\/roveyayinevi.com.tr\/index.php\/wp-json\/wp\/v2\/types\/product"}],"wp:attachment":[{"href":"https:\/\/roveyayinevi.com.tr\/index.php\/wp-json\/wp\/v2\/media?parent=762661"}],"wp:term":[{"taxonomy":"product_brand","embeddable":true,"href":"https:\/\/roveyayinevi.com.tr\/index.php\/wp-json\/wp\/v2\/product_brand?post=762661"},{"taxonomy":"product_cat","embeddable":true,"href":"https:\/\/roveyayinevi.com.tr\/index.php\/wp-json\/wp\/v2\/product_cat?post=762661"},{"taxonomy":"product_tag","embeddable":true,"href":"https:\/\/roveyayinevi.com.tr\/index.php\/wp-json\/wp\/v2\/product_tag?post=762661"}],"curies":[{"name":"wp","href":"https:\/\/api.w.org\/{rel}","templated":true}]}}