{"id":762659,"date":"2025-08-28T10:16:37","date_gmt":"2025-08-28T07:16:37","guid":{"rendered":"https:\/\/roveyayinevi.com.tr\/index.php\/urun\/ayse\/"},"modified":"2026-04-15T03:27:42","modified_gmt":"2026-04-15T00:27:42","slug":"ayse","status":"publish","type":"product","link":"https:\/\/roveyayinevi.com.tr\/index.php\/urun\/ayse\/","title":{"rendered":"Ay\u015fe"},"content":{"rendered":"<p>Ucu siyasilere dokunan haberleri y\u00fcz\u00fcnden i\u015fsiz kal\u0131p kariyerinde tekrar y\u00fckseli\u015fe ge\u00e7mek isteyen gazeteci bir kad\u0131n&#8230;   G\u00fcneydo\u011funun k\u00fc\u00e7\u00fck bir k\u00f6y\u00fcnde ataerkil d\u00fczen alt\u0131nda geleneklerle ve toplumsal normlarla ezilen gen\u00e7 bir kad\u0131n&#8230;    \u0130ki kad\u0131n\u0131n yollar\u0131n\u0131n kesi\u015fmesiyle, kad\u0131n olman\u0131n ve kad\u0131n olarak ya\u015faman\u0131n \u00fclkemizdeki zorluklar\u0131na de\u011finen bu hik\u00e2ye, dinin ve siyasetin ya\u015fam\u0131n her alan\u0131nda kirli emellere alet edilerek toplumun yozla\u015ft\u0131r\u0131lmas\u0131n\u0131n bir \u00f6rne\u011fi olarak okurlar\u0131n kar\u015f\u0131s\u0131na \u00e7\u0131k\u0131yor.   \u0130ktidar\u0131 elinde bulunduranlar\u0131n y\u0131llar y\u0131l\u0131 uygulad\u0131klar\u0131 zulm\u00fcn bir tan\u0131\u011f\u0131 olaca\u011f\u0131n\u0131z bu sat\u0131rlarda iki kad\u0131n\u0131n var olma \u00e7abas\u0131na ortak olarak mevcut d\u00fczenin getirdi\u011fi dayan\u0131lmaz bask\u0131y\u0131 her h\u00fccrenizde hissedeceksiniz.  Kariyeri i\u00e7in t\u00fcrl\u00fc fedak\u00e2rl\u0131klarla yeni bir haber pe\u015finde ko\u015fan Tusem ve \u0131ss\u0131z bir g\u00f6l kenar\u0131nda bir turnan\u0131n kanatlar\u0131nda can bulan ilk kad\u0131n peygamber Ay\u015fe&#8217;nin direni\u015f dolu hik\u00e2yesi.<\/p>\n","protected":false},"excerpt":{"rendered":"<p>Ucu siyasilere dokunan haberleri y\u00fcz\u00fcnden i\u015fsiz kal\u0131p kariyerinde tekrar y\u00fckseli\u015fe ge\u00e7mek isteyen gazeteci bir kad\u0131n&#8230; G\u00fcneydo\u011funun k\u00fc\u00e7\u00fck bir k\u00f6y\u00fcnde ataerkil d\u00fczen alt\u0131nda geleneklerle ve toplumsal normlarla<span class=\"excerpt-hellip\"> [\u2026]<\/span><\/p>\n","protected":false},"featured_media":0,"template":"","meta":{"_monsterinsights_skip_tracking":false,"_monsterinsights_sitenote_active":false,"_monsterinsights_sitenote_note":"","_monsterinsights_sitenote_category":0},"product_brand":[],"product_cat":[12291,12711],"product_tag":[],"class_list":{"0":"post-762659","1":"product","2":"type-product","3":"status-publish","5":"product_cat-edebiyat","6":"product_cat-roman-oyku","7":"pa_cilt-ciltsiz","8":"pa_tur-kitap","9":"pa_yayinevi-elpis-yayinlari","10":"pa_yazar-yigit-ozel","12":"first","13":"instock","14":"sale","15":"shipping-taxable","16":"purchasable","17":"product-type-simple"},"_links":{"self":[{"href":"https:\/\/roveyayinevi.com.tr\/index.php\/wp-json\/wp\/v2\/product\/762659","targetHints":{"allow":["GET"]}}],"collection":[{"href":"https:\/\/roveyayinevi.com.tr\/index.php\/wp-json\/wp\/v2\/product"}],"about":[{"href":"https:\/\/roveyayinevi.com.tr\/index.php\/wp-json\/wp\/v2\/types\/product"}],"wp:attachment":[{"href":"https:\/\/roveyayinevi.com.tr\/index.php\/wp-json\/wp\/v2\/media?parent=762659"}],"wp:term":[{"taxonomy":"product_brand","embeddable":true,"href":"https:\/\/roveyayinevi.com.tr\/index.php\/wp-json\/wp\/v2\/product_brand?post=762659"},{"taxonomy":"product_cat","embeddable":true,"href":"https:\/\/roveyayinevi.com.tr\/index.php\/wp-json\/wp\/v2\/product_cat?post=762659"},{"taxonomy":"product_tag","embeddable":true,"href":"https:\/\/roveyayinevi.com.tr\/index.php\/wp-json\/wp\/v2\/product_tag?post=762659"}],"curies":[{"name":"wp","href":"https:\/\/api.w.org\/{rel}","templated":true}]}}