{"id":762657,"date":"2025-08-28T10:16:33","date_gmt":"2025-08-28T07:16:33","guid":{"rendered":"https:\/\/roveyayinevi.com.tr\/index.php\/urun\/myart-3-myrina-yayinlari-sanat-dergisi\/"},"modified":"2026-04-15T03:27:42","modified_gmt":"2026-04-15T00:27:42","slug":"myart-3-myrina-yayinlari-sanat-dergisi","status":"publish","type":"product","link":"https:\/\/roveyayinevi.com.tr\/index.php\/urun\/myart-3-myrina-yayinlari-sanat-dergisi\/","title":{"rendered":"MYART-3  Myrina Yay\u0131nlar\u0131 Sanat Dergisi"},"content":{"rendered":"<p>\u00dc\u00e7 ayda bir yay\u0131mlanan derginin bu say\u0131s\u0131na, Jale Sancak, Arma\u011fan Can, Emre Okan, Buse Alkan, Burcu Kaya, Dilek \u00d6zalp, Yasemin Uzun, Wontanara, Joyhog (Esra Yaz\u0131c\u0131), Ebru I\u015f\u0131k, Esma Yaz\u0131c\u0131, Adem Ye\u015filyurt, Ufuk Uysal, Selim Tuna, G\u00fclce Alaybek, A. Beyhan \u00d6zdemir, Okyar Atilla, G\u00f6n\u00fcl Ocak, \u00c7a\u011flayan Herg\u00fcl, \u015eahin Yi\u011fit, \u015eerif Ak\u015fit, Cenker Atila, \u00d6zlem \u00c7uhadar, Salih Aydemir, Nazl\u0131 Ay\u00e7a \u00d6zkarahan, Cenk Uras, Metin \u00c7al\u0131\u015fkan, Emine Aydo\u011fdu, \u00d6zcan \u00d6zt\u00fcrk, \u015eehriban Ebem, \u00dcmit Ahmet Duman, Burcu \u00c7anc\u0131 G\u00fcnal, Ercan Seherli, G\u00f6n\u00fcl K\u0131nal\u0131, Elif Burcu \u00d6zkan, \u00d6yk\u00fc I\u015f\u0131l, Semiha Ta\u015f \u00d6zen\u00e7 katk\u0131 sa\u011flam\u0131\u015ft\u0131r. <\/p>\n","protected":false},"excerpt":{"rendered":"<p>\u00dc\u00e7 ayda bir yay\u0131mlanan derginin bu say\u0131s\u0131na, Jale Sancak, Arma\u011fan Can, Emre Okan, Buse Alkan, Burcu Kaya, Dilek \u00d6zalp, Yasemin Uzun, Wontanara, Joyhog (Esra Yaz\u0131c\u0131), Ebru<span class=\"excerpt-hellip\"> [\u2026]<\/span><\/p>\n","protected":false},"featured_media":0,"template":"","meta":{"_monsterinsights_skip_tracking":false,"_monsterinsights_sitenote_active":false,"_monsterinsights_sitenote_note":"","_monsterinsights_sitenote_category":0},"product_brand":[],"product_cat":[13527],"product_tag":[],"class_list":{"0":"post-762657","1":"product","2":"type-product","3":"status-publish","5":"product_cat-sureli-yayinlar","6":"pa_cilt-ciltsiz","7":"pa_tur-dergi","8":"pa_yayinevi-myrina-yayinlari","9":"pa_yazar-kolektif","11":"first","12":"instock","13":"sale","14":"shipping-taxable","15":"purchasable","16":"product-type-simple"},"_links":{"self":[{"href":"https:\/\/roveyayinevi.com.tr\/index.php\/wp-json\/wp\/v2\/product\/762657","targetHints":{"allow":["GET"]}}],"collection":[{"href":"https:\/\/roveyayinevi.com.tr\/index.php\/wp-json\/wp\/v2\/product"}],"about":[{"href":"https:\/\/roveyayinevi.com.tr\/index.php\/wp-json\/wp\/v2\/types\/product"}],"wp:attachment":[{"href":"https:\/\/roveyayinevi.com.tr\/index.php\/wp-json\/wp\/v2\/media?parent=762657"}],"wp:term":[{"taxonomy":"product_brand","embeddable":true,"href":"https:\/\/roveyayinevi.com.tr\/index.php\/wp-json\/wp\/v2\/product_brand?post=762657"},{"taxonomy":"product_cat","embeddable":true,"href":"https:\/\/roveyayinevi.com.tr\/index.php\/wp-json\/wp\/v2\/product_cat?post=762657"},{"taxonomy":"product_tag","embeddable":true,"href":"https:\/\/roveyayinevi.com.tr\/index.php\/wp-json\/wp\/v2\/product_tag?post=762657"}],"curies":[{"name":"wp","href":"https:\/\/api.w.org\/{rel}","templated":true}]}}