{"id":762656,"date":"2025-08-28T10:16:32","date_gmt":"2025-08-28T07:16:32","guid":{"rendered":"https:\/\/roveyayinevi.com.tr\/index.php\/urun\/myart-2-myrina-yayinlari-sanat-dergisi\/"},"modified":"2026-04-15T03:27:42","modified_gmt":"2026-04-15T00:27:42","slug":"myart-2-myrina-yayinlari-sanat-dergisi","status":"publish","type":"product","link":"https:\/\/roveyayinevi.com.tr\/index.php\/urun\/myart-2-myrina-yayinlari-sanat-dergisi\/","title":{"rendered":"MYART-2  Myrina Yay\u0131nlar\u0131 Sanat Dergisi"},"content":{"rendered":"<p>\u00dc\u00e7 ayda bir yay\u0131mlanan derginin bu say\u0131s\u0131na, Haydar Erg\u00fclen, Selami Karabulut, Halim \u015eafak, Nazl\u0131 Ay\u00e7a \u00d6zkarahan, Umut \u00c7etin, Emre Okan, Yaren Koca, Cenker Atila, \u015eebnem At\u0131lgan, G\u00f6khan Eken, James Thurman, Alp Do\u011fu Eser, Cenk Berkant, Umut G\u00fcler, Elif Zengin B\u0131\u00e7akk\u0131ran, A. Beyhan \u00d6zdemir, Mete \u00c7e\u015fmeci, Esma Yaz\u0131c\u0131, G\u00f6n\u00fcl Ocak, Can \u00c7ak\u0131rta\u015f, Aylin Peksert, Asl\u0131han T\u00fcyl\u00fco\u011flu, Fatma Hatun Esen, Fatma Aras, Meltem Tekin, Dorota Piotrowiak, Sinan Kaban, Haktan Alpay, \u00d6zcan \u00d6zt\u00fcrk, Erin\u00e7 B\u00fcy\u00fcka\u015f\u0131k, Burcu Karakelle, Kerem Kacar, Hatice Per\u015fembe Kulako\u011flu, Salih Aydemir, Hasan Kulako\u011flu, \u00d6zg\u00fcr \u015eiir \u00c7etin ve Nehir  Uysal katk\u0131 sa\u011flam\u0131\u015ft\u0131r. <\/p>\n","protected":false},"excerpt":{"rendered":"<p>\u00dc\u00e7 ayda bir yay\u0131mlanan derginin bu say\u0131s\u0131na, Haydar Erg\u00fclen, Selami Karabulut, Halim \u015eafak, Nazl\u0131 Ay\u00e7a \u00d6zkarahan, Umut \u00c7etin, Emre Okan, Yaren Koca, Cenker Atila, \u015eebnem At\u0131lgan,<span class=\"excerpt-hellip\"> [\u2026]<\/span><\/p>\n","protected":false},"featured_media":0,"template":"","meta":{"_monsterinsights_skip_tracking":false,"_monsterinsights_sitenote_active":false,"_monsterinsights_sitenote_note":"","_monsterinsights_sitenote_category":0},"product_brand":[],"product_cat":[13527],"product_tag":[],"class_list":{"0":"post-762656","1":"product","2":"type-product","3":"status-publish","5":"product_cat-sureli-yayinlar","6":"pa_cilt-ciltsiz","7":"pa_tur-dergi","8":"pa_yayinevi-myrina-yayinlari","9":"pa_yazar-kolektif","11":"first","12":"instock","13":"sale","14":"shipping-taxable","15":"purchasable","16":"product-type-simple"},"_links":{"self":[{"href":"https:\/\/roveyayinevi.com.tr\/index.php\/wp-json\/wp\/v2\/product\/762656","targetHints":{"allow":["GET"]}}],"collection":[{"href":"https:\/\/roveyayinevi.com.tr\/index.php\/wp-json\/wp\/v2\/product"}],"about":[{"href":"https:\/\/roveyayinevi.com.tr\/index.php\/wp-json\/wp\/v2\/types\/product"}],"wp:attachment":[{"href":"https:\/\/roveyayinevi.com.tr\/index.php\/wp-json\/wp\/v2\/media?parent=762656"}],"wp:term":[{"taxonomy":"product_brand","embeddable":true,"href":"https:\/\/roveyayinevi.com.tr\/index.php\/wp-json\/wp\/v2\/product_brand?post=762656"},{"taxonomy":"product_cat","embeddable":true,"href":"https:\/\/roveyayinevi.com.tr\/index.php\/wp-json\/wp\/v2\/product_cat?post=762656"},{"taxonomy":"product_tag","embeddable":true,"href":"https:\/\/roveyayinevi.com.tr\/index.php\/wp-json\/wp\/v2\/product_tag?post=762656"}],"curies":[{"name":"wp","href":"https:\/\/api.w.org\/{rel}","templated":true}]}}