{"id":762654,"date":"2025-08-28T10:16:29","date_gmt":"2025-08-28T07:16:29","guid":{"rendered":"https:\/\/roveyayinevi.com.tr\/index.php\/urun\/buyuk-iskender-imparatorlugu\/"},"modified":"2026-04-15T03:27:42","modified_gmt":"2026-04-15T00:27:42","slug":"buyuk-iskender-imparatorlugu","status":"publish","type":"product","link":"https:\/\/roveyayinevi.com.tr\/index.php\/urun\/buyuk-iskender-imparatorlugu\/","title":{"rendered":"Bu\u0308yu\u0308k \u0130skender \u0130mparatorlu\u011fu"},"content":{"rendered":"<p>B\u00fcy\u00fck \u0130skender tarihin en efsanevi \u015fahsiyetlerinden biridir; asker\u00ee seferleri bilinen d\u00fcnyan\u0131n s\u0131n\u0131rlar\u0131n\u0131 geni\u015fletmi\u015ftir ve liderli\u011fi ve taktik becerileri bug\u00fcn halen incelenmekte ve takdir edilmektedir. Bu kitap \u0130skender\u2019in \u00e7ocuklu\u011fundan ve e\u011fitiminden iktidara y\u00fckseli\u015fine, fetihlerine ve nihayetinde \u00f6l\u00fcm\u00fcne kadar hayat\u0131na ve ba\u015far\u0131lar\u0131na h\u0131zl\u0131 ama kapsaml\u0131 bir bak\u0131\u015f sunarken bir yandan da \u00f6l\u00fcm\u00fcnden sonra generallerinin imparatorlu\u011fu payla\u015fmalar\u0131n\u0131 ve ortaya \u00e7\u0131kan bu yeni krall\u0131klar\u0131n Roma taraf\u0131ndan ele ge\u00e7irilene kadar ya\u015fad\u0131klar\u0131n\u0131 ayr\u0131nt\u0131l\u0131 bir \u015fekilde g\u00f6zler \u00f6n\u00fcne sermektedir. T\u00fcm d\u00fcnya, \u0130skender\u2019in ortaya \u00e7\u0131kmas\u0131n\u0131n bir k\u0131r\u0131lma noktas\u0131 olu\u015fturdu\u011funa, tarihte bir evrenin sona erdi\u011fine ve yeni bir d\u00f6nemin ba\u015flad\u0131\u011f\u0131na inanmakta. Kimse \u0130skender\u2019den ve onun fetihlerinden daha \u00f6ncesine gidip tarihe g\u00f6z atmaya, eski krall\u0131klar\u0131 yeniden canland\u0131rmaya kalk\u0131\u015fm\u0131yor. Fetihleri son derece yasal kabul ediliyor, sanki t\u00fcm d\u00fcnya onun kendi mal\u0131ym\u0131\u015f ve vasiyetinde yer almas\u0131 do\u011falm\u0131\u015f gibi d\u00fc\u015f\u00fcn\u00fcl\u00fcyor. Bu y\u00fczden art\u0131k onun \u00fczerinde durmaya ve att\u0131\u011f\u0131 temelleri, d\u00fcnyan\u0131n geli\u015fimi i\u00e7in ne gibi katk\u0131larda bulundu\u011funu incelemeye ba\u015flayabiliriz. <\/p>\n","protected":false},"excerpt":{"rendered":"<p>B\u00fcy\u00fck \u0130skender tarihin en efsanevi \u015fahsiyetlerinden biridir; asker\u00ee seferleri bilinen d\u00fcnyan\u0131n s\u0131n\u0131rlar\u0131n\u0131 geni\u015fletmi\u015ftir ve liderli\u011fi ve taktik becerileri bug\u00fcn halen incelenmekte ve takdir edilmektedir. Bu kitap<span class=\"excerpt-hellip\"> [\u2026]<\/span><\/p>\n","protected":false},"featured_media":0,"template":"","meta":{"_monsterinsights_skip_tracking":false,"_monsterinsights_sitenote_active":false,"_monsterinsights_sitenote_note":"","_monsterinsights_sitenote_category":0},"product_brand":[],"product_cat":[12370,12304],"product_tag":[],"class_list":{"0":"post-762654","1":"product","2":"type-product","3":"status-publish","5":"product_cat-arastirma-inceleme","6":"product_cat-tarih","7":"pa_cilt-ciltsiz","8":"pa_tur-kitap","9":"pa_yayinevi-say-yayinlari","10":"pa_yazar-john-pentland-mahaffy-arthur-gilman","12":"first","13":"instock","14":"sale","15":"shipping-taxable","16":"purchasable","17":"product-type-simple"},"_links":{"self":[{"href":"https:\/\/roveyayinevi.com.tr\/index.php\/wp-json\/wp\/v2\/product\/762654","targetHints":{"allow":["GET"]}}],"collection":[{"href":"https:\/\/roveyayinevi.com.tr\/index.php\/wp-json\/wp\/v2\/product"}],"about":[{"href":"https:\/\/roveyayinevi.com.tr\/index.php\/wp-json\/wp\/v2\/types\/product"}],"wp:attachment":[{"href":"https:\/\/roveyayinevi.com.tr\/index.php\/wp-json\/wp\/v2\/media?parent=762654"}],"wp:term":[{"taxonomy":"product_brand","embeddable":true,"href":"https:\/\/roveyayinevi.com.tr\/index.php\/wp-json\/wp\/v2\/product_brand?post=762654"},{"taxonomy":"product_cat","embeddable":true,"href":"https:\/\/roveyayinevi.com.tr\/index.php\/wp-json\/wp\/v2\/product_cat?post=762654"},{"taxonomy":"product_tag","embeddable":true,"href":"https:\/\/roveyayinevi.com.tr\/index.php\/wp-json\/wp\/v2\/product_tag?post=762654"}],"curies":[{"name":"wp","href":"https:\/\/api.w.org\/{rel}","templated":true}]}}