{"id":762653,"date":"2025-08-28T10:16:28","date_gmt":"2025-08-28T07:16:28","guid":{"rendered":"https:\/\/roveyayinevi.com.tr\/index.php\/urun\/numeroloji\/"},"modified":"2026-04-15T03:27:42","modified_gmt":"2026-04-15T00:27:42","slug":"numeroloji","status":"publish","type":"product","link":"https:\/\/roveyayinevi.com.tr\/index.php\/urun\/numeroloji\/","title":{"rendered":"Numeroloji"},"content":{"rendered":"<p>21 G\u00fcnde Yepyeni Bilgilerle Kendinizi Daha \u0130yi Tan\u0131maya Haz\u0131r m\u0131s\u0131n\u0131z? Ara\u015ft\u0131rmalar, hayat\u0131m\u0131zda yeni olan bir \u015feyin al\u0131\u015fkanl\u0131\u011fa d\u00f6n\u00fc\u015fmesi i\u00e7in 21 g\u00fcne ihtiya\u00e7 duydu\u011fumuzu g\u00f6steriyor. Merak etti\u011finiz alanlarda her g\u00fcn yeni bir bilgi \u00f6\u011frenerek spirit\u00fcel ilgi alanlar\u0131n\u0131z\u0131 geni\u015fletmek istemez misiniz? Belki daha \u00f6nce \u00e7ok da dikkatinizi \u00e7ekmemi\u015fti ancak asl\u0131nda say\u0131lar her yerdedir ve onlar\u0131n bir araya gelmesi, tesad\u00fcf olamayacak anlamlar ta\u015f\u0131r. Say\u0131lar\u0131n d\u00fcnyas\u0131na dalmak, t\u0131pk\u0131 bir yol haritas\u0131n\u0131n daha \u00f6nce gitmedi\u011finiz bir rotada gezinmenize yard\u0131mc\u0131 olmas\u0131 gibi, hayat yolculu\u011funuzu ve benli\u011finizi daha iyi tan\u0131man\u0131z i\u00e7in size a\u00e7\u0131k, basit ve \u00e7ok farkl\u0131 bir anlam haritas\u0131 sunar 21 G\u00fcnde Ustala\u015f Serisi&#8217;nin ilk kitab\u0131 Numeroloji, hayat\u0131n\u0131zdaki say\u0131lar\u0131n ta\u015f\u0131d\u0131\u011f\u0131 mesajlar\u0131 \u00f6\u011frenmeniz, g\u00fc\u00e7l\u00fc ve geli\u015ftirilmesi gereken y\u00f6nlerinizi ke\u015ffetmeniz, ilgi alanlar\u0131n\u0131z\u0131 tan\u0131man\u0131z ve numerolojik kal\u0131plar\u0131n\u0131z ile bolluk, sa\u011fl\u0131k ve genel refah dereceniz aras\u0131ndaki ba\u011flant\u0131y\u0131 ke\u015ffetmeniz i\u00e7in harika bir yol arkada\u015f\u0131.   Vaatlere de\u011fil rehberli\u011fe ihtiyac\u0131m\u0131z var, teorilere de\u011fil \u00f6rneklere ihtiyac\u0131m\u0131z var. \u0130\u015fte bu kitab\u0131n size bunlar\u0131 sunmas\u0131n\u0131 umut ediyorum. David A. Philips <\/p>\n","protected":false},"excerpt":{"rendered":"<p>21 G\u00fcnde Yepyeni Bilgilerle Kendinizi Daha \u0130yi Tan\u0131maya Haz\u0131r m\u0131s\u0131n\u0131z? Ara\u015ft\u0131rmalar, hayat\u0131m\u0131zda yeni olan bir \u015feyin al\u0131\u015fkanl\u0131\u011fa d\u00f6n\u00fc\u015fmesi i\u00e7in 21 g\u00fcne ihtiya\u00e7 duydu\u011fumuzu g\u00f6steriyor. Merak etti\u011finiz<span class=\"excerpt-hellip\"> [\u2026]<\/span><\/p>\n","protected":false},"featured_media":0,"template":"","meta":{"_monsterinsights_skip_tracking":false,"_monsterinsights_sitenote_active":false,"_monsterinsights_sitenote_note":"","_monsterinsights_sitenote_category":0},"product_brand":[],"product_cat":[12364,12376],"product_tag":[],"class_list":{"0":"post-762653","1":"product","2":"type-product","3":"status-publish","5":"product_cat-genel-konular","6":"product_cat-kisisel-gelisim","7":"pa_cilt-ciltsiz","8":"pa_tur-kitap","9":"pa_yayinevi-omega","10":"pa_yazar-david-a-phillips","12":"first","13":"instock","14":"sale","15":"shipping-taxable","16":"purchasable","17":"product-type-simple"},"_links":{"self":[{"href":"https:\/\/roveyayinevi.com.tr\/index.php\/wp-json\/wp\/v2\/product\/762653","targetHints":{"allow":["GET"]}}],"collection":[{"href":"https:\/\/roveyayinevi.com.tr\/index.php\/wp-json\/wp\/v2\/product"}],"about":[{"href":"https:\/\/roveyayinevi.com.tr\/index.php\/wp-json\/wp\/v2\/types\/product"}],"wp:attachment":[{"href":"https:\/\/roveyayinevi.com.tr\/index.php\/wp-json\/wp\/v2\/media?parent=762653"}],"wp:term":[{"taxonomy":"product_brand","embeddable":true,"href":"https:\/\/roveyayinevi.com.tr\/index.php\/wp-json\/wp\/v2\/product_brand?post=762653"},{"taxonomy":"product_cat","embeddable":true,"href":"https:\/\/roveyayinevi.com.tr\/index.php\/wp-json\/wp\/v2\/product_cat?post=762653"},{"taxonomy":"product_tag","embeddable":true,"href":"https:\/\/roveyayinevi.com.tr\/index.php\/wp-json\/wp\/v2\/product_tag?post=762653"}],"curies":[{"name":"wp","href":"https:\/\/api.w.org\/{rel}","templated":true}]}}