{"id":762652,"date":"2025-08-28T10:16:26","date_gmt":"2025-08-28T07:16:26","guid":{"rendered":"https:\/\/roveyayinevi.com.tr\/index.php\/urun\/t-c-anayasasi\/"},"modified":"2026-04-15T03:27:42","modified_gmt":"2026-04-15T00:27:42","slug":"t-c-anayasasi","status":"publish","type":"product","link":"https:\/\/roveyayinevi.com.tr\/index.php\/urun\/t-c-anayasasi\/","title":{"rendered":"T.C. Anayasas\u0131"},"content":{"rendered":"<p>\u00b7  Kavramlar \u2022 Anayasa De\u011fi\u015fikliklerinin Halkoyuna Sunulmas\u0131 Hakk\u0131nda Kanun \u2022 Anayasada Yap\u0131lan De\u011fi\u015fiklikler Listesi \u2022 \u0130nsan Haklar\u0131 Evrensel Bildirgesi \u2022 Avrupa \u0130nsan Haklar\u0131 S\u00f6zle\u015fmesi (11. Protokol ile D\u00fczenlenen Metin) \u2022 Avrupa \u0130nsan Haklar\u0131 S\u00f6zle\u015fmesi (11. ve 14. Protokol ile Yap\u0131lan De\u011fi\u015fiklikler \u0130\u015flenmi\u015f G\u00fcncel Metin) <\/p>\n","protected":false},"excerpt":{"rendered":"<p>\u00b7 Kavramlar \u2022 Anayasa De\u011fi\u015fikliklerinin Halkoyuna Sunulmas\u0131 Hakk\u0131nda Kanun \u2022 Anayasada Yap\u0131lan De\u011fi\u015fiklikler Listesi \u2022 \u0130nsan Haklar\u0131 Evrensel Bildirgesi \u2022 Avrupa \u0130nsan Haklar\u0131 S\u00f6zle\u015fmesi (11. Protokol<span class=\"excerpt-hellip\"> [\u2026]<\/span><\/p>\n","protected":false},"featured_media":0,"template":"","meta":{"_monsterinsights_skip_tracking":false,"_monsterinsights_sitenote_active":false,"_monsterinsights_sitenote_note":"","_monsterinsights_sitenote_category":0},"product_brand":[],"product_cat":[15350,17583],"product_tag":[],"class_list":{"0":"post-762652","1":"product","2":"type-product","3":"status-publish","5":"product_cat-hukuk","6":"product_cat-kanun-ve-uygulama-kitaplari","7":"pa_cilt-ciltsiz","8":"pa_tur-kitap","9":"pa_yayinevi-beta-yayinevi","10":"pa_yazar-kolektif","12":"first","13":"instock","14":"sale","15":"shipping-taxable","16":"purchasable","17":"product-type-simple"},"_links":{"self":[{"href":"https:\/\/roveyayinevi.com.tr\/index.php\/wp-json\/wp\/v2\/product\/762652","targetHints":{"allow":["GET"]}}],"collection":[{"href":"https:\/\/roveyayinevi.com.tr\/index.php\/wp-json\/wp\/v2\/product"}],"about":[{"href":"https:\/\/roveyayinevi.com.tr\/index.php\/wp-json\/wp\/v2\/types\/product"}],"wp:attachment":[{"href":"https:\/\/roveyayinevi.com.tr\/index.php\/wp-json\/wp\/v2\/media?parent=762652"}],"wp:term":[{"taxonomy":"product_brand","embeddable":true,"href":"https:\/\/roveyayinevi.com.tr\/index.php\/wp-json\/wp\/v2\/product_brand?post=762652"},{"taxonomy":"product_cat","embeddable":true,"href":"https:\/\/roveyayinevi.com.tr\/index.php\/wp-json\/wp\/v2\/product_cat?post=762652"},{"taxonomy":"product_tag","embeddable":true,"href":"https:\/\/roveyayinevi.com.tr\/index.php\/wp-json\/wp\/v2\/product_tag?post=762652"}],"curies":[{"name":"wp","href":"https:\/\/api.w.org\/{rel}","templated":true}]}}