{"id":762651,"date":"2025-08-28T10:16:25","date_gmt":"2025-08-28T07:16:25","guid":{"rendered":"https:\/\/roveyayinevi.com.tr\/index.php\/urun\/mitra-varuna\/"},"modified":"2026-04-15T03:27:42","modified_gmt":"2026-04-15T00:27:42","slug":"mitra-varuna","status":"publish","type":"product","link":"https:\/\/roveyayinevi.com.tr\/index.php\/urun\/mitra-varuna\/","title":{"rendered":"Mitra Varuna"},"content":{"rendered":"<p>Hint-Avrupa Uygarl\u0131\u011f\u0131 ve mitoloji uzman\u0131 Dum\u00e9zil, Mitra-Varuna\u2019da y\u00f6netici tanr\u0131 ve kahramanlar\u0131n nas\u0131l hep ikili sunulduklar\u0131na \u0131\u015f\u0131k tutuyor. T\u00fcm Hint-Avrupa din ve sosyal sistemlerinin \u00fc\u00e7 temel \u00fczerine \u2013egemenlik, sava\u015f ve bereket\u2013in\u015fa edildi\u011fi teorisini \u00f6ne s\u00fcren Dum\u00e9zil, Mitra-Varuna\u2019n\u0131n nas\u0131l dini ve siyasi egemenli\u011fi temsil etti\u011fini okura sunuyor. \u015eafak vakti ve G\u00fcne\u015f\u2019le ili\u015fkilendirilen Hint tanr\u0131s\u0131 Mitra ile g\u00f6ky\u00fcz\u00fc, okyanus ve suyla ili\u015fkilendirilen Varuna aras\u0131ndaki ikili ili\u015fkiden yola \u00e7\u0131kan Dum\u00e9zil, Hindistan\u2019dan \u0130rlanda\u2019ya, \u0130ran\u2019dan Eski Almanya\u2019ya kadar uzanan bir co\u011frafyada ikili tanr\u0131 ve kahraman motiflerini g\u00f6steriyor. <\/p>\n","protected":false},"excerpt":{"rendered":"<p>Hint-Avrupa Uygarl\u0131\u011f\u0131 ve mitoloji uzman\u0131 Dum\u00e9zil, Mitra-Varuna\u2019da y\u00f6netici tanr\u0131 ve kahramanlar\u0131n nas\u0131l hep ikili sunulduklar\u0131na \u0131\u015f\u0131k tutuyor. T\u00fcm Hint-Avrupa din ve sosyal sistemlerinin \u00fc\u00e7 temel \u00fczerine<span class=\"excerpt-hellip\"> [\u2026]<\/span><\/p>\n","protected":false},"featured_media":0,"template":"","meta":{"_monsterinsights_skip_tracking":false,"_monsterinsights_sitenote_active":false,"_monsterinsights_sitenote_note":"","_monsterinsights_sitenote_category":0},"product_brand":[],"product_cat":[12718,12858],"product_tag":[],"class_list":{"0":"post-762651","1":"product","2":"type-product","3":"status-publish","5":"product_cat-din","6":"product_cat-mitolojiler","7":"pa_cilt-ciltsiz","8":"pa_tur-kitap","9":"pa_yayinevi-alfa-yayinlari","10":"pa_yazar-georges-dumezil","12":"first","13":"instock","14":"sale","15":"shipping-taxable","16":"purchasable","17":"product-type-simple"},"_links":{"self":[{"href":"https:\/\/roveyayinevi.com.tr\/index.php\/wp-json\/wp\/v2\/product\/762651","targetHints":{"allow":["GET"]}}],"collection":[{"href":"https:\/\/roveyayinevi.com.tr\/index.php\/wp-json\/wp\/v2\/product"}],"about":[{"href":"https:\/\/roveyayinevi.com.tr\/index.php\/wp-json\/wp\/v2\/types\/product"}],"wp:attachment":[{"href":"https:\/\/roveyayinevi.com.tr\/index.php\/wp-json\/wp\/v2\/media?parent=762651"}],"wp:term":[{"taxonomy":"product_brand","embeddable":true,"href":"https:\/\/roveyayinevi.com.tr\/index.php\/wp-json\/wp\/v2\/product_brand?post=762651"},{"taxonomy":"product_cat","embeddable":true,"href":"https:\/\/roveyayinevi.com.tr\/index.php\/wp-json\/wp\/v2\/product_cat?post=762651"},{"taxonomy":"product_tag","embeddable":true,"href":"https:\/\/roveyayinevi.com.tr\/index.php\/wp-json\/wp\/v2\/product_tag?post=762651"}],"curies":[{"name":"wp","href":"https:\/\/api.w.org\/{rel}","templated":true}]}}