{"id":762650,"date":"2025-08-28T10:16:22","date_gmt":"2025-08-28T07:16:22","guid":{"rendered":"https:\/\/roveyayinevi.com.tr\/index.php\/urun\/dostoyevskaya-istasyonu\/"},"modified":"2026-04-12T03:19:53","modified_gmt":"2026-04-12T00:19:53","slug":"dostoyevskaya-istasyonu","status":"publish","type":"product","link":"https:\/\/roveyayinevi.com.tr\/index.php\/urun\/dostoyevskaya-istasyonu\/","title":{"rendered":"Dostoyevskaya \u0130stasyonu"},"content":{"rendered":"<p>\u201cAzizim, yine dalm\u0131\u015fs\u0131n\u0131z?\u201d Fyodor Mihaylovi\u00e7\u2019in sesiyle irkiliyorum. \u201cD\u00fc\u015f\u00fcn\u00fcyordum.\u201d \u201cBu kadar kendi i\u00e7inize g\u00f6m\u00fcld\u00fc\u011f\u00fcn\u00fcze g\u00f6re \u00e7ember tamamlanm\u0131\u015f&#8230;\u201d \u201cNe \u00e7emberi?\u201d \u201cHayat, azizim, hayat\u2026\u201d \u201cHangi hayat?\u201d \u201cNe g\u00fczel s\u00f6ylediniz! Bu d\u00fcnyaya bir de\u011fil bir\u00e7ok hayat ya\u015famaya geliriz. Mesele defteri do\u011fru zamanda ve do\u011fru yerde kapat\u0131p \u00e7emberin d\u0131\u015f\u0131na \u00e7\u0131kabilmek\u2026 Oysa \u00e7o\u011fumuz ayn\u0131 \u00e7emberin i\u00e7inde d\u00f6n\u00fcp dururuz. B\u00f6ylece kendi hayatlar\u0131m\u0131z hapishanelerimiz olur.\u201d   Hayat\u0131n karma\u015fas\u0131 i\u00e7inde kaybolmu\u015f \u201cads\u0131z kahraman\u201d\u0131n kendini y\u0131llar sonra yeniden St. Petersburg\u2019da bulmas\u0131yla ba\u015flayan Dostoyevskaya \u0130stasyonu, Beyaz Geceler\u2019in Nastenka\u2019s\u0131 ve Yeralt\u0131ndan Notlar\u2019\u0131n \u201cyeralt\u0131 adam\u0131\u201dyla ayn\u0131 mek\u00e2nlar\u0131 dola\u015f\u0131p a\u015fk\u0131n izini s\u00fcrerken delili\u011fe s\u00fcr\u00fcklenen bir adam\u0131n hayatta kalma \u00e7abas\u0131n\u0131 anlat\u0131yor.   Cemal Dindar\u2019\u0131n kaleme ald\u0131\u011f\u0131 bu etkileyici hik\u00e2ye, a\u015fk, yaln\u0131zl\u0131k ve bekleyi\u015f \u00fczerine duygusal bir yolculuk\u2026 <\/p>\n","protected":false},"excerpt":{"rendered":"<p>\u201cAzizim, yine dalm\u0131\u015fs\u0131n\u0131z?\u201d Fyodor Mihaylovi\u00e7\u2019in sesiyle irkiliyorum. \u201cD\u00fc\u015f\u00fcn\u00fcyordum.\u201d \u201cBu kadar kendi i\u00e7inize g\u00f6m\u00fcld\u00fc\u011f\u00fcn\u00fcze g\u00f6re \u00e7ember tamamlanm\u0131\u015f&#8230;\u201d \u201cNe \u00e7emberi?\u201d \u201cHayat, azizim, hayat\u2026\u201d \u201cHangi hayat?\u201d \u201cNe g\u00fczel s\u00f6ylediniz!<span class=\"excerpt-hellip\"> [\u2026]<\/span><\/p>\n","protected":false},"featured_media":0,"template":"","meta":{"_monsterinsights_skip_tracking":false,"_monsterinsights_sitenote_active":false,"_monsterinsights_sitenote_note":"","_monsterinsights_sitenote_category":0},"product_brand":[],"product_cat":[12291,12711],"product_tag":[],"class_list":{"0":"post-762650","1":"product","2":"type-product","3":"status-publish","5":"product_cat-edebiyat","6":"product_cat-roman-oyku","7":"pa_cilt-ciltsiz","8":"pa_tur-kitap","9":"pa_yayinevi-alfa-yayinlari","10":"pa_yazar-cemal-dindar","12":"first","13":"instock","14":"sale","15":"shipping-taxable","16":"purchasable","17":"product-type-simple"},"_links":{"self":[{"href":"https:\/\/roveyayinevi.com.tr\/index.php\/wp-json\/wp\/v2\/product\/762650","targetHints":{"allow":["GET"]}}],"collection":[{"href":"https:\/\/roveyayinevi.com.tr\/index.php\/wp-json\/wp\/v2\/product"}],"about":[{"href":"https:\/\/roveyayinevi.com.tr\/index.php\/wp-json\/wp\/v2\/types\/product"}],"wp:attachment":[{"href":"https:\/\/roveyayinevi.com.tr\/index.php\/wp-json\/wp\/v2\/media?parent=762650"}],"wp:term":[{"taxonomy":"product_brand","embeddable":true,"href":"https:\/\/roveyayinevi.com.tr\/index.php\/wp-json\/wp\/v2\/product_brand?post=762650"},{"taxonomy":"product_cat","embeddable":true,"href":"https:\/\/roveyayinevi.com.tr\/index.php\/wp-json\/wp\/v2\/product_cat?post=762650"},{"taxonomy":"product_tag","embeddable":true,"href":"https:\/\/roveyayinevi.com.tr\/index.php\/wp-json\/wp\/v2\/product_tag?post=762650"}],"curies":[{"name":"wp","href":"https:\/\/api.w.org\/{rel}","templated":true}]}}