{"id":762648,"date":"2025-08-28T10:16:19","date_gmt":"2025-08-28T07:16:19","guid":{"rendered":"https:\/\/roveyayinevi.com.tr\/index.php\/urun\/kadehte-raki-beyazi-ciltli\/"},"modified":"2026-04-15T03:27:42","modified_gmt":"2026-04-15T00:27:42","slug":"kadehte-raki-beyazi-ciltli","status":"publish","type":"product","link":"https:\/\/roveyayinevi.com.tr\/index.php\/urun\/kadehte-raki-beyazi-ciltli\/","title":{"rendered":"Kadehte Rak\u0131 Beyaz\u0131 (Ciltli)"},"content":{"rendered":"<p>Gourmand Awards \u00f6d\u00fcll\u00fc i\u00e7ki k\u00fclt\u00fcr\u00fc kitaplar\u0131 Meleklerin Pay\u0131, \u0130mbikten Kadehe ve Malt\u0131n Pe\u015finde ile okurlar\u0131n\u0131 ve takip\u00e7ilerini bamba\u015fka k\u00fclt\u00fcrlerle tan\u0131\u015ft\u0131ran Dr Burkay Adal\u0131\u011f, d\u00f6rd\u00fcnc\u00fc kitab\u0131 KADEHTE RAKI BEYAZI ile milli i\u00e7kimiz hakk\u0131nda titiz ve kapsaml\u0131 bir \u00e7al\u0131\u015fma sunarken T\u00fcrkiye rak\u0131 yaz\u0131n\u0131na yepyeni bir soluk getiriyor. Bu kadim i\u00e7kinin ad\u0131, tad\u0131, ruhu de\u011fi\u015ferek y\u00fcz y\u0131llar boyunca sessiz sedas\u0131z s\u00fcrd\u00fcrd\u00fc\u011f\u00fc yolculu\u011funu; anlat\u0131c\u0131l\u0131\u011f\u0131na ve nitelikli rehberli\u011fine a\u015fina oldu\u011fumuz Dr. Burkay Adal\u0131\u011f anlat\u0131yor. \u00dc\u00e7 y\u0131ll\u0131k ayr\u0131nt\u0131l\u0131 bir ara\u015ft\u0131rman\u0131n sonunda haz\u0131rlanan Kadehte Rak\u0131 Beyaz\u0131, rak\u0131 k\u00fclt\u00fcr\u00fcn\u00fc t\u00fcm y\u00f6nleriyle ve b\u00fct\u00fcnc\u00fcl bir yakla\u015f\u0131mla ele alarak bir ilki ger\u00e7ekle\u015ftiriyor: \u0130lgin\u00e7 anekdotlarla bezeli rak\u0131 tarihiRak\u0131 nedir, ne de\u011fildir? Rak\u0131 nas\u0131l \u00fcretilir?Rak\u0131 \u00fcretiminde kullan\u0131lan \u00fcz\u00fcmlerRak\u0131 tad\u0131m\u0131 nas\u0131l yap\u0131l\u0131r, duyusal de\u011ferlendirmenin p\u00fcf noktalar\u0131\u00dclkemizdeki rak\u0131lar\u0131n teknik \u00f6zellikleri ve se\u00e7ilmi\u015f tad\u0131m notlar\u0131Anasonla d\u00fcnya turuT\u00fcrkiye Rak\u0131 T\u00fcketim Al\u0131\u015fkanl\u0131klar\u0131 ara\u015ft\u0131rmas\u0131Rak\u0131da trendler ve inovasyonGelenekten gelece\u011fe rak\u0131 sofralar\u0131Emine Turay\u2019\u0131n rak\u0131 mezesi tarifleriFatih Akerdem\u2019den rak\u0131 kokteylleriY\u00fczlerce foto\u011frafla zenginle\u015fen ve ku\u015fe ka\u011f\u0131da ciltli olarak haz\u0131rlanan Kadehte Rak\u0131 Beyaz\u0131, i\u00e7kiseverlerin y\u0131llar boyunca dan\u0131\u015faca\u011f\u0131 bir referans eser olarak kitapl\u0131klardaki yerini al\u0131yor.<\/p>\n","protected":false},"excerpt":{"rendered":"<p>Gourmand Awards \u00f6d\u00fcll\u00fc i\u00e7ki k\u00fclt\u00fcr\u00fc kitaplar\u0131 Meleklerin Pay\u0131, \u0130mbikten Kadehe ve Malt\u0131n Pe\u015finde ile okurlar\u0131n\u0131 ve takip\u00e7ilerini bamba\u015fka k\u00fclt\u00fcrlerle tan\u0131\u015ft\u0131ran Dr Burkay Adal\u0131\u011f, d\u00f6rd\u00fcnc\u00fc kitab\u0131 KADEHTE<span class=\"excerpt-hellip\"> [\u2026]<\/span><\/p>\n","protected":false},"featured_media":0,"template":"","meta":{"_monsterinsights_skip_tracking":false,"_monsterinsights_sitenote_active":false,"_monsterinsights_sitenote_note":"","_monsterinsights_sitenote_category":0},"product_brand":[],"product_cat":[12458,12457],"product_tag":[],"class_list":{"0":"post-762648","1":"product","2":"type-product","3":"status-publish","5":"product_cat-turk-mutfagi","6":"product_cat-yemek-kitaplari","7":"pa_cilt-ciltli","8":"pa_tur-kitap","9":"pa_yayinevi-epsilon-yayinlari","10":"pa_yazar-burkay-adalig","12":"first","13":"instock","14":"sale","15":"shipping-taxable","16":"purchasable","17":"product-type-simple"},"_links":{"self":[{"href":"https:\/\/roveyayinevi.com.tr\/index.php\/wp-json\/wp\/v2\/product\/762648","targetHints":{"allow":["GET"]}}],"collection":[{"href":"https:\/\/roveyayinevi.com.tr\/index.php\/wp-json\/wp\/v2\/product"}],"about":[{"href":"https:\/\/roveyayinevi.com.tr\/index.php\/wp-json\/wp\/v2\/types\/product"}],"wp:attachment":[{"href":"https:\/\/roveyayinevi.com.tr\/index.php\/wp-json\/wp\/v2\/media?parent=762648"}],"wp:term":[{"taxonomy":"product_brand","embeddable":true,"href":"https:\/\/roveyayinevi.com.tr\/index.php\/wp-json\/wp\/v2\/product_brand?post=762648"},{"taxonomy":"product_cat","embeddable":true,"href":"https:\/\/roveyayinevi.com.tr\/index.php\/wp-json\/wp\/v2\/product_cat?post=762648"},{"taxonomy":"product_tag","embeddable":true,"href":"https:\/\/roveyayinevi.com.tr\/index.php\/wp-json\/wp\/v2\/product_tag?post=762648"}],"curies":[{"name":"wp","href":"https:\/\/api.w.org\/{rel}","templated":true}]}}