{"id":762647,"date":"2025-08-28T10:16:17","date_gmt":"2025-08-28T07:16:17","guid":{"rendered":"https:\/\/roveyayinevi.com.tr\/index.php\/urun\/modernist-siirin-kuramcilari\/"},"modified":"2026-04-15T03:27:42","modified_gmt":"2026-04-15T00:27:42","slug":"modernist-siirin-kuramcilari","status":"publish","type":"product","link":"https:\/\/roveyayinevi.com.tr\/index.php\/urun\/modernist-siirin-kuramcilari\/","title":{"rendered":"Modernist \u015eiirin Kuramc\u0131lar\u0131"},"content":{"rendered":"<p>Rebecca Beasley\u2019nin kaleme ald\u0131\u011f\u0131 Modernist \u015eiirin Kuramc\u0131lar\u0131: T.S. Eliot, T.E. Hulme, Ezra Pound, modernist \u015fiir teorisinin troykas\u0131 Eliot, Hulme ve Pound\u2019u inceleyen yak\u0131n zamanda yap\u0131lm\u0131\u015f en kapsaml\u0131 \u00e7al\u0131\u015fma. Bu \u00fc\u00e7 b\u00fcy\u00fck \u015fair\/d\u00fc\u015f\u00fcn\u00fcr\u00fcn \u015fiir ve estetik \u00fczerine geli\u015ftirdikleri kuramlar\u0131, \u00f6zg\u00fcn ve m\u00fc\u015fterek noktalar\u0131n\u0131 ele alarak detayland\u0131ran Beasley, Eliot\u2019\u0131n zaman ve mek\u00e2n alg\u0131s\u0131n\u0131, Hulme\u2019un klasik esteti\u011fe d\u00f6n\u00fc\u015f \u00e7a\u011fr\u0131s\u0131n\u0131 ve Pound\u2019un imgecili\u011fini, d\u00f6nemin sosyo-k\u00fclt\u00fcrel ba\u011flam\u0131na yerle\u015ftirerek incelerken okurlara modernist \u015fiirin karma\u015f\u0131k yap\u0131s\u0131n\u0131 anlamada rehberlik ediyor. Beasley, titiz ara\u015ft\u0131rmas\u0131 ve analitik yakla\u015f\u0131m\u0131yla, Eliot, Hulme ve Pound\u2019un \u015fiirsel devrimlerinin izini, eserleri ve d\u00fc\u015f\u00fcnceleri aras\u0131ndaki ba\u011flant\u0131lar\u0131 g\u00f6zler \u00f6n\u00fcne sererek takip ediyor. Modernizmin estetik k\u0131r\u0131lmalar\u0131, teorik altyap\u0131s\u0131 ve \u015fiirsel evrimini anlamak isteyenler i\u00e7in Beasley\u2019nin bu eseri, modernist \u015fiirin inceliklerine dair e\u015fsiz bir perspektif sunuyor. Modernist \u015eiirin Kuramc\u0131lar\u0131, hem akademisyenler hem de edebiyat merakl\u0131lar\u0131 i\u00e7in \u00f6nemli bir ba\u015fvuru kayna\u011f\u0131&#8230; <\/p>\n","protected":false},"excerpt":{"rendered":"<p>Rebecca Beasley\u2019nin kaleme ald\u0131\u011f\u0131 Modernist \u015eiirin Kuramc\u0131lar\u0131: T.S. Eliot, T.E. Hulme, Ezra Pound, modernist \u015fiir teorisinin troykas\u0131 Eliot, Hulme ve Pound\u2019u inceleyen yak\u0131n zamanda yap\u0131lm\u0131\u015f en<span class=\"excerpt-hellip\"> [\u2026]<\/span><\/p>\n","protected":false},"featured_media":0,"template":"","meta":{"_monsterinsights_skip_tracking":false,"_monsterinsights_sitenote_active":false,"_monsterinsights_sitenote_note":"","_monsterinsights_sitenote_category":0},"product_brand":[],"product_cat":[13072,12291],"product_tag":[],"class_list":{"0":"post-762647","1":"product","2":"type-product","3":"status-publish","5":"product_cat-arastirma-inceleme-referans","6":"product_cat-edebiyat","7":"pa_cilt-ciltsiz","8":"pa_tur-kitap","9":"pa_yayinevi-vakifbank-kultur-yayinlari","10":"pa_yazar-rebecca-beasley","12":"first","13":"instock","14":"sale","15":"shipping-taxable","16":"purchasable","17":"product-type-simple"},"_links":{"self":[{"href":"https:\/\/roveyayinevi.com.tr\/index.php\/wp-json\/wp\/v2\/product\/762647","targetHints":{"allow":["GET"]}}],"collection":[{"href":"https:\/\/roveyayinevi.com.tr\/index.php\/wp-json\/wp\/v2\/product"}],"about":[{"href":"https:\/\/roveyayinevi.com.tr\/index.php\/wp-json\/wp\/v2\/types\/product"}],"wp:attachment":[{"href":"https:\/\/roveyayinevi.com.tr\/index.php\/wp-json\/wp\/v2\/media?parent=762647"}],"wp:term":[{"taxonomy":"product_brand","embeddable":true,"href":"https:\/\/roveyayinevi.com.tr\/index.php\/wp-json\/wp\/v2\/product_brand?post=762647"},{"taxonomy":"product_cat","embeddable":true,"href":"https:\/\/roveyayinevi.com.tr\/index.php\/wp-json\/wp\/v2\/product_cat?post=762647"},{"taxonomy":"product_tag","embeddable":true,"href":"https:\/\/roveyayinevi.com.tr\/index.php\/wp-json\/wp\/v2\/product_tag?post=762647"}],"curies":[{"name":"wp","href":"https:\/\/api.w.org\/{rel}","templated":true}]}}