{"id":762646,"date":"2025-08-28T10:16:16","date_gmt":"2025-08-28T07:16:16","guid":{"rendered":"https:\/\/roveyayinevi.com.tr\/index.php\/urun\/kaymakamlik\/"},"modified":"2026-04-15T03:27:42","modified_gmt":"2026-04-15T00:27:42","slug":"kaymakamlik","status":"publish","type":"product","link":"https:\/\/roveyayinevi.com.tr\/index.php\/urun\/kaymakamlik\/","title":{"rendered":"Kaymakaml\u0131k"},"content":{"rendered":"<p>Ta\u015fran\u0131n m\u00fclk\u00ee-idar\u00ee hiyerar\u015fisinde en b\u00fcy\u00fck ikinci idar\u00ee birim olan sancaklar\u0131n y\u00f6netiminden sorumlu tutulan kaymakamlar, 1864 tarihli ilk Vilayet Nizamn\u00e2mesi\u2019ne kadar sancak y\u00f6neticisi olarak \u00fclke \u00e7ap\u0131nda \u00f6nemli g\u00f6revler \u00fcstlenmi\u015f; 1867\u2019den g\u00fcn\u00fcm\u00fcze uzanan h\u00e2liyle kaza (il\u00e7e) biriminin ba\u015f\u0131, merkezin ta\u015fradaki m\u00fclkiye memuru ve temsilcisi olarak varl\u0131\u011f\u0131n\u0131 devam ettiren k\u00f6kl\u00fc y\u00f6neticiler olmu\u015flard\u0131r. Osmanl\u0131-T\u00fcrk \u015fehrinde y\u00fczy\u0131llarca asker\u00ee, ilm\u00ee ve idar\u00ee alanlarda var olup Osmanl\u0131\u2019dan T\u00fcrkiye Cumhuriyeti\u2019ne tevar\u00fcs eden bu kadim m\u00fcessesenin geleneksel y\u00f6netim anlay\u0131\u015f\u0131 i\u00e7erisinde kullan\u0131ld\u0131\u011f\u0131 \u00e7e\u015fitli alanlardan hiyerar\u015fik m\u00fclk\u00ee bir kademe olarak dizayn edildi\u011fi 1842 y\u0131l\u0131na, oradan 1864 y\u0131l\u0131ndaki yeni stat\u00fcs\u00fcne, nihayet Cumhuriyet\u2019e kadar ge\u00e7irdi\u011fi de\u011fi\u015fim ve d\u00f6n\u00fc\u015f\u00fcm s\u00fcre\u00e7lerini detayl\u0131 bi\u00e7imde inceleyen elinizdeki bu kitapta; kaymakaml\u0131\u011f\u0131n tarih\u00ee geli\u015fimi, merkez-\u00e7evre ili\u015fkileri i\u00e7indeki m\u00fclk\u00ee-idar\u00ee fonksiyonu, g\u00f6rev ve sorumluluklar\u0131, idareci ve memurlar\u0131, \u00fcst y\u00f6netim ve halkla ili\u015fkileri, velhas\u0131l akla gelebilecek t\u00fcm sorular\u0131 yan\u0131tlamak, bu y\u00f6n\u00fcyle de idare tarihi ile kamu ve mahalli y\u00f6netim disiplinlerine katk\u0131 sa\u011flamak hedeflenmi\u015ftir. <\/p>\n","protected":false},"excerpt":{"rendered":"<p>Ta\u015fran\u0131n m\u00fclk\u00ee-idar\u00ee hiyerar\u015fisinde en b\u00fcy\u00fck ikinci idar\u00ee birim olan sancaklar\u0131n y\u00f6netiminden sorumlu tutulan kaymakamlar, 1864 tarihli ilk Vilayet Nizamn\u00e2mesi\u2019ne kadar sancak y\u00f6neticisi olarak \u00fclke \u00e7ap\u0131nda \u00f6nemli<span class=\"excerpt-hellip\"> [\u2026]<\/span><\/p>\n","protected":false},"featured_media":0,"template":"","meta":{"_monsterinsights_skip_tracking":false,"_monsterinsights_sitenote_active":false,"_monsterinsights_sitenote_note":"","_monsterinsights_sitenote_category":0},"product_brand":[],"product_cat":[12370,12304],"product_tag":[],"class_list":{"0":"post-762646","1":"product","2":"type-product","3":"status-publish","5":"product_cat-arastirma-inceleme","6":"product_cat-tarih","7":"pa_cilt-ciltsiz","8":"pa_tur-kitap","9":"pa_yayinevi-vakifbank-kultur-yayinlari","10":"pa_yazar-mehmet-gunes","12":"first","13":"instock","14":"sale","15":"shipping-taxable","16":"purchasable","17":"product-type-simple"},"_links":{"self":[{"href":"https:\/\/roveyayinevi.com.tr\/index.php\/wp-json\/wp\/v2\/product\/762646","targetHints":{"allow":["GET"]}}],"collection":[{"href":"https:\/\/roveyayinevi.com.tr\/index.php\/wp-json\/wp\/v2\/product"}],"about":[{"href":"https:\/\/roveyayinevi.com.tr\/index.php\/wp-json\/wp\/v2\/types\/product"}],"wp:attachment":[{"href":"https:\/\/roveyayinevi.com.tr\/index.php\/wp-json\/wp\/v2\/media?parent=762646"}],"wp:term":[{"taxonomy":"product_brand","embeddable":true,"href":"https:\/\/roveyayinevi.com.tr\/index.php\/wp-json\/wp\/v2\/product_brand?post=762646"},{"taxonomy":"product_cat","embeddable":true,"href":"https:\/\/roveyayinevi.com.tr\/index.php\/wp-json\/wp\/v2\/product_cat?post=762646"},{"taxonomy":"product_tag","embeddable":true,"href":"https:\/\/roveyayinevi.com.tr\/index.php\/wp-json\/wp\/v2\/product_tag?post=762646"}],"curies":[{"name":"wp","href":"https:\/\/api.w.org\/{rel}","templated":true}]}}