{"id":762643,"date":"2025-08-28T10:16:09","date_gmt":"2025-08-28T07:16:09","guid":{"rendered":"https:\/\/roveyayinevi.com.tr\/index.php\/urun\/ozgurluk-kadar-sevdim\/"},"modified":"2026-04-15T03:27:42","modified_gmt":"2026-04-15T00:27:42","slug":"ozgurluk-kadar-sevdim","status":"publish","type":"product","link":"https:\/\/roveyayinevi.com.tr\/index.php\/urun\/ozgurluk-kadar-sevdim\/","title":{"rendered":"\u00d6zg\u00fcrl\u00fck Kadar Sevdim"},"content":{"rendered":"<p>K\u0131r \u00e7i\u00e7e\u011fi \u00f6mr\u00fcm\u00fcn g\u00fczel yan\u0131 Sensiz ayd\u0131nl\u0131klar karanl\u0131kt\u0131r bana Kavgalar\u0131m\u0131n yenilmeyen kahraman\u0131 Bak\u0131\u015f\u0131m\u0131n en son noktas\u0131 Uzun gecelerin \u015fafa\u011f\u0131 Bir \u00e7ocu\u011fun ana kuca\u011f\u0131 Topra\u011f\u0131n ya\u011fmura hasreti Mevsimlerin bahar\u0131 Ya\u015fam\u0131n e\u011frilmez do\u011frusu Denizin dokunulmaz incisi   Seni \u00f6zg\u00fcrl\u00fck kadar sevdim \u00d6zg\u00fcrl\u00fck ise tek hasretim <\/p>\n","protected":false},"excerpt":{"rendered":"<p>K\u0131r \u00e7i\u00e7e\u011fi \u00f6mr\u00fcm\u00fcn g\u00fczel yan\u0131 Sensiz ayd\u0131nl\u0131klar karanl\u0131kt\u0131r bana Kavgalar\u0131m\u0131n yenilmeyen kahraman\u0131 Bak\u0131\u015f\u0131m\u0131n en son noktas\u0131 Uzun gecelerin \u015fafa\u011f\u0131 Bir \u00e7ocu\u011fun ana kuca\u011f\u0131 Topra\u011f\u0131n ya\u011fmura hasreti<span class=\"excerpt-hellip\"> [\u2026]<\/span><\/p>\n","protected":false},"featured_media":0,"template":"","meta":{"_monsterinsights_skip_tracking":false,"_monsterinsights_sitenote_active":false,"_monsterinsights_sitenote_note":"","_monsterinsights_sitenote_category":0},"product_brand":[],"product_cat":[12291,12509],"product_tag":[],"class_list":{"0":"post-762643","1":"product","2":"type-product","3":"status-publish","5":"product_cat-edebiyat","6":"product_cat-siir","7":"pa_cilt-ciltsiz","8":"pa_tur-kitap","9":"pa_yayinevi-sinirsiz-kitap","10":"pa_yazar-cemal-altun","12":"first","13":"instock","14":"sale","15":"shipping-taxable","16":"purchasable","17":"product-type-simple"},"_links":{"self":[{"href":"https:\/\/roveyayinevi.com.tr\/index.php\/wp-json\/wp\/v2\/product\/762643","targetHints":{"allow":["GET"]}}],"collection":[{"href":"https:\/\/roveyayinevi.com.tr\/index.php\/wp-json\/wp\/v2\/product"}],"about":[{"href":"https:\/\/roveyayinevi.com.tr\/index.php\/wp-json\/wp\/v2\/types\/product"}],"wp:attachment":[{"href":"https:\/\/roveyayinevi.com.tr\/index.php\/wp-json\/wp\/v2\/media?parent=762643"}],"wp:term":[{"taxonomy":"product_brand","embeddable":true,"href":"https:\/\/roveyayinevi.com.tr\/index.php\/wp-json\/wp\/v2\/product_brand?post=762643"},{"taxonomy":"product_cat","embeddable":true,"href":"https:\/\/roveyayinevi.com.tr\/index.php\/wp-json\/wp\/v2\/product_cat?post=762643"},{"taxonomy":"product_tag","embeddable":true,"href":"https:\/\/roveyayinevi.com.tr\/index.php\/wp-json\/wp\/v2\/product_tag?post=762643"}],"curies":[{"name":"wp","href":"https:\/\/api.w.org\/{rel}","templated":true}]}}