{"id":762640,"date":"2025-08-28T10:16:04","date_gmt":"2025-08-28T07:16:04","guid":{"rendered":"https:\/\/roveyayinevi.com.tr\/index.php\/urun\/sendikalizm-ve-parlamentarizm-arasinda-turkiye-isci-partisi-tarihi\/"},"modified":"2026-04-15T03:27:42","modified_gmt":"2026-04-15T00:27:42","slug":"sendikalizm-ve-parlamentarizm-arasinda-turkiye-isci-partisi-tarihi","status":"publish","type":"product","link":"https:\/\/roveyayinevi.com.tr\/index.php\/urun\/sendikalizm-ve-parlamentarizm-arasinda-turkiye-isci-partisi-tarihi\/","title":{"rendered":"Sendikalizm ve Parlamentarizm Aras\u0131nda T\u00fcrkiye \u0130\u015f\u00e7i Partisi Tarihi"},"content":{"rendered":"<p>Bu kitapta 27 May\u0131s askeri darbesinin ard\u0131ndan y\u00fcr\u00fcrl\u00fc\u011fe giren yeni anayasan\u0131n g\u00fcvencesi alt\u0131nda kurulan ve T\u00fcrkiye\u2019nin siyasi tarihinde kendine \u00f6nemli bir yer edinerek meclise girmeyi ba\u015faran T\u00fcrkiye \u0130\u015f\u00e7i Partisi\u2019nin 1961-1971 y\u0131llar\u0131 aras\u0131ndaki d\u00f6nemi incelenmi\u015ftir. Ayr\u0131ca geni\u015f bir literat\u00fcr taramas\u0131 yap\u0131larak Parti\u2019nin di\u011fer sol-sosyalist olu\u015fumlardan fark\u0131 ortaya konulmu\u015f ve T\u0130P\u2019i ba\u015far\u0131ya g\u00f6t\u00fcren etmenler detayl\u0131 bi\u00e7imde anlat\u0131lm\u0131\u015ft\u0131r. <\/p>\n","protected":false},"excerpt":{"rendered":"<p>Bu kitapta 27 May\u0131s askeri darbesinin ard\u0131ndan y\u00fcr\u00fcrl\u00fc\u011fe giren yeni anayasan\u0131n g\u00fcvencesi alt\u0131nda kurulan ve T\u00fcrkiye\u2019nin siyasi tarihinde kendine \u00f6nemli bir yer edinerek meclise girmeyi ba\u015faran<span class=\"excerpt-hellip\"> [\u2026]<\/span><\/p>\n","protected":false},"featured_media":0,"template":"","meta":{"_monsterinsights_skip_tracking":false,"_monsterinsights_sitenote_active":false,"_monsterinsights_sitenote_note":"","_monsterinsights_sitenote_category":0},"product_brand":[],"product_cat":[12337,14543],"product_tag":[],"class_list":{"0":"post-762640","1":"product","2":"type-product","3":"status-publish","5":"product_cat-politika-siyaset","6":"product_cat-turkiye-siyaseti-ve-politikasi","7":"pa_cilt-ciltsiz","8":"pa_tur-kitap","9":"pa_yayinevi-toz-yayinlari","10":"pa_yazar-gunay-sakarya","12":"first","13":"instock","14":"sale","15":"shipping-taxable","16":"purchasable","17":"product-type-simple"},"_links":{"self":[{"href":"https:\/\/roveyayinevi.com.tr\/index.php\/wp-json\/wp\/v2\/product\/762640","targetHints":{"allow":["GET"]}}],"collection":[{"href":"https:\/\/roveyayinevi.com.tr\/index.php\/wp-json\/wp\/v2\/product"}],"about":[{"href":"https:\/\/roveyayinevi.com.tr\/index.php\/wp-json\/wp\/v2\/types\/product"}],"wp:attachment":[{"href":"https:\/\/roveyayinevi.com.tr\/index.php\/wp-json\/wp\/v2\/media?parent=762640"}],"wp:term":[{"taxonomy":"product_brand","embeddable":true,"href":"https:\/\/roveyayinevi.com.tr\/index.php\/wp-json\/wp\/v2\/product_brand?post=762640"},{"taxonomy":"product_cat","embeddable":true,"href":"https:\/\/roveyayinevi.com.tr\/index.php\/wp-json\/wp\/v2\/product_cat?post=762640"},{"taxonomy":"product_tag","embeddable":true,"href":"https:\/\/roveyayinevi.com.tr\/index.php\/wp-json\/wp\/v2\/product_tag?post=762640"}],"curies":[{"name":"wp","href":"https:\/\/api.w.org\/{rel}","templated":true}]}}