{"id":762639,"date":"2025-08-28T10:16:02","date_gmt":"2025-08-28T07:16:02","guid":{"rendered":"https:\/\/roveyayinevi.com.tr\/index.php\/urun\/adanadan-gelen-mektup\/"},"modified":"2026-04-15T03:27:42","modified_gmt":"2026-04-15T00:27:42","slug":"adanadan-gelen-mektup","status":"publish","type":"product","link":"https:\/\/roveyayinevi.com.tr\/index.php\/urun\/adanadan-gelen-mektup\/","title":{"rendered":"Adana&#8217;dan Gelen Mektup"},"content":{"rendered":"<p>\u201cAdana k\u00f6pr\u00fcba\u015f\u0131&#8230; Adana k\u00f6pr\u00fc ba\u015f\u0131 Otur saraya kar\u015f\u0131&#8230; Otur saraya kar\u015f\u0131&#8230; Gel beraber gezelim. Gel beraber gezelim Dosta d\u00fc\u015fmana kar\u015f\u0131. Dosta d\u00fc\u015fmana kar\u015f\u0131.\u201d Adanal\u0131 arkada\u015f\u0131ndan Adana daveti ald\u0131\u011f\u0131ndan beri Diyar Adana\u2019ya gitme iste\u011fiyle bu t\u00fcrk\u00fcy\u00fc s\u00f6yl\u00fcyor. Ancak annesini bu yolculu\u011fa ikna etmesi hi\u00e7 kolay de\u011fil. Neyse ki babas\u0131 ve anneannesi destekliyor Diyar\u2019\u0131 ve Adana d\u00fc\u015f\u00fc ger\u00e7ek oluyor. Feyza Hep\u00e7ilingirler Adana\u2019dan Gelen Mektup\u2019ta on b\u00fcy\u00fck uygarl\u0131\u011fa ev sahipli\u011fi yapm\u0131\u015f Adana\u2019da harika bir yolculu\u011fa \u00e7a\u011f\u0131r\u0131yor sizi.<\/p>\n","protected":false},"excerpt":{"rendered":"<p>\u201cAdana k\u00f6pr\u00fcba\u015f\u0131&#8230; Adana k\u00f6pr\u00fc ba\u015f\u0131 Otur saraya kar\u015f\u0131&#8230; Otur saraya kar\u015f\u0131&#8230; Gel beraber gezelim. Gel beraber gezelim Dosta d\u00fc\u015fmana kar\u015f\u0131. Dosta d\u00fc\u015fmana kar\u015f\u0131.\u201d Adanal\u0131 arkada\u015f\u0131ndan Adana<span class=\"excerpt-hellip\"> [\u2026]<\/span><\/p>\n","protected":false},"featured_media":0,"template":"","meta":{"_monsterinsights_skip_tracking":false,"_monsterinsights_sitenote_active":false,"_monsterinsights_sitenote_note":"","_monsterinsights_sitenote_category":0},"product_brand":[],"product_cat":[12274,12284],"product_tag":[],"class_list":{"0":"post-762639","1":"product","2":"type-product","3":"status-publish","5":"product_cat-cocuk-ve-genclik-kitaplari","6":"product_cat-hikayeler","7":"pa_cilt-ciltsiz","8":"pa_tur-kitap","9":"pa_yayinevi-kirmizi-kedi-yayinevi","10":"pa_yazar-feyza-hepcilingirler","12":"first","13":"instock","14":"sale","15":"shipping-taxable","16":"purchasable","17":"product-type-simple"},"_links":{"self":[{"href":"https:\/\/roveyayinevi.com.tr\/index.php\/wp-json\/wp\/v2\/product\/762639","targetHints":{"allow":["GET"]}}],"collection":[{"href":"https:\/\/roveyayinevi.com.tr\/index.php\/wp-json\/wp\/v2\/product"}],"about":[{"href":"https:\/\/roveyayinevi.com.tr\/index.php\/wp-json\/wp\/v2\/types\/product"}],"wp:attachment":[{"href":"https:\/\/roveyayinevi.com.tr\/index.php\/wp-json\/wp\/v2\/media?parent=762639"}],"wp:term":[{"taxonomy":"product_brand","embeddable":true,"href":"https:\/\/roveyayinevi.com.tr\/index.php\/wp-json\/wp\/v2\/product_brand?post=762639"},{"taxonomy":"product_cat","embeddable":true,"href":"https:\/\/roveyayinevi.com.tr\/index.php\/wp-json\/wp\/v2\/product_cat?post=762639"},{"taxonomy":"product_tag","embeddable":true,"href":"https:\/\/roveyayinevi.com.tr\/index.php\/wp-json\/wp\/v2\/product_tag?post=762639"}],"curies":[{"name":"wp","href":"https:\/\/api.w.org\/{rel}","templated":true}]}}