{"id":762638,"date":"2025-08-28T10:16:00","date_gmt":"2025-08-28T07:16:00","guid":{"rendered":"https:\/\/roveyayinevi.com.tr\/index.php\/urun\/kilic-kapan\/"},"modified":"2026-04-15T03:27:42","modified_gmt":"2026-04-15T00:27:42","slug":"kilic-kapan","status":"publish","type":"product","link":"https:\/\/roveyayinevi.com.tr\/index.php\/urun\/kilic-kapan\/","title":{"rendered":"K\u0131l\u0131\u00e7 Kapan"},"content":{"rendered":"<p>Castellane&#8217;de, en zengin soylular\u0131n ve en ahlaks\u0131z su\u00e7lular\u0131n ortak bir yan\u0131 vard\u0131r: zenginlik ve g\u00fc\u00e7 aray\u0131\u015f\u0131.   Kel, K\u0131l\u0131\u00e7 Kapan olmak \u00fczere hayat\u0131n\u0131 geride b\u0131rakm\u0131\u015f bir yetimdir ve kraliyet varisi Prens Conor Aurelian&#8217;a ikizi olacak kadar benzemektedir. Prensin yan\u0131nda b\u00fcy\u00fcm\u00fc\u015f, sava\u015f ve devlet y\u00f6netiminin her alan\u0131nda e\u011fitim g\u00f6rm\u00fc\u015ft\u00fcr. Conor\u2019la karde\u015f gibilerdir ancak Kel, kaderinin Conor i\u00e7in \u00f6lmek oldu\u011funu bilmektedir. Onun i\u00e7in ba\u015fka bir gelecek m\u00fcmk\u00fcn de\u011fildir.   Lin Caster, \u00fcyelerinin h\u00e2l\u00e2 sihirli yeteneklere sahip oldu\u011fu k\u00fc\u00e7\u00fck bir toplulu\u011fun \u00fcyesidir. Yasaya g\u00f6re \u015fehrin duvarlar\u0131 arkas\u0131nda ya\u015famak zorundalard\u0131r ancak Lin doktor oldu\u011fu i\u00e7in hasta olan halkla ilgilenmek i\u00e7in \u015fehre girebilir.   Ba\u015far\u0131s\u0131z bir suikast giri\u015fimi Lin ve Kel&#8217;i bir araya getirdikten sonra, su\u00e7lu h\u00fck\u00fcmdar\u0131n a\u011f\u0131na, yani Castellane&#8217;nin yeralt\u0131 d\u00fcnyas\u0131na \u00e7ekilirler.   Uzun s\u00fcredir saklanan s\u0131rlar a\u00e7\u0131\u011fa \u00e7\u0131karken kendilerine \u015fu soruyu sormalar\u0131 gerekir: Bilgi, ihanetin bedeline de\u011fer mi? Yasak a\u015fk bir krall\u0131\u011f\u0131 y\u0131kabilir mi? Ke\u015ffettikleri \u015fey uluslar\u0131n\u0131 sava\u015fa, d\u00fcnyay\u0131 karma\u015faya s\u00fcr\u00fckler mi? <\/p>\n","protected":false},"excerpt":{"rendered":"<p>Castellane&#8217;de, en zengin soylular\u0131n ve en ahlaks\u0131z su\u00e7lular\u0131n ortak bir yan\u0131 vard\u0131r: zenginlik ve g\u00fc\u00e7 aray\u0131\u015f\u0131. Kel, K\u0131l\u0131\u00e7 Kapan olmak \u00fczere hayat\u0131n\u0131 geride b\u0131rakm\u0131\u015f bir yetimdir<span class=\"excerpt-hellip\"> [\u2026]<\/span><\/p>\n","protected":false},"featured_media":0,"template":"","meta":{"_monsterinsights_skip_tracking":false,"_monsterinsights_sitenote_active":false,"_monsterinsights_sitenote_note":"","_monsterinsights_sitenote_category":0},"product_brand":[],"product_cat":[12291,12711],"product_tag":[],"class_list":{"0":"post-762638","1":"product","2":"type-product","3":"status-publish","5":"product_cat-edebiyat","6":"product_cat-roman-oyku","7":"pa_cilt-ciltsiz","8":"pa_tur-kitap","9":"pa_yayinevi-artemis-yayinlari","10":"pa_yazar-cassandra-clare","12":"first","13":"instock","14":"sale","15":"shipping-taxable","16":"purchasable","17":"product-type-simple"},"_links":{"self":[{"href":"https:\/\/roveyayinevi.com.tr\/index.php\/wp-json\/wp\/v2\/product\/762638","targetHints":{"allow":["GET"]}}],"collection":[{"href":"https:\/\/roveyayinevi.com.tr\/index.php\/wp-json\/wp\/v2\/product"}],"about":[{"href":"https:\/\/roveyayinevi.com.tr\/index.php\/wp-json\/wp\/v2\/types\/product"}],"wp:attachment":[{"href":"https:\/\/roveyayinevi.com.tr\/index.php\/wp-json\/wp\/v2\/media?parent=762638"}],"wp:term":[{"taxonomy":"product_brand","embeddable":true,"href":"https:\/\/roveyayinevi.com.tr\/index.php\/wp-json\/wp\/v2\/product_brand?post=762638"},{"taxonomy":"product_cat","embeddable":true,"href":"https:\/\/roveyayinevi.com.tr\/index.php\/wp-json\/wp\/v2\/product_cat?post=762638"},{"taxonomy":"product_tag","embeddable":true,"href":"https:\/\/roveyayinevi.com.tr\/index.php\/wp-json\/wp\/v2\/product_tag?post=762638"}],"curies":[{"name":"wp","href":"https:\/\/api.w.org\/{rel}","templated":true}]}}