{"id":762635,"date":"2025-08-28T10:15:54","date_gmt":"2025-08-28T07:15:54","guid":{"rendered":"https:\/\/roveyayinevi.com.tr\/index.php\/urun\/yasama-ustasi\/"},"modified":"2026-04-15T03:27:42","modified_gmt":"2026-04-15T00:27:42","slug":"yasama-ustasi","status":"publish","type":"product","link":"https:\/\/roveyayinevi.com.tr\/index.php\/urun\/yasama-ustasi\/","title":{"rendered":"Ya\u015fama Ustas\u0131"},"content":{"rendered":"<p>Ya\u015fama Ustas\u0131, daima \u2018hayat\u0131n \u00e7\u0131ra\u011f\u0131\u2019 oldu\u011funu bilir ve her daim diri tutar bu bilinci y\u00fcre\u011finde&#8230; Hayat \u00f6\u011fretmeninin rahlesinde s\u00fcrekli ders g\u00f6ren cismi k\u00fc\u00e7\u00fck, y\u00fcre\u011fi b\u00fcy\u00fck bir \u00f6\u011frencidir. Sadece \u00f6\u011fretmenin s\u00f6zlerinin de\u011fil, g\u00fcl a\u011fac\u0131ndan rahlenin sanatla bezeli k\u0131vr\u0131mlar\u0131n\u0131n da, rahlenin \u00fcst\u00fcnde durdu\u011fu o muhte\u015fem el dokumas\u0131 hal\u0131n\u0131n nak\u0131\u015flar\u0131n\u0131n da, ayn\u0131 dersi alan canl\u0131-cans\u0131z t\u00fcm arkada\u015flar\u0131n\u0131n da bu dersin bir par\u00e7as\u0131 oldu\u011funu bilir. Bir \u00e7\u0131ra\u011f\u0131n m\u00fctevaz\u0131l\u0131\u011f\u0131yla, bir bilgenin erdemini pi\u015firir<\/p>\n","protected":false},"excerpt":{"rendered":"<p>Ya\u015fama Ustas\u0131, daima \u2018hayat\u0131n \u00e7\u0131ra\u011f\u0131\u2019 oldu\u011funu bilir ve her daim diri tutar bu bilinci y\u00fcre\u011finde&#8230; Hayat \u00f6\u011fretmeninin rahlesinde s\u00fcrekli ders g\u00f6ren cismi k\u00fc\u00e7\u00fck, y\u00fcre\u011fi b\u00fcy\u00fck bir<span class=\"excerpt-hellip\"> [\u2026]<\/span><\/p>\n","protected":false},"featured_media":0,"template":"","meta":{"_monsterinsights_skip_tracking":false,"_monsterinsights_sitenote_active":false,"_monsterinsights_sitenote_note":"","_monsterinsights_sitenote_category":0},"product_brand":[],"product_cat":[12777,12291],"product_tag":[],"class_list":{"0":"post-762635","1":"product","2":"type-product","3":"status-publish","5":"product_cat-deneme","6":"product_cat-edebiyat","7":"pa_cilt-ciltsiz","8":"pa_tur-kitap","9":"pa_yayinevi-yediveren-yayinlari","10":"pa_yazar-yusuf-ozkan-ozburun","12":"first","13":"instock","14":"sale","15":"shipping-taxable","16":"purchasable","17":"product-type-simple"},"_links":{"self":[{"href":"https:\/\/roveyayinevi.com.tr\/index.php\/wp-json\/wp\/v2\/product\/762635","targetHints":{"allow":["GET"]}}],"collection":[{"href":"https:\/\/roveyayinevi.com.tr\/index.php\/wp-json\/wp\/v2\/product"}],"about":[{"href":"https:\/\/roveyayinevi.com.tr\/index.php\/wp-json\/wp\/v2\/types\/product"}],"wp:attachment":[{"href":"https:\/\/roveyayinevi.com.tr\/index.php\/wp-json\/wp\/v2\/media?parent=762635"}],"wp:term":[{"taxonomy":"product_brand","embeddable":true,"href":"https:\/\/roveyayinevi.com.tr\/index.php\/wp-json\/wp\/v2\/product_brand?post=762635"},{"taxonomy":"product_cat","embeddable":true,"href":"https:\/\/roveyayinevi.com.tr\/index.php\/wp-json\/wp\/v2\/product_cat?post=762635"},{"taxonomy":"product_tag","embeddable":true,"href":"https:\/\/roveyayinevi.com.tr\/index.php\/wp-json\/wp\/v2\/product_tag?post=762635"}],"curies":[{"name":"wp","href":"https:\/\/api.w.org\/{rel}","templated":true}]}}