{"id":762629,"date":"2025-08-28T10:15:37","date_gmt":"2025-08-28T07:15:37","guid":{"rendered":"https:\/\/roveyayinevi.com.tr\/index.php\/urun\/anime-chibi-parlak-fikirler-neon-cikartmali-boyama-kitabi\/"},"modified":"2026-04-15T03:27:42","modified_gmt":"2026-04-15T00:27:42","slug":"anime-chibi-parlak-fikirler-neon-cikartmali-boyama-kitabi","status":"publish","type":"product","link":"https:\/\/roveyayinevi.com.tr\/index.php\/urun\/anime-chibi-parlak-fikirler-neon-cikartmali-boyama-kitabi\/","title":{"rendered":"Anime Chibi &#8211; Parlak Fikirler Neon \u00c7\u0131kartmal\u0131 Boyama Kitab\u0131"},"content":{"rendered":"<p>\u00c7\u0131lg\u0131n hayallerin pe\u015finden gidenler en parlak fikirlere ula\u015f\u0131r! Renkli kalemlerini kap ve en sevdi\u011fin kahramanlarla hayallere dal! Boyama sayfalar\u0131n\u0131 yepyeni fikirlerle renklendir, neon renkli \u00e7\u0131kartmalarla s\u00fcsle. Her sayfada farkl\u0131 bir d\u00fcnya yarat!<\/p>\n","protected":false},"excerpt":{"rendered":"<p>\u00c7\u0131lg\u0131n hayallerin pe\u015finden gidenler en parlak fikirlere ula\u015f\u0131r! Renkli kalemlerini kap ve en sevdi\u011fin kahramanlarla hayallere dal! Boyama sayfalar\u0131n\u0131 yepyeni fikirlerle renklendir, neon renkli \u00e7\u0131kartmalarla s\u00fcsle.<span class=\"excerpt-hellip\"> [\u2026]<\/span><\/p>\n","protected":false},"featured_media":0,"template":"","meta":{"_monsterinsights_skip_tracking":false,"_monsterinsights_sitenote_active":false,"_monsterinsights_sitenote_note":"","_monsterinsights_sitenote_category":0},"product_brand":[],"product_cat":[12644,12274],"product_tag":[],"class_list":{"0":"post-762629","1":"product","2":"type-product","3":"status-publish","5":"product_cat-boyama-kitaplari","6":"product_cat-cocuk-ve-genclik-kitaplari","7":"pa_cilt-ciltsiz","8":"pa_tur-kitap","9":"pa_yayinevi-dogan-cocuk","10":"pa_yazar-kolektif","12":"first","13":"instock","14":"sale","15":"shipping-taxable","16":"purchasable","17":"product-type-simple"},"_links":{"self":[{"href":"https:\/\/roveyayinevi.com.tr\/index.php\/wp-json\/wp\/v2\/product\/762629","targetHints":{"allow":["GET"]}}],"collection":[{"href":"https:\/\/roveyayinevi.com.tr\/index.php\/wp-json\/wp\/v2\/product"}],"about":[{"href":"https:\/\/roveyayinevi.com.tr\/index.php\/wp-json\/wp\/v2\/types\/product"}],"wp:attachment":[{"href":"https:\/\/roveyayinevi.com.tr\/index.php\/wp-json\/wp\/v2\/media?parent=762629"}],"wp:term":[{"taxonomy":"product_brand","embeddable":true,"href":"https:\/\/roveyayinevi.com.tr\/index.php\/wp-json\/wp\/v2\/product_brand?post=762629"},{"taxonomy":"product_cat","embeddable":true,"href":"https:\/\/roveyayinevi.com.tr\/index.php\/wp-json\/wp\/v2\/product_cat?post=762629"},{"taxonomy":"product_tag","embeddable":true,"href":"https:\/\/roveyayinevi.com.tr\/index.php\/wp-json\/wp\/v2\/product_tag?post=762629"}],"curies":[{"name":"wp","href":"https:\/\/api.w.org\/{rel}","templated":true}]}}