{"id":762621,"date":"2025-08-28T10:15:23","date_gmt":"2025-08-28T07:15:23","guid":{"rendered":"https:\/\/roveyayinevi.com.tr\/index.php\/urun\/guc-mucadelesinde-turkiye\/"},"modified":"2026-04-15T03:27:42","modified_gmt":"2026-04-15T00:27:42","slug":"guc-mucadelesinde-turkiye","status":"publish","type":"product","link":"https:\/\/roveyayinevi.com.tr\/index.php\/urun\/guc-mucadelesinde-turkiye\/","title":{"rendered":"G\u00fc\u00e7 M\u00fccadelesinde T\u00fcrkiye"},"content":{"rendered":"<p>T\u00fcrkiye bir B\u00f6lgesel G\u00fc\u00e7 m\u00fc veya B\u00fcy\u00fck G\u00fc\u00e7 m\u00fcd\u00fcr? Ya da T\u00fcrkiye B\u00f6lgesel G\u00fc\u00e7 veya B\u00fcy\u00fck G\u00fc\u00e7 olmal\u0131 m\u0131d\u0131r? Son d\u00f6nemlerdeki b\u00f6lgesel ve k\u00fcresel geli\u015fmeler ve bu geli\u015fmelerin g\u00f6lgesinde T\u00fcrkiye\u2019nin hamleleri bu sorular\u0131 akla getirmektedir. T\u00fcrkiye, \u00f6zellikle So\u011fuk Sava\u015f sonras\u0131 de\u011fi\u015fen d\u00fcnya ko\u015fullar\u0131n\u0131n da etkisiyle 21\u2019inci y\u00fczy\u0131la b\u00f6lgesinde etkin ve g\u00fc\u00e7l\u00fc olma iddias\u0131yla girdi. \u00d6zellikle milli menfaatlerin uzand\u0131\u011f\u0131 alanlarda b\u00f6lgesel g\u00fc\u00e7 olma yolunu se\u00e7ti. Bu noktada do\u011fal olarak \u00fclkenin sahip oldu\u011fu g\u00fc\u00e7 bile\u015fenlerinin b\u00f6lgesel g\u00fc\u00e7 olmak i\u00e7in yeterli olup olmad\u0131\u011f\u0131 hayati bir soru olarak ortaya \u00e7\u0131kmaktad\u0131r. Zaman\u0131nda b\u00fcy\u00fck g\u00fc\u00e7 hatta k\u00fcresel bir g\u00fc\u00e7 olan Osmanl\u0131 \u0130mparatorlu\u011fu\u2019nun g\u00fc\u00e7ten d\u00fc\u015fmesiyle birlikte bir ulus devlet olarak kurulan T\u00fcrkiye Cumhuriyeti kurulu\u015f y\u0131llar\u0131ndan itibaren b\u00f6lgesinde bar\u0131\u015f\u0131 ve istikrar\u0131 hem te\u015fvik etmi\u015f hem de garantisi olmu\u015ftur.<\/p>\n","protected":false},"excerpt":{"rendered":"<p>T\u00fcrkiye bir B\u00f6lgesel G\u00fc\u00e7 m\u00fc veya B\u00fcy\u00fck G\u00fc\u00e7 m\u00fcd\u00fcr? Ya da T\u00fcrkiye B\u00f6lgesel G\u00fc\u00e7 veya B\u00fcy\u00fck G\u00fc\u00e7 olmal\u0131 m\u0131d\u0131r? Son d\u00f6nemlerdeki b\u00f6lgesel ve k\u00fcresel geli\u015fmeler ve<span class=\"excerpt-hellip\"> [\u2026]<\/span><\/p>\n","protected":false},"featured_media":0,"template":"","meta":{"_monsterinsights_skip_tracking":false,"_monsterinsights_sitenote_active":false,"_monsterinsights_sitenote_note":"","_monsterinsights_sitenote_category":0},"product_brand":[],"product_cat":[13590,12337],"product_tag":[],"class_list":{"0":"post-762621","1":"product","2":"type-product","3":"status-publish","5":"product_cat-arastirma-inceleme-politika-siyaset","6":"product_cat-politika-siyaset","7":"pa_cilt-ciltsiz","8":"pa_tur-kitap","9":"pa_yayinevi-kirmizi-kedi-yayinevi","10":"pa_yazar-abidin-unal","12":"first","13":"instock","14":"sale","15":"shipping-taxable","16":"purchasable","17":"product-type-simple"},"_links":{"self":[{"href":"https:\/\/roveyayinevi.com.tr\/index.php\/wp-json\/wp\/v2\/product\/762621","targetHints":{"allow":["GET"]}}],"collection":[{"href":"https:\/\/roveyayinevi.com.tr\/index.php\/wp-json\/wp\/v2\/product"}],"about":[{"href":"https:\/\/roveyayinevi.com.tr\/index.php\/wp-json\/wp\/v2\/types\/product"}],"wp:attachment":[{"href":"https:\/\/roveyayinevi.com.tr\/index.php\/wp-json\/wp\/v2\/media?parent=762621"}],"wp:term":[{"taxonomy":"product_brand","embeddable":true,"href":"https:\/\/roveyayinevi.com.tr\/index.php\/wp-json\/wp\/v2\/product_brand?post=762621"},{"taxonomy":"product_cat","embeddable":true,"href":"https:\/\/roveyayinevi.com.tr\/index.php\/wp-json\/wp\/v2\/product_cat?post=762621"},{"taxonomy":"product_tag","embeddable":true,"href":"https:\/\/roveyayinevi.com.tr\/index.php\/wp-json\/wp\/v2\/product_tag?post=762621"}],"curies":[{"name":"wp","href":"https:\/\/api.w.org\/{rel}","templated":true}]}}