{"id":762619,"date":"2025-08-28T10:15:20","date_gmt":"2025-08-28T07:15:20","guid":{"rendered":"https:\/\/roveyayinevi.com.tr\/index.php\/urun\/yasadiklarimin-cigligi-korkusuzlar\/"},"modified":"2026-04-15T03:27:41","modified_gmt":"2026-04-15T00:27:41","slug":"yasadiklarimin-cigligi-korkusuzlar","status":"publish","type":"product","link":"https:\/\/roveyayinevi.com.tr\/index.php\/urun\/yasadiklarimin-cigligi-korkusuzlar\/","title":{"rendered":"Ya\u015fad\u0131klar\u0131m\u0131n \u00c7\u0131\u011fl\u0131\u011f\u0131 Korkusuzlar"},"content":{"rendered":"<p>\u201cBu sat\u0131rlar\u0131 yazarken m\u00fczmin hastal\u0131\u011f\u0131m akci\u011fer yetmezli\u011fi nedeniyle hastanedeyim. Durumumun olduk\u00e7a kritik oldu\u011funun bilincindeyim. Bu s\u00fcreci atlatabilir miyim, bilmiyorum. Atlatamazsam, t\u00fcm dostlara selam olsun!Bu kitab\u0131 da onlara emanet ediyorum. Ya\u015fad\u0131klar\u0131m\u0131n bir \u00e7\u0131\u011fl\u0131\u011f\u0131 olarak kabul edilsin!Son s\u00f6z\u00fcm, vatan sa\u011f olsun! T\u00fcrk milleti sonsuza kadar var olsun!\u201d15 Temmuz\u2019un ger\u00e7ek kahramanlar\u0131ndan G\u00fcven \u015ea\u011fban Ya\u015fad\u0131klar\u0131m\u0131n \u00c7\u0131\u011fl\u0131\u011f\u0131 \u2013 Korkusuzlar\u2019da, o me\u015fum geceyi ve sonras\u0131nda ya\u015fad\u0131klar\u0131n\u0131, bir ba\u015fka deyi\u015fle ate\u015fi  ve ihaneti anlat\u0131yor.<\/p>\n","protected":false},"excerpt":{"rendered":"<p>\u201cBu sat\u0131rlar\u0131 yazarken m\u00fczmin hastal\u0131\u011f\u0131m akci\u011fer yetmezli\u011fi nedeniyle hastanedeyim. Durumumun olduk\u00e7a kritik oldu\u011funun bilincindeyim. Bu s\u00fcreci atlatabilir miyim, bilmiyorum. Atlatamazsam, t\u00fcm dostlara selam olsun!Bu kitab\u0131 da<span class=\"excerpt-hellip\"> [\u2026]<\/span><\/p>\n","protected":false},"featured_media":0,"template":"","meta":{"_monsterinsights_skip_tracking":false,"_monsterinsights_sitenote_active":false,"_monsterinsights_sitenote_note":"","_monsterinsights_sitenote_category":0},"product_brand":[],"product_cat":[13590,12337],"product_tag":[],"class_list":{"0":"post-762619","1":"product","2":"type-product","3":"status-publish","5":"product_cat-arastirma-inceleme-politika-siyaset","6":"product_cat-politika-siyaset","7":"pa_cilt-ciltsiz","8":"pa_tur-kitap","9":"pa_yayinevi-kirmizi-kedi-yayinevi","10":"pa_yazar-guven-sagban","12":"first","13":"instock","14":"sale","15":"shipping-taxable","16":"purchasable","17":"product-type-simple"},"_links":{"self":[{"href":"https:\/\/roveyayinevi.com.tr\/index.php\/wp-json\/wp\/v2\/product\/762619","targetHints":{"allow":["GET"]}}],"collection":[{"href":"https:\/\/roveyayinevi.com.tr\/index.php\/wp-json\/wp\/v2\/product"}],"about":[{"href":"https:\/\/roveyayinevi.com.tr\/index.php\/wp-json\/wp\/v2\/types\/product"}],"wp:attachment":[{"href":"https:\/\/roveyayinevi.com.tr\/index.php\/wp-json\/wp\/v2\/media?parent=762619"}],"wp:term":[{"taxonomy":"product_brand","embeddable":true,"href":"https:\/\/roveyayinevi.com.tr\/index.php\/wp-json\/wp\/v2\/product_brand?post=762619"},{"taxonomy":"product_cat","embeddable":true,"href":"https:\/\/roveyayinevi.com.tr\/index.php\/wp-json\/wp\/v2\/product_cat?post=762619"},{"taxonomy":"product_tag","embeddable":true,"href":"https:\/\/roveyayinevi.com.tr\/index.php\/wp-json\/wp\/v2\/product_tag?post=762619"}],"curies":[{"name":"wp","href":"https:\/\/api.w.org\/{rel}","templated":true}]}}