{"id":762618,"date":"2025-08-28T10:15:18","date_gmt":"2025-08-28T07:15:18","guid":{"rendered":"https:\/\/roveyayinevi.com.tr\/index.php\/urun\/cikmaz-maeve-kerrigan-10\/"},"modified":"2025-08-29T17:15:33","modified_gmt":"2025-08-29T14:15:33","slug":"cikmaz-maeve-kerrigan-10","status":"publish","type":"product","link":"https:\/\/roveyayinevi.com.tr\/index.php\/urun\/cikmaz-maeve-kerrigan-10\/","title":{"rendered":"\u00c7\u0131kmaz (Maeve Kerrigan #10)"},"content":{"rendered":"<p>KAPALI KAPILARIN ARDINDA AZILI B\u0130R SU\u00c7LU G\u0130ZL\u0130 Jellicoe \u00c7\u0131kmaz\u0131 ilk bak\u0131\u015fta mu\u0308kemmel bir banliy\u00f6 soka\u011f\u0131 gibi g\u00f6ru\u0308nu\u0308yordu. Bak\u0131ml\u0131 evler, \u00f6zenle kesilmi\u015f \u00e7imler, bah\u00e7e \u00e7itlerinin u\u0308stu\u0308nden sohbet eden kom\u015fular, birlikte oynayan \u00e7ocuklar\u2026 Ancak o masum g\u00f6ru\u0308nu\u0308\u015flu\u0308 \u00f6n kap\u0131lar\u0131n ard\u0131nda karanl\u0131k s\u0131rlar gizliydi. Ve o evlerden birinde hi\u00e7bir \u015feyden \u00e7ekinmeyen ac\u0131mas\u0131z bir su\u00e7lu ya\u015f\u0131yordu. Su\u00e7lular\u0131n maskesini indirme g\u00f6revi ise Maeve Kerrigan ve Josh Derwent\u2019a verilmi\u015fti. K\u0131l\u0131k de\u011fi\u015ftirecek ve a\u015fk sarho\u015fu bir \u00e7ift rolu\u0308nde bir su\u0308re Jellicoe \u00c7\u0131kmaz\u0131\u2019nda ya\u015fayacaklard\u0131. \u0130kili ihtiya\u00e7 duyduklar\u0131 kan\u0131tlar\u0131 toplamaya \u00e7al\u0131\u015f\u0131rken as\u0131l tehlike hi\u00e7 ummad\u0131klar\u0131 bir yerden gelecekti. Zira Jellicoe \u00c7\u0131kmaz\u0131\u2019nda birileri cinayet i\u015flemeye \u00e7ok kararl\u0131yd\u0131. Maeve\u2019in bu davada ba\u015far\u0131l\u0131 olabilmesi i\u00e7in, mesleki ili\u015fkileri ile ki\u015fisel ya\u015fam\u0131 aras\u0131ndaki a\u015fmamas\u0131 gereken o \u00e7izgi gitgide bulan\u0131kla\u015f\u0131yordu. <\/p>\n","protected":false},"excerpt":{"rendered":"<p>KAPALI KAPILARIN ARDINDA AZILI B\u0130R SU\u00c7LU G\u0130ZL\u0130 Jellicoe \u00c7\u0131kmaz\u0131 ilk bak\u0131\u015fta mu\u0308kemmel bir banliy\u00f6 soka\u011f\u0131 gibi g\u00f6ru\u0308nu\u0308yordu. Bak\u0131ml\u0131 evler, \u00f6zenle kesilmi\u015f \u00e7imler, bah\u00e7e \u00e7itlerinin u\u0308stu\u0308nden sohbet<span class=\"excerpt-hellip\"> [\u2026]<\/span><\/p>\n","protected":false},"featured_media":0,"template":"","meta":{"_monsterinsights_skip_tracking":false,"_monsterinsights_sitenote_active":false,"_monsterinsights_sitenote_note":"","_monsterinsights_sitenote_category":0},"product_brand":[],"product_cat":[12291,15445],"product_tag":[],"class_list":{"0":"post-762618","1":"product","2":"type-product","3":"status-publish","5":"product_cat-edebiyat","6":"product_cat-polisiye","7":"pa_cilt-ciltsiz","8":"pa_tur-kitap","9":"pa_yayinevi-olimpos-yayinlari","10":"pa_yazar-jane-casey","12":"first","13":"instock","14":"sale","15":"shipping-taxable","16":"purchasable","17":"product-type-simple"},"_links":{"self":[{"href":"https:\/\/roveyayinevi.com.tr\/index.php\/wp-json\/wp\/v2\/product\/762618","targetHints":{"allow":["GET"]}}],"collection":[{"href":"https:\/\/roveyayinevi.com.tr\/index.php\/wp-json\/wp\/v2\/product"}],"about":[{"href":"https:\/\/roveyayinevi.com.tr\/index.php\/wp-json\/wp\/v2\/types\/product"}],"wp:attachment":[{"href":"https:\/\/roveyayinevi.com.tr\/index.php\/wp-json\/wp\/v2\/media?parent=762618"}],"wp:term":[{"taxonomy":"product_brand","embeddable":true,"href":"https:\/\/roveyayinevi.com.tr\/index.php\/wp-json\/wp\/v2\/product_brand?post=762618"},{"taxonomy":"product_cat","embeddable":true,"href":"https:\/\/roveyayinevi.com.tr\/index.php\/wp-json\/wp\/v2\/product_cat?post=762618"},{"taxonomy":"product_tag","embeddable":true,"href":"https:\/\/roveyayinevi.com.tr\/index.php\/wp-json\/wp\/v2\/product_tag?post=762618"}],"curies":[{"name":"wp","href":"https:\/\/api.w.org\/{rel}","templated":true}]}}