{"id":762612,"date":"2025-08-28T10:15:07","date_gmt":"2025-08-28T07:15:07","guid":{"rendered":"https:\/\/roveyayinevi.com.tr\/index.php\/urun\/1794-koprulerin-arasindaki-sehir\/"},"modified":"2026-04-15T03:27:41","modified_gmt":"2026-04-15T00:27:41","slug":"1794-koprulerin-arasindaki-sehir","status":"publish","type":"product","link":"https:\/\/roveyayinevi.com.tr\/index.php\/urun\/1794-koprulerin-arasindaki-sehir\/","title":{"rendered":"1794 K\u00f6pr\u00fclerin Aras\u0131ndaki \u015eehir"},"content":{"rendered":"<p>\u0130nsan insan\u0131n kurdudur&#8230;   Stockholm, 1794: Bir hastane odas\u0131nda yatan Erik Tre Rosor y\u00fcre\u011findeki su\u00e7luluk duygusunun a\u011f\u0131rl\u0131\u011f\u0131yla, d\u00fc\u011f\u00fcn gecesi \u00f6len kar\u0131s\u0131yla olan an\u0131lar\u0131n\u0131 yazmaya ba\u015flar.   \u00d6len gen\u00e7 kad\u0131n\u0131n annesi de yas tutmaktad\u0131r ve adalet aray\u0131\u015f\u0131nda yan\u0131nda sadece tek kollu bek\u00e7i Jean Mickel Cardell vard\u0131r. Ancak tek kollu bek\u00e7inin pe\u015fine ba\u015fkalar\u0131 da d\u00fc\u015fer.   D\u00e2hi avukat ve dedektif Cecil Winge\u2019nin karde\u015fi Emil de abisinin cepsaatini bulma umuduyla Cardell&#8217;in yan\u0131na gider. Ancak tek kollu bek\u00e7i, Tre Rosor malik\u00e2nesinde olanlar\u0131 ara\u015ft\u0131rmak i\u00e7in onu ikna edince ikili kendilerini soluksuz bir maceran\u0131n i\u00e7inde bulur. <\/p>\n","protected":false},"excerpt":{"rendered":"<p>\u0130nsan insan\u0131n kurdudur&#8230; Stockholm, 1794: Bir hastane odas\u0131nda yatan Erik Tre Rosor y\u00fcre\u011findeki su\u00e7luluk duygusunun a\u011f\u0131rl\u0131\u011f\u0131yla, d\u00fc\u011f\u00fcn gecesi \u00f6len kar\u0131s\u0131yla olan an\u0131lar\u0131n\u0131 yazmaya ba\u015flar. \u00d6len gen\u00e7<span class=\"excerpt-hellip\"> [\u2026]<\/span><\/p>\n","protected":false},"featured_media":0,"template":"","meta":{"_monsterinsights_skip_tracking":false,"_monsterinsights_sitenote_active":false,"_monsterinsights_sitenote_note":"","_monsterinsights_sitenote_category":0},"product_brand":[],"product_cat":[12291,15445],"product_tag":[],"class_list":{"0":"post-762612","1":"product","2":"type-product","3":"status-publish","5":"product_cat-edebiyat","6":"product_cat-polisiye","7":"pa_cilt-ciltsiz","8":"pa_tur-kitap","9":"pa_yayinevi-dogan-kitap","10":"pa_yazar-niklas-natt-och-dag","12":"first","13":"instock","14":"sale","15":"shipping-taxable","16":"purchasable","17":"product-type-simple"},"_links":{"self":[{"href":"https:\/\/roveyayinevi.com.tr\/index.php\/wp-json\/wp\/v2\/product\/762612","targetHints":{"allow":["GET"]}}],"collection":[{"href":"https:\/\/roveyayinevi.com.tr\/index.php\/wp-json\/wp\/v2\/product"}],"about":[{"href":"https:\/\/roveyayinevi.com.tr\/index.php\/wp-json\/wp\/v2\/types\/product"}],"wp:attachment":[{"href":"https:\/\/roveyayinevi.com.tr\/index.php\/wp-json\/wp\/v2\/media?parent=762612"}],"wp:term":[{"taxonomy":"product_brand","embeddable":true,"href":"https:\/\/roveyayinevi.com.tr\/index.php\/wp-json\/wp\/v2\/product_brand?post=762612"},{"taxonomy":"product_cat","embeddable":true,"href":"https:\/\/roveyayinevi.com.tr\/index.php\/wp-json\/wp\/v2\/product_cat?post=762612"},{"taxonomy":"product_tag","embeddable":true,"href":"https:\/\/roveyayinevi.com.tr\/index.php\/wp-json\/wp\/v2\/product_tag?post=762612"}],"curies":[{"name":"wp","href":"https:\/\/api.w.org\/{rel}","templated":true}]}}