{"id":762607,"date":"2025-08-28T10:14:57","date_gmt":"2025-08-28T07:14:57","guid":{"rendered":"https:\/\/roveyayinevi.com.tr\/index.php\/urun\/gulsemin-oyku-ile-yeryuzunden-oykuler\/"},"modified":"2026-04-15T03:27:41","modified_gmt":"2026-04-15T00:27:41","slug":"gulsemin-oyku-ile-yeryuzunden-oykuler","status":"publish","type":"product","link":"https:\/\/roveyayinevi.com.tr\/index.php\/urun\/gulsemin-oyku-ile-yeryuzunden-oykuler\/","title":{"rendered":"G\u00fclsemin \u00d6yk\u00fc ile Yery\u00fcz\u00fcnden \u00d6yk\u00fcler"},"content":{"rendered":"<p>Ferhunde Han\u0131m\u2019\u0131n iki katl\u0131 ah\u015fap evinin hik\u00e2yesini bir \u00e7ocu\u011fun, G\u00fclsemin \u00d6yk\u00fc\u2019n\u00fcn; bir kedinin,   Pankulin Posb\u0131y\u0131k\u2019\u0131n; bir k\u00f6pe\u011fin, Ekaterina Anya Volkova\u2019n\u0131n; bir kaplumba\u011fan\u0131n, Peyami Pa\u015fal\u0131k\u0131z\u0131\u2019n\u0131n; bir a\u011fac\u0131n, Pinus Pinea Can\u2019\u0131n; bir ba\u015fka kedinin, K\u0131ymetlimiz Han\u0131m\u2019\u0131n ve bir g\u00fcvercinin, Aris Parlakgerdanyadis\u2019in a\u011fz\u0131ndan dinlemeye haz\u0131r m\u0131s\u0131n\u0131z? Ne de olsa bir mahalleyi mahalle yapan, oradaki evler, insanlar, a\u011fa\u00e7lar ve hayvanlar de\u011fil midir? <\/p>\n","protected":false},"excerpt":{"rendered":"<p>Ferhunde Han\u0131m\u2019\u0131n iki katl\u0131 ah\u015fap evinin hik\u00e2yesini bir \u00e7ocu\u011fun, G\u00fclsemin \u00d6yk\u00fc\u2019n\u00fcn; bir kedinin, Pankulin Posb\u0131y\u0131k\u2019\u0131n; bir k\u00f6pe\u011fin, Ekaterina Anya Volkova\u2019n\u0131n; bir kaplumba\u011fan\u0131n, Peyami Pa\u015fal\u0131k\u0131z\u0131\u2019n\u0131n; bir a\u011fac\u0131n,<span class=\"excerpt-hellip\"> [\u2026]<\/span><\/p>\n","protected":false},"featured_media":0,"template":"","meta":{"_monsterinsights_skip_tracking":false,"_monsterinsights_sitenote_active":false,"_monsterinsights_sitenote_note":"","_monsterinsights_sitenote_category":0},"product_brand":[],"product_cat":[12274,12284],"product_tag":[],"class_list":{"0":"post-762607","1":"product","2":"type-product","3":"status-publish","5":"product_cat-cocuk-ve-genclik-kitaplari","6":"product_cat-hikayeler","7":"pa_cilt-ciltsiz","8":"pa_tur-kitap","9":"pa_yayinevi-yapi-kredi-yayinlari","10":"pa_yazar-yasemin-temizarabaci-yildirmaz","12":"first","13":"instock","14":"sale","15":"shipping-taxable","16":"purchasable","17":"product-type-simple"},"_links":{"self":[{"href":"https:\/\/roveyayinevi.com.tr\/index.php\/wp-json\/wp\/v2\/product\/762607","targetHints":{"allow":["GET"]}}],"collection":[{"href":"https:\/\/roveyayinevi.com.tr\/index.php\/wp-json\/wp\/v2\/product"}],"about":[{"href":"https:\/\/roveyayinevi.com.tr\/index.php\/wp-json\/wp\/v2\/types\/product"}],"wp:attachment":[{"href":"https:\/\/roveyayinevi.com.tr\/index.php\/wp-json\/wp\/v2\/media?parent=762607"}],"wp:term":[{"taxonomy":"product_brand","embeddable":true,"href":"https:\/\/roveyayinevi.com.tr\/index.php\/wp-json\/wp\/v2\/product_brand?post=762607"},{"taxonomy":"product_cat","embeddable":true,"href":"https:\/\/roveyayinevi.com.tr\/index.php\/wp-json\/wp\/v2\/product_cat?post=762607"},{"taxonomy":"product_tag","embeddable":true,"href":"https:\/\/roveyayinevi.com.tr\/index.php\/wp-json\/wp\/v2\/product_tag?post=762607"}],"curies":[{"name":"wp","href":"https:\/\/api.w.org\/{rel}","templated":true}]}}