{"id":762605,"date":"2025-08-28T10:14:52","date_gmt":"2025-08-28T07:14:52","guid":{"rendered":"https:\/\/roveyayinevi.com.tr\/index.php\/urun\/her-inisin-bir-kalkisi-vardir\/"},"modified":"2026-04-15T03:27:41","modified_gmt":"2026-04-15T00:27:41","slug":"her-inisin-bir-kalkisi-vardir","status":"publish","type":"product","link":"https:\/\/roveyayinevi.com.tr\/index.php\/urun\/her-inisin-bir-kalkisi-vardir\/","title":{"rendered":"Her \u0130ni\u015fin Bir Kalk\u0131\u015f\u0131 Vard\u0131r"},"content":{"rendered":"<p>U\u00e7a\u011f\u0131m\u0131z kalk\u0131\u015fa haz\u0131rd\u0131r!   Gelin hep birlikte havaliman\u0131na gidelim, g\u00fcvenlikten ge\u00e7ip bini\u015f kartlar\u0131m\u0131z\u0131 u\u00e7u\u015f g\u00f6revlisine g\u00f6sterelim, u\u00e7akta koltuklar\u0131m\u0131za ge\u00e7elim, emniyet kemerlerimizi ba\u011flayal\u0131m!   Margo Linn Her \u0130ni\u015fin Bir Kalk\u0131\u015f\u0131 Vard\u0131r adl\u0131 kitab\u0131nda bir u\u00e7ak yolculu\u011funun nas\u0131l ger\u00e7ekle\u015fti\u011fini anlat\u0131rken kar\u015f\u0131t kavramlar\u0131 da merakl\u0131 okurlara tan\u0131t\u0131yor. <\/p>\n","protected":false},"excerpt":{"rendered":"<p>U\u00e7a\u011f\u0131m\u0131z kalk\u0131\u015fa haz\u0131rd\u0131r! Gelin hep birlikte havaliman\u0131na gidelim, g\u00fcvenlikten ge\u00e7ip bini\u015f kartlar\u0131m\u0131z\u0131 u\u00e7u\u015f g\u00f6revlisine g\u00f6sterelim, u\u00e7akta koltuklar\u0131m\u0131za ge\u00e7elim, emniyet kemerlerimizi ba\u011flayal\u0131m! Margo Linn Her \u0130ni\u015fin Bir<span class=\"excerpt-hellip\"> [\u2026]<\/span><\/p>\n","protected":false},"featured_media":0,"template":"","meta":{"_monsterinsights_skip_tracking":false,"_monsterinsights_sitenote_active":false,"_monsterinsights_sitenote_note":"","_monsterinsights_sitenote_category":0},"product_brand":[],"product_cat":[12274,12518],"product_tag":[],"class_list":{"0":"post-762605","1":"product","2":"type-product","3":"status-publish","5":"product_cat-cocuk-ve-genclik-kitaplari","6":"product_cat-okul-oncesi-kitaplar","7":"pa_cilt-ciltsiz","8":"pa_tur-kitap","9":"pa_yayinevi-yapi-kredi-yayinlari","10":"pa_yazar-margo-linn","12":"first","13":"instock","14":"sale","15":"shipping-taxable","16":"purchasable","17":"product-type-simple"},"_links":{"self":[{"href":"https:\/\/roveyayinevi.com.tr\/index.php\/wp-json\/wp\/v2\/product\/762605","targetHints":{"allow":["GET"]}}],"collection":[{"href":"https:\/\/roveyayinevi.com.tr\/index.php\/wp-json\/wp\/v2\/product"}],"about":[{"href":"https:\/\/roveyayinevi.com.tr\/index.php\/wp-json\/wp\/v2\/types\/product"}],"wp:attachment":[{"href":"https:\/\/roveyayinevi.com.tr\/index.php\/wp-json\/wp\/v2\/media?parent=762605"}],"wp:term":[{"taxonomy":"product_brand","embeddable":true,"href":"https:\/\/roveyayinevi.com.tr\/index.php\/wp-json\/wp\/v2\/product_brand?post=762605"},{"taxonomy":"product_cat","embeddable":true,"href":"https:\/\/roveyayinevi.com.tr\/index.php\/wp-json\/wp\/v2\/product_cat?post=762605"},{"taxonomy":"product_tag","embeddable":true,"href":"https:\/\/roveyayinevi.com.tr\/index.php\/wp-json\/wp\/v2\/product_tag?post=762605"}],"curies":[{"name":"wp","href":"https:\/\/api.w.org\/{rel}","templated":true}]}}