{"id":762604,"date":"2025-08-28T10:14:51","date_gmt":"2025-08-28T07:14:51","guid":{"rendered":"https:\/\/roveyayinevi.com.tr\/index.php\/urun\/psikanaliz-defterleri-12-cocuk-ve-ergen-calismalari-oyun-ve-oyuncak\/"},"modified":"2026-04-15T03:27:41","modified_gmt":"2026-04-15T00:27:41","slug":"psikanaliz-defterleri-12-cocuk-ve-ergen-calismalari-oyun-ve-oyuncak","status":"publish","type":"product","link":"https:\/\/roveyayinevi.com.tr\/index.php\/urun\/psikanaliz-defterleri-12-cocuk-ve-ergen-calismalari-oyun-ve-oyuncak\/","title":{"rendered":"Psikanaliz Defterleri 12:  \u00c7ocuk Ve Ergen \u00c7al\u0131\u015fmalar\u0131 \u2013 Oyun Ve Oyuncak"},"content":{"rendered":"<p>Talat Parman Ba\u015flang\u0131\u00e7ta Oyun Vard\u0131 Philippe Gutton &#8211; Evelyne Largu\u00e8che Oyun ve Oynamak Nicolas de Coulon Oyunsu Denklem Neslihan Zabc\u0131 \u00c7ocuk Psikoterapisinde Oyunun \u0130\u015flevi Emine \u00dcnl\u00fc Sessizli\u011fimle Oynar m\u0131s\u0131n? V\u00e9ronique Donard &#8211; Eric Simar Video Tanr\u0131lar\u0131 Anne Boissi\u00e8re \u00c7izginin Devinimi: Oyun D\u00fcrt\u00fcs\u00fc m\u00fc, Oyun Alan\u0131 m\u0131? G\u00fcl\u00e7in Karadeniz Oyunun Zihin Kuram\u0131n\u0131n Bile\u015fenlerine Katk\u0131s\u0131 Fiona Faraci Petridis &#8211; Gizem Bi\u00e7en Do\u011fan Ger\u00e7ek\u00fcst\u00fcc\u00fc Ak\u0131mda ve Bellmer\u2019in Eserlerinde Kad\u0131n Bedeni \u0130shak Say\u011f\u0131l\u0131 Bir Oyuncak Olarak Teneke Trampet Nesli Keskin\u00f6z Bilen Oyunlu bir Yaz\u0131: Siz Hangi Oyunsunuz? <\/p>\n","protected":false},"excerpt":{"rendered":"<p>Talat Parman Ba\u015flang\u0131\u00e7ta Oyun Vard\u0131 Philippe Gutton &#8211; Evelyne Largu\u00e8che Oyun ve Oynamak Nicolas de Coulon Oyunsu Denklem Neslihan Zabc\u0131 \u00c7ocuk Psikoterapisinde Oyunun \u0130\u015flevi Emine \u00dcnl\u00fc<span class=\"excerpt-hellip\"> [\u2026]<\/span><\/p>\n","protected":false},"featured_media":0,"template":"","meta":{"_monsterinsights_skip_tracking":false,"_monsterinsights_sitenote_active":false,"_monsterinsights_sitenote_note":"","_monsterinsights_sitenote_category":0},"product_brand":[],"product_cat":[12679,12357],"product_tag":[],"class_list":{"0":"post-762604","1":"product","2":"type-product","3":"status-publish","5":"product_cat-cocuk-psikolojisi","6":"product_cat-psikoloji","7":"pa_cilt-ciltsiz","8":"pa_tur-kitap","9":"pa_yayinevi-yapi-kredi-yayinlari","10":"pa_yazar-kolektif","12":"first","13":"instock","14":"sale","15":"shipping-taxable","16":"purchasable","17":"product-type-simple"},"_links":{"self":[{"href":"https:\/\/roveyayinevi.com.tr\/index.php\/wp-json\/wp\/v2\/product\/762604","targetHints":{"allow":["GET"]}}],"collection":[{"href":"https:\/\/roveyayinevi.com.tr\/index.php\/wp-json\/wp\/v2\/product"}],"about":[{"href":"https:\/\/roveyayinevi.com.tr\/index.php\/wp-json\/wp\/v2\/types\/product"}],"wp:attachment":[{"href":"https:\/\/roveyayinevi.com.tr\/index.php\/wp-json\/wp\/v2\/media?parent=762604"}],"wp:term":[{"taxonomy":"product_brand","embeddable":true,"href":"https:\/\/roveyayinevi.com.tr\/index.php\/wp-json\/wp\/v2\/product_brand?post=762604"},{"taxonomy":"product_cat","embeddable":true,"href":"https:\/\/roveyayinevi.com.tr\/index.php\/wp-json\/wp\/v2\/product_cat?post=762604"},{"taxonomy":"product_tag","embeddable":true,"href":"https:\/\/roveyayinevi.com.tr\/index.php\/wp-json\/wp\/v2\/product_tag?post=762604"}],"curies":[{"name":"wp","href":"https:\/\/api.w.org\/{rel}","templated":true}]}}