{"id":762603,"date":"2025-08-28T10:14:50","date_gmt":"2025-08-28T07:14:50","guid":{"rendered":"https:\/\/roveyayinevi.com.tr\/index.php\/urun\/estetik-5\/"},"modified":"2026-04-15T03:27:41","modified_gmt":"2026-04-15T00:27:41","slug":"estetik-5","status":"publish","type":"product","link":"https:\/\/roveyayinevi.com.tr\/index.php\/urun\/estetik-5\/","title":{"rendered":"Estetik"},"content":{"rendered":"<p>Sanat tarih\u00e7isi tarih\u00e7i nitelemesine s\u0131\u011f\u0131narak ne \u00e7a\u011f\u0131ndan ne g\u00fcn\u00fcnden soyutlayabilir kendini. Biz ge\u00e7mi\u015fin olaylar\u0131na ancak \u00e7a\u011f\u0131m\u0131z\u0131n ya\u015fanmas\u0131yla elde etti\u011fimiz g\u00f6r\u00fcnt\u00fc perdesi arac\u0131l\u0131\u011f\u0131yla bakabiliriz. Sanat yap\u0131t\u0131na sanatsal bilin\u00e7le ve duyarl\u0131kla s\u0131zabilmek i\u00e7in kuramsal haz\u0131rl\u0131k zorunludur. Estetik bilimi b\u00fcy\u00fck \u00f6l\u00e7\u00fcde bu kuram birikimini sunar fakat bununla da yetinilmemelidir. Sanat tarih\u00e7isinin, bir sanat yap\u0131t\u0131n\u0131, estetik biliminin sundu\u011fu ara\u00e7larla de\u011ferlendirip ger\u00e7ek tarihsel yerine oturtabilmesi i\u00e7in ele\u015ftirel bir tav\u0131rla yap\u0131tlara e\u011filmesi gerekir.   G\u00fcnsel Renda, Bedrettin C\u00f6mert\u2019in sanat tarihi seminerinde yapt\u0131\u011f\u0131 bu anlat\u0131m\u0131nda fark\u0131nda olmadan asl\u0131nda kendini tan\u0131mlad\u0131\u011f\u0131n\u0131 s\u00f6yl\u00fcyor. Ger\u00e7ekten de Bedrettin C\u00f6mert tam olarak bu \u00f6ng\u00f6r\u00fcs\u00fcnde belirtti\u011fi yerden ele\u015ftirel ve g\u00fcncel bir perspektifle yaz\u0131yor. B\u00f6ylelikle etkileyici merak\u0131 ve y\u00fcksek duyarl\u0131l\u0131\u011f\u0131yla okuru da kendisi gibi cesurca bakmaya davet ediyor.   Estetik, 1978\u2019de 38 ya\u015f\u0131nda ya\u015fam\u0131n\u0131 kaybeden bu d\u00fc\u015f\u00fcnce insan\u0131n\u0131n ele ald\u0131\u011f\u0131 konulara yakla\u015f\u0131m\u0131n\u0131 ayd\u0131nlatacak bir k\u0131lavuz kitap. Ayn\u0131 zamanda estetik konusuna getirilen temel yakla\u015f\u0131mlarla Aristoteles ve Platon\u2019a dair de\u011ferlendirmelerle de nitelikli bir \u00e7al\u0131\u015fma. T\u00fcm bunlar\u0131n \u00f6tesinde bug\u00fcn esteti\u011fin yerini yeniden d\u00fc\u015f\u00fcnmek i\u00e7in bir \u00e7a\u011fr\u0131. <\/p>\n","protected":false},"excerpt":{"rendered":"<p>Sanat tarih\u00e7isi tarih\u00e7i nitelemesine s\u0131\u011f\u0131narak ne \u00e7a\u011f\u0131ndan ne g\u00fcn\u00fcnden soyutlayabilir kendini. Biz ge\u00e7mi\u015fin olaylar\u0131na ancak \u00e7a\u011f\u0131m\u0131z\u0131n ya\u015fanmas\u0131yla elde etti\u011fimiz g\u00f6r\u00fcnt\u00fc perdesi arac\u0131l\u0131\u011f\u0131yla bakabiliriz. Sanat yap\u0131t\u0131na sanatsal<span class=\"excerpt-hellip\"> [\u2026]<\/span><\/p>\n","protected":false},"featured_media":0,"template":"","meta":{"_monsterinsights_skip_tracking":false,"_monsterinsights_sitenote_active":false,"_monsterinsights_sitenote_note":"","_monsterinsights_sitenote_category":0},"product_brand":[],"product_cat":[13548,12408],"product_tag":[],"class_list":{"0":"post-762603","1":"product","2":"type-product","3":"status-publish","5":"product_cat-kuram","6":"product_cat-sanat","7":"pa_cilt-ciltsiz","8":"pa_tur-kitap","9":"pa_yayinevi-yapi-kredi-yayinlari","10":"pa_yazar-bedrettin-comert","12":"first","13":"instock","14":"sale","15":"shipping-taxable","16":"purchasable","17":"product-type-simple"},"_links":{"self":[{"href":"https:\/\/roveyayinevi.com.tr\/index.php\/wp-json\/wp\/v2\/product\/762603","targetHints":{"allow":["GET"]}}],"collection":[{"href":"https:\/\/roveyayinevi.com.tr\/index.php\/wp-json\/wp\/v2\/product"}],"about":[{"href":"https:\/\/roveyayinevi.com.tr\/index.php\/wp-json\/wp\/v2\/types\/product"}],"wp:attachment":[{"href":"https:\/\/roveyayinevi.com.tr\/index.php\/wp-json\/wp\/v2\/media?parent=762603"}],"wp:term":[{"taxonomy":"product_brand","embeddable":true,"href":"https:\/\/roveyayinevi.com.tr\/index.php\/wp-json\/wp\/v2\/product_brand?post=762603"},{"taxonomy":"product_cat","embeddable":true,"href":"https:\/\/roveyayinevi.com.tr\/index.php\/wp-json\/wp\/v2\/product_cat?post=762603"},{"taxonomy":"product_tag","embeddable":true,"href":"https:\/\/roveyayinevi.com.tr\/index.php\/wp-json\/wp\/v2\/product_tag?post=762603"}],"curies":[{"name":"wp","href":"https:\/\/api.w.org\/{rel}","templated":true}]}}