{"id":762602,"date":"2025-08-28T10:14:47","date_gmt":"2025-08-28T07:14:47","guid":{"rendered":"https:\/\/roveyayinevi.com.tr\/index.php\/urun\/daglardan-duyur-onu\/"},"modified":"2026-04-05T03:18:35","modified_gmt":"2026-04-05T00:18:35","slug":"daglardan-duyur-onu","status":"publish","type":"product","link":"https:\/\/roveyayinevi.com.tr\/index.php\/urun\/daglardan-duyur-onu\/","title":{"rendered":"Da\u011flardan Duyur Onu"},"content":{"rendered":"<p>James Baldwin\u2019in otobiyografik \u00f6\u011feler ta\u015f\u0131yan, 1953 tarihli ilk roman\u0131 Da\u011flardan Duyur Onu, 1935 y\u0131l\u0131nda bir cumartesi g\u00fcn\u00fc Harlem\u2019de ge\u00e7er. Grimes ailesi ve kom\u015fular\u0131ndan olu\u015fan k\u00fc\u00e7\u00fck bir cemaat mahallenin kilisesinde toplan\u0131r. Ayin s\u0131ras\u0131nda, amans\u0131z vaiz Gabriel\u2019\u0131n, kar\u0131s\u0131 Elizabeth\u2019in ve dul ablas\u0131 Florence\u2019\u0131n zihninden ge\u00e7enleri s\u0131rayla izleriz; her birinin hayat\u0131, hayalleri ve pi\u015fmanl\u0131klar\u0131, mezara g\u00f6t\u00fcrecekleri s\u0131rlar \u00f6n\u00fcm\u00fczde bir bir a\u00e7\u0131l\u0131r, b\u00f6ylece Baldwin ABD\u2019de siyahlar\u0131n 19. y\u00fczy\u0131l sonuyla 20. y\u00fczy\u0131l ba\u015flar\u0131ndaki hayat\u0131n\u0131n G\u00fcney\u2019den Kuzey\u2019e uzanan sert bir panoramas\u0131n\u0131 \u00e7izer. Her \u015feyin merkezindeyse vaizin hor g\u00f6rd\u00fc\u011f\u00fc \u00fcvey o\u011flu John vard\u0131r. G\u00fcn ilerledik\u00e7e John baba korkusuyla, ka\u00e7\u0131p \u00f6zg\u00fcrle\u015fme arzusuyla ve inanma ihtiyac\u0131yla y\u00fczle\u015fecektir.     Baldwin\u2019in \u201ck\u00f6t\u00fc ruhlar\u0131 kovar gibi i\u00e7imden bir \u015feyleri s\u00f6k\u00fcp atma, babama ve hepimize ne oldu\u011funu \u00f6\u011frenme giri\u015fimi\u201d diye niteledi\u011fi ilk roman\u0131, Amerikan edebiyat\u0131n\u0131n vazge\u00e7ilmez klasiklerinden biri.     \u015eiirsel bir yo\u011funlukla ve b\u00fcy\u00fck bir anlat\u0131 ustal\u0131\u011f\u0131yla yaz\u0131lm\u0131\u015f.                                                                                  Harper\u2019s     Baldwin hummal\u0131 hik\u00e2yesini canl\u0131 bir imgelem ve c\u00f6mert bir ayr\u0131nt\u0131 zenginli\u011fiyle anlat\u0131yor.                                                                                                             The New York Times     James Baldwin olmak demek, Avrupa\u2019daki, Amerika\u2019daki pek \u00e7ok sakl\u0131 yere, siyahlara, beyazlara dokunmak demektir; pek \u00e7ok \u015feyi anlamaya zorlanmakt\u0131r.                                                                  Alfred Kazin <\/p>\n","protected":false},"excerpt":{"rendered":"<p>James Baldwin\u2019in otobiyografik \u00f6\u011feler ta\u015f\u0131yan, 1953 tarihli ilk roman\u0131 Da\u011flardan Duyur Onu, 1935 y\u0131l\u0131nda bir cumartesi g\u00fcn\u00fc Harlem\u2019de ge\u00e7er. Grimes ailesi ve kom\u015fular\u0131ndan olu\u015fan k\u00fc\u00e7\u00fck bir<span class=\"excerpt-hellip\"> [\u2026]<\/span><\/p>\n","protected":false},"featured_media":0,"template":"","meta":{"_monsterinsights_skip_tracking":false,"_monsterinsights_sitenote_active":false,"_monsterinsights_sitenote_note":"","_monsterinsights_sitenote_category":0},"product_brand":[],"product_cat":[12291,12711],"product_tag":[],"class_list":{"0":"post-762602","1":"product","2":"type-product","3":"status-publish","5":"product_cat-edebiyat","6":"product_cat-roman-oyku","7":"pa_cilt-ciltsiz","8":"pa_tur-kitap","9":"pa_yayinevi-yapi-kredi-yayinlari","10":"pa_yazar-james-baldwin","12":"first","13":"instock","14":"sale","15":"shipping-taxable","16":"purchasable","17":"product-type-simple"},"_links":{"self":[{"href":"https:\/\/roveyayinevi.com.tr\/index.php\/wp-json\/wp\/v2\/product\/762602","targetHints":{"allow":["GET"]}}],"collection":[{"href":"https:\/\/roveyayinevi.com.tr\/index.php\/wp-json\/wp\/v2\/product"}],"about":[{"href":"https:\/\/roveyayinevi.com.tr\/index.php\/wp-json\/wp\/v2\/types\/product"}],"wp:attachment":[{"href":"https:\/\/roveyayinevi.com.tr\/index.php\/wp-json\/wp\/v2\/media?parent=762602"}],"wp:term":[{"taxonomy":"product_brand","embeddable":true,"href":"https:\/\/roveyayinevi.com.tr\/index.php\/wp-json\/wp\/v2\/product_brand?post=762602"},{"taxonomy":"product_cat","embeddable":true,"href":"https:\/\/roveyayinevi.com.tr\/index.php\/wp-json\/wp\/v2\/product_cat?post=762602"},{"taxonomy":"product_tag","embeddable":true,"href":"https:\/\/roveyayinevi.com.tr\/index.php\/wp-json\/wp\/v2\/product_tag?post=762602"}],"curies":[{"name":"wp","href":"https:\/\/api.w.org\/{rel}","templated":true}]}}