{"id":762598,"date":"2025-08-28T10:14:39","date_gmt":"2025-08-28T07:14:39","guid":{"rendered":"https:\/\/roveyayinevi.com.tr\/index.php\/urun\/mantik-bilimin-kurucusu-aristo\/"},"modified":"2026-04-15T03:27:41","modified_gmt":"2026-04-15T00:27:41","slug":"mantik-bilimin-kurucusu-aristo","status":"publish","type":"product","link":"https:\/\/roveyayinevi.com.tr\/index.php\/urun\/mantik-bilimin-kurucusu-aristo\/","title":{"rendered":"Mant\u0131k Bilimin Kurucusu &#8211; Aristo"},"content":{"rendered":"<p>Aristoteles ismi bizi , bir insan\u0131n g\u00f6rebilece\u011fi en muhte\u015fem manzarayla kar\u015f\u0131 kar\u015f\u0131ya b\u0131rak\u0131yor: S\u0131radan sevin\u00e7leriyle, kederleriyle ve hastal\u0131klar\u0131yla birlikte altm\u0131\u015f \u00fc\u00e7 y\u0131ll\u0131k bir d\u00fcnya hayat\u0131 ve \u00f6l\u00fcmden sonra devam eden iki bin senelik \u00f6m\u00fcr!&#8230;<\/p>\n","protected":false},"excerpt":{"rendered":"<p>Aristoteles ismi bizi , bir insan\u0131n g\u00f6rebilece\u011fi en muhte\u015fem manzarayla kar\u015f\u0131 kar\u015f\u0131ya b\u0131rak\u0131yor: S\u0131radan sevin\u00e7leriyle, kederleriyle ve hastal\u0131klar\u0131yla birlikte altm\u0131\u015f \u00fc\u00e7 y\u0131ll\u0131k bir d\u00fcnya hayat\u0131 ve<span class=\"excerpt-hellip\"> [\u2026]<\/span><\/p>\n","protected":false},"featured_media":0,"template":"","meta":{"_monsterinsights_skip_tracking":false,"_monsterinsights_sitenote_active":false,"_monsterinsights_sitenote_note":"","_monsterinsights_sitenote_category":0},"product_brand":[],"product_cat":[14009,12291],"product_tag":[],"class_list":{"0":"post-762598","1":"product","2":"type-product","3":"status-publish","5":"product_cat-biyografi-otobiyografi-edebiyat","6":"product_cat-edebiyat","7":"pa_cilt-ciltsiz","8":"pa_tur-kitap","9":"pa_yayinevi-etkin-yayinlari","10":"pa_yazar-elizaveta-fedorovna-litvinova","12":"first","13":"instock","14":"sale","15":"shipping-taxable","16":"purchasable","17":"product-type-simple"},"_links":{"self":[{"href":"https:\/\/roveyayinevi.com.tr\/index.php\/wp-json\/wp\/v2\/product\/762598","targetHints":{"allow":["GET"]}}],"collection":[{"href":"https:\/\/roveyayinevi.com.tr\/index.php\/wp-json\/wp\/v2\/product"}],"about":[{"href":"https:\/\/roveyayinevi.com.tr\/index.php\/wp-json\/wp\/v2\/types\/product"}],"wp:attachment":[{"href":"https:\/\/roveyayinevi.com.tr\/index.php\/wp-json\/wp\/v2\/media?parent=762598"}],"wp:term":[{"taxonomy":"product_brand","embeddable":true,"href":"https:\/\/roveyayinevi.com.tr\/index.php\/wp-json\/wp\/v2\/product_brand?post=762598"},{"taxonomy":"product_cat","embeddable":true,"href":"https:\/\/roveyayinevi.com.tr\/index.php\/wp-json\/wp\/v2\/product_cat?post=762598"},{"taxonomy":"product_tag","embeddable":true,"href":"https:\/\/roveyayinevi.com.tr\/index.php\/wp-json\/wp\/v2\/product_tag?post=762598"}],"curies":[{"name":"wp","href":"https:\/\/api.w.org\/{rel}","templated":true}]}}