{"id":762595,"date":"2025-08-28T10:14:32","date_gmt":"2025-08-28T07:14:32","guid":{"rendered":"https:\/\/roveyayinevi.com.tr\/index.php\/urun\/beyaz-insanlar-kizil-el\/"},"modified":"2026-04-15T03:27:41","modified_gmt":"2026-04-15T00:27:41","slug":"beyaz-insanlar-kizil-el","status":"publish","type":"product","link":"https:\/\/roveyayinevi.com.tr\/index.php\/urun\/beyaz-insanlar-kizil-el\/","title":{"rendered":"Beyaz \u0130nsanlar &#8211; K\u0131z\u0131l El"},"content":{"rendered":"<p>\u201cVe g\u00fcnah nedir?\u201d diye sordu Cotgrave.\u201cSan\u0131r\u0131m sorunu bir ba\u015fkas\u0131yla yan\u0131tlamal\u0131y\u0131m. Ne hissederdin, ger\u00e7ekten, kedi ya da k\u00f6pe\u011fin bir anda seninle konu\u015fmaya ba\u015flay\u0131p, insan aksan\u0131yla senle tart\u0131\u015fabilseydi? Korkudan \u00f6d\u00fcn patlard\u0131. Eminim. Ya bah\u00e7endeki g\u00fcller bir anda acayip bir \u015fark\u0131 s\u00f6ylemeye ba\u015flasayd\u0131lar, delirirdin. Ya da d\u00fc\u015f\u00fcn, yoldaki ta\u015flar\u0131n g\u00f6zlerin \u00f6n\u00fcnde \u015fi\u015fip b\u00fcy\u00fcd\u00fcklerini ve geceleyin g\u00f6rd\u00fc\u011f\u00fcn \u00e7ak\u0131l ta\u015f\u0131n\u0131n sabah minik ta\u015ftan \u00e7i\u00e7ekler a\u00e7t\u0131\u011f\u0131n\u0131? Eh, bu \u00f6rnekler sana ger\u00e7ek g\u00fcnah\u0131n ne oldu\u011funa dair biraz fikir verebilir.\u201d Beyaz \u0130nsanlar\u201cCevap bana birka\u00e7 hafta \u00f6nce bir geceleyin geldi, beynimde bir anl\u0131\u011f\u0131na canland\u0131 ve yaz\u0131y\u0131 okudu\u011fumda onca g\u00fcn\u00fc bo\u015funa harcamam\u0131\u015f oldu\u011fumu anlad\u0131m. &#8220;Yerin alt\u0131nda ya\u015fayanlar\u0131n hazine odas\u0131n\u0131n yeri&#8221; s\u00f6zc\u00fckleri ilk okudu\u011fum kelimelerdi ve sonras\u0131nda kendi \u00fclkemde en b\u00fcy\u00fck alt\u0131n rezervlerinin nerede bulunabilece\u011fini bir anda anlam\u0131\u015f bulundum. B\u00f6ylesine bir yol takip edilmeli, b\u00f6ylesine bir \u00e7ukurdan ka\u00e7\u0131n\u0131lmal\u0131yd\u0131; burada yol art\u0131k bir tilki ini kadar dar, \u015furada geni\u015flemi\u015fti ve en sonunda hazine odas\u0131na ula\u015f\u0131l\u0131yordu.\u201d K\u0131z\u0131l ElKozmik korkunun ya\u015fayan yarat\u0131c\u0131lar\u0131 daha sanatsal perdelere do\u011fru yol al\u0131rken, i\u00e7lerinden sadece birka\u00e7\u0131 \u00e7ok y\u00f6nl\u00fc Arthur Machen\u2019e e\u015fit olabilime umudunu ta\u015f\u0131yabilir.- H. P. Lovecraft<\/p>\n","protected":false},"excerpt":{"rendered":"<p>\u201cVe g\u00fcnah nedir?\u201d diye sordu Cotgrave.\u201cSan\u0131r\u0131m sorunu bir ba\u015fkas\u0131yla yan\u0131tlamal\u0131y\u0131m. Ne hissederdin, ger\u00e7ekten, kedi ya da k\u00f6pe\u011fin bir anda seninle konu\u015fmaya ba\u015flay\u0131p, insan aksan\u0131yla senle tart\u0131\u015fabilseydi?<span class=\"excerpt-hellip\"> [\u2026]<\/span><\/p>\n","protected":false},"featured_media":0,"template":"","meta":{"_monsterinsights_skip_tracking":false,"_monsterinsights_sitenote_active":false,"_monsterinsights_sitenote_note":"","_monsterinsights_sitenote_category":0},"product_brand":[],"product_cat":[12291,17033],"product_tag":[],"class_list":{"0":"post-762595","1":"product","2":"type-product","3":"status-publish","5":"product_cat-edebiyat","6":"product_cat-korku-gerilim","7":"pa_cilt-ciltsiz","8":"pa_tur-kitap","9":"pa_yayinevi-laputa-yayinevi","10":"pa_yazar-arthur-machen","12":"first","13":"instock","14":"sale","15":"shipping-taxable","16":"purchasable","17":"product-type-simple"},"_links":{"self":[{"href":"https:\/\/roveyayinevi.com.tr\/index.php\/wp-json\/wp\/v2\/product\/762595","targetHints":{"allow":["GET"]}}],"collection":[{"href":"https:\/\/roveyayinevi.com.tr\/index.php\/wp-json\/wp\/v2\/product"}],"about":[{"href":"https:\/\/roveyayinevi.com.tr\/index.php\/wp-json\/wp\/v2\/types\/product"}],"wp:attachment":[{"href":"https:\/\/roveyayinevi.com.tr\/index.php\/wp-json\/wp\/v2\/media?parent=762595"}],"wp:term":[{"taxonomy":"product_brand","embeddable":true,"href":"https:\/\/roveyayinevi.com.tr\/index.php\/wp-json\/wp\/v2\/product_brand?post=762595"},{"taxonomy":"product_cat","embeddable":true,"href":"https:\/\/roveyayinevi.com.tr\/index.php\/wp-json\/wp\/v2\/product_cat?post=762595"},{"taxonomy":"product_tag","embeddable":true,"href":"https:\/\/roveyayinevi.com.tr\/index.php\/wp-json\/wp\/v2\/product_tag?post=762595"}],"curies":[{"name":"wp","href":"https:\/\/api.w.org\/{rel}","templated":true}]}}