{"id":762594,"date":"2025-08-28T10:14:31","date_gmt":"2025-08-28T07:14:31","guid":{"rendered":"https:\/\/roveyayinevi.com.tr\/index.php\/urun\/apacik-psikoterapi\/"},"modified":"2026-04-15T03:27:41","modified_gmt":"2026-04-15T00:27:41","slug":"apacik-psikoterapi","status":"publish","type":"product","link":"https:\/\/roveyayinevi.com.tr\/index.php\/urun\/apacik-psikoterapi\/","title":{"rendered":"Apa\u00e7\u0131k Psikoterapi"},"content":{"rendered":"<p>Psikoterapi \u00fczerine yaz\u0131lm\u0131\u015f metinlerin bir\u00e7o\u011fu zaman\u0131n getirilerini, k\u00fclt\u00fcrel farkl\u0131l\u0131klar\u0131 ve ger\u00e7ek vakalar\u0131n u\u00e7suz bu\u00e7aks\u0131zl\u0131\u011f\u0131n\u0131 g\u00f6z \u00f6n\u00fcnde bulundurmada noksan kalabiliyor. Kevin Volkan ve Vam\u0131k Volkan\u2019\u0131n bu n\u00fcansl\u0131 \u00e7al\u0131\u015fmas\u0131 ise terap\u00f6tik ilkeleri zaman ve co\u011frafyan\u0131n ak\u0131\u015fkanl\u0131\u011f\u0131na duyarl\u0131 bir yakla\u015f\u0131mla ele alan vazge\u00e7ilmez bir rehber niteli\u011finde. Apa\u00e7\u0131k Psikoterapi, psikanalitik psikoterapinin teori ve prati\u011fine dair bilgilerini derinle\u015ftirmek isteyen herkesin ba\u015fvurabilece\u011fi kapsaml\u0131 ve canl\u0131 bir kaynak kitab\u0131.<\/p>\n","protected":false},"excerpt":{"rendered":"<p>Psikoterapi \u00fczerine yaz\u0131lm\u0131\u015f metinlerin bir\u00e7o\u011fu zaman\u0131n getirilerini, k\u00fclt\u00fcrel farkl\u0131l\u0131klar\u0131 ve ger\u00e7ek vakalar\u0131n u\u00e7suz bu\u00e7aks\u0131zl\u0131\u011f\u0131n\u0131 g\u00f6z \u00f6n\u00fcnde bulundurmada noksan kalabiliyor. Kevin Volkan ve Vam\u0131k Volkan\u2019\u0131n bu n\u00fcansl\u0131<span class=\"excerpt-hellip\"> [\u2026]<\/span><\/p>\n","protected":false},"featured_media":0,"template":"","meta":{"_monsterinsights_skip_tracking":false,"_monsterinsights_sitenote_active":false,"_monsterinsights_sitenote_note":"","_monsterinsights_sitenote_category":0},"product_brand":[],"product_cat":[20502,12357],"product_tag":[],"class_list":{"0":"post-762594","1":"product","2":"type-product","3":"status-publish","5":"product_cat-basvuru-kitaplari-psikoloji","6":"product_cat-psikoloji","7":"pa_cilt-ciltsiz","8":"pa_tur-kitap","9":"pa_yayinevi-okuyan-us-yayin","10":"pa_yazar-kevin-volkan-vamik-volkan","12":"first","13":"instock","14":"sale","15":"shipping-taxable","16":"purchasable","17":"product-type-simple"},"_links":{"self":[{"href":"https:\/\/roveyayinevi.com.tr\/index.php\/wp-json\/wp\/v2\/product\/762594","targetHints":{"allow":["GET"]}}],"collection":[{"href":"https:\/\/roveyayinevi.com.tr\/index.php\/wp-json\/wp\/v2\/product"}],"about":[{"href":"https:\/\/roveyayinevi.com.tr\/index.php\/wp-json\/wp\/v2\/types\/product"}],"wp:attachment":[{"href":"https:\/\/roveyayinevi.com.tr\/index.php\/wp-json\/wp\/v2\/media?parent=762594"}],"wp:term":[{"taxonomy":"product_brand","embeddable":true,"href":"https:\/\/roveyayinevi.com.tr\/index.php\/wp-json\/wp\/v2\/product_brand?post=762594"},{"taxonomy":"product_cat","embeddable":true,"href":"https:\/\/roveyayinevi.com.tr\/index.php\/wp-json\/wp\/v2\/product_cat?post=762594"},{"taxonomy":"product_tag","embeddable":true,"href":"https:\/\/roveyayinevi.com.tr\/index.php\/wp-json\/wp\/v2\/product_tag?post=762594"}],"curies":[{"name":"wp","href":"https:\/\/api.w.org\/{rel}","templated":true}]}}