{"id":762593,"date":"2025-08-28T10:14:29","date_gmt":"2025-08-28T07:14:29","guid":{"rendered":"https:\/\/roveyayinevi.com.tr\/index.php\/urun\/disparoni-ya-da-yasama-korkusu\/"},"modified":"2026-04-11T03:26:21","modified_gmt":"2026-04-11T00:26:21","slug":"disparoni-ya-da-yasama-korkusu","status":"publish","type":"product","link":"https:\/\/roveyayinevi.com.tr\/index.php\/urun\/disparoni-ya-da-yasama-korkusu\/","title":{"rendered":"Dispar\u00f6ni ya da Ya\u015fama Korkusu"},"content":{"rendered":"<p>Cem, kameralar \u00f6n\u00fcnde renkli hayat\u0131 olan bir \u015fovmen. Kimsenin bilmedi\u011fi bir yaras\u0131 var. Ve kimsenin bilmedi\u011fi bir dostlu\u011fu. Kendisini evinde hissetti\u011fi tek yer, Feraye&#8217;nin yan\u0131.   Feraye, evden \u00e7\u0131kamayan bir kad\u0131n. Evine kabul edebildi\u011fi tek insan Cem.   Dispar\u00f6ni, onlar\u0131 bulu\u015fturan \u015feyin hikayesi. \u0130kisi d\u0131\u015f\u0131nda hi\u00e7 kimsenin fark\u0131nda olmad\u0131\u011f\u0131 \u015feyin.   Bu romanda, zaman da karakterlerden biri.       Bo\u011fazi\u00e7i \u00dcniversitesi \u0130ngiliz Dili ve Edebiyat\u0131 B\u00f6l\u00fcm\u00fc\u2019nden mezun olduktan sonra psikanalitik \u00e7al\u0131\u015fmalara y\u00f6nelen ve y\u00fcksek e\u011fitimine Londra\u2019da devam eden Nihan Kaya, edebiyat, psikoloji, yarat\u0131c\u0131l\u0131k gibi alanlarda at\u00f6lye ve seminerler y\u00fcr\u00fct\u00fcyor; University College London (UCL) Psikanalitik \u00c7al\u0131\u015fmalar b\u00f6l\u00fcm\u00fcnde, biri \u00e7ocuk travmas\u0131 uzman\u0131 bir \u00e7ocuk psikiyatristi, di\u011feri \u00e7ocuk psikoterapisti iki psikanalist s\u00fcperviz\u00f6rl\u00fc\u011f\u00fcnde Winnicott \u00fczerine yeni bir doktora tezi haz\u0131rl\u0131yor.   T\u00fcrk\u00e7ede Kitaplar\u0131: Gizli \u00d6zne (2003), \u00c7at\u0131 Kat\u0131 (2004), Bu\u011fu (2006), Dispar\u00f6ni ya da Ya\u015fama Korkusu (2008), Fildi\u015fi Kuyu (2011), Ama Sizden De\u011filim (2012), Yazma Cesareti: Ac\u0131n\u0131n Yarat\u0131c\u0131l\u0131\u011fa D\u00f6n\u00fc\u015f\u00fcm\u00fc (2013), Kar ve \u0130nci (2016), K\u0131rg\u0131nl\u0131k (2017), \u0130yi Aile Yoktur (2018) \u0130yi Toplum Yoktur (2019), B\u00fct\u00fcn \u00c7ocuklar \u0130yidir (2019), Seni Feda Etmeyece\u011fim (2021), Y\u00fczmek, Ya\u015famak ve Olma Arzusu (2022), Erteleme: Nedenleri ve \u00c7\u00f6z\u00fcmleri (2023), Beni Sa\u011fma, B\u0131rak Ben Emzireyim Seni (2024) \u00c7ocuk (Hik\u00e2ye) Kitaplar\u0131: Ada Annesiyle Duvarlar\u0131 Boyuyor (2020), Otob\u00fcs\u00fc Ka\u00e7\u0131ran \u015eof\u00f6r (2020), Sahiku \u00c7ocuklarla Arkada\u015f Olmak \u0130stiyor (2021), Prenses A Uyan\u0131yor (2021), Sinderella Elbise Tasar\u0131mc\u0131s\u0131 Oluyor (2021), Asi Koyun Melo (2021), Mafin Bug\u00fcn Mutsuz Olmak \u0130stiyor (2021), K\u0131rm\u0131z\u0131 \u00c7izmeleri Annesi Zanneden Kaz (2021), Teneff\u00fcsleri Seven \u00c7ocuk (2022), Azman Bebek (2023), Mor Canavar Benden Ne \u0130stiyor? (2023), Saks\u0131da Ya\u015fayan Kalp (2023), Bebekler Okulu (2024)<\/p>\n","protected":false},"excerpt":{"rendered":"<p>Cem, kameralar \u00f6n\u00fcnde renkli hayat\u0131 olan bir \u015fovmen. Kimsenin bilmedi\u011fi bir yaras\u0131 var. Ve kimsenin bilmedi\u011fi bir dostlu\u011fu. Kendisini evinde hissetti\u011fi tek yer, Feraye&#8217;nin yan\u0131. Feraye,<span class=\"excerpt-hellip\"> [\u2026]<\/span><\/p>\n","protected":false},"featured_media":0,"template":"","meta":{"_monsterinsights_skip_tracking":false,"_monsterinsights_sitenote_active":false,"_monsterinsights_sitenote_note":"","_monsterinsights_sitenote_category":0},"product_brand":[],"product_cat":[12291,12711],"product_tag":[],"class_list":{"0":"post-762593","1":"product","2":"type-product","3":"status-publish","5":"product_cat-edebiyat","6":"product_cat-roman-oyku","7":"pa_cilt-ciltsiz","8":"pa_tur-kitap","9":"pa_yayinevi-okuyan-us-yayin","10":"pa_yazar-nihan-kaya","12":"first","13":"instock","14":"sale","15":"shipping-taxable","16":"purchasable","17":"product-type-simple"},"_links":{"self":[{"href":"https:\/\/roveyayinevi.com.tr\/index.php\/wp-json\/wp\/v2\/product\/762593","targetHints":{"allow":["GET"]}}],"collection":[{"href":"https:\/\/roveyayinevi.com.tr\/index.php\/wp-json\/wp\/v2\/product"}],"about":[{"href":"https:\/\/roveyayinevi.com.tr\/index.php\/wp-json\/wp\/v2\/types\/product"}],"wp:attachment":[{"href":"https:\/\/roveyayinevi.com.tr\/index.php\/wp-json\/wp\/v2\/media?parent=762593"}],"wp:term":[{"taxonomy":"product_brand","embeddable":true,"href":"https:\/\/roveyayinevi.com.tr\/index.php\/wp-json\/wp\/v2\/product_brand?post=762593"},{"taxonomy":"product_cat","embeddable":true,"href":"https:\/\/roveyayinevi.com.tr\/index.php\/wp-json\/wp\/v2\/product_cat?post=762593"},{"taxonomy":"product_tag","embeddable":true,"href":"https:\/\/roveyayinevi.com.tr\/index.php\/wp-json\/wp\/v2\/product_tag?post=762593"}],"curies":[{"name":"wp","href":"https:\/\/api.w.org\/{rel}","templated":true}]}}