{"id":762592,"date":"2025-08-28T10:14:27","date_gmt":"2025-08-28T07:14:27","guid":{"rendered":"https:\/\/roveyayinevi.com.tr\/index.php\/urun\/oylesine-yazilar\/"},"modified":"2026-04-15T03:27:41","modified_gmt":"2026-04-15T00:27:41","slug":"oylesine-yazilar","status":"publish","type":"product","link":"https:\/\/roveyayinevi.com.tr\/index.php\/urun\/oylesine-yazilar\/","title":{"rendered":"\u00d6ylesine Yaz\u0131lar"},"content":{"rendered":"<p>Size her \u015feyi anlatmak istiyorum ancak s\u00f6zc\u00fcklere itimad\u0131m yok. Hepsinde bir hinlik, bir ihanet seziyorum. A\u011fz\u0131mdan \u00e7\u0131kan s\u00f6zc\u00fcklerin esiri olmaktan korktu\u011fum i\u00e7in susuyorum. D\u00fc\u015f\u00fcncelerimi tam anlatamam diye susuyorum. S\u0131n\u0131rs\u0131z hayallerimi s\u0131radan ve s\u0131n\u0131rl\u0131 s\u00f6zc\u00fcklerle anlatamam diye susuyorum. \u201cKonu\u015f ki seni g\u00f6reyim!\u201d demi\u015f d\u00fc\u015f\u00fcn\u00fcr ama ben mevcut s\u00f6zc\u00fcklerle g\u00f6r\u00fcnemiyorum. D\u00fcnyada insan d\u0131\u015f\u0131ndaki b\u00fct\u00fcn canl\u0131lar konu\u015fmadan anla\u015fabilmekte, uyum i\u00e7inde ya\u015famakta iken ben anla\u015f\u0131lamamaktan korkuyorum. Bunun i\u00e7in ben de duyan duysun diye susarak hayk\u0131r\u0131yorum. <\/p>\n","protected":false},"excerpt":{"rendered":"<p>Size her \u015feyi anlatmak istiyorum ancak s\u00f6zc\u00fcklere itimad\u0131m yok. Hepsinde bir hinlik, bir ihanet seziyorum. A\u011fz\u0131mdan \u00e7\u0131kan s\u00f6zc\u00fcklerin esiri olmaktan korktu\u011fum i\u00e7in susuyorum. D\u00fc\u015f\u00fcncelerimi tam anlatamam<span class=\"excerpt-hellip\"> [\u2026]<\/span><\/p>\n","protected":false},"featured_media":0,"template":"","meta":{"_monsterinsights_skip_tracking":false,"_monsterinsights_sitenote_active":false,"_monsterinsights_sitenote_note":"","_monsterinsights_sitenote_category":0},"product_brand":[],"product_cat":[12291,12509],"product_tag":[],"class_list":{"0":"post-762592","1":"product","2":"type-product","3":"status-publish","5":"product_cat-edebiyat","6":"product_cat-siir","7":"pa_cilt-ciltsiz","8":"pa_tur-kitap","9":"pa_yayinevi-cinaralti-yayinlari","10":"pa_yazar-idris-ozler","12":"first","13":"instock","14":"sale","15":"shipping-taxable","16":"purchasable","17":"product-type-simple"},"_links":{"self":[{"href":"https:\/\/roveyayinevi.com.tr\/index.php\/wp-json\/wp\/v2\/product\/762592","targetHints":{"allow":["GET"]}}],"collection":[{"href":"https:\/\/roveyayinevi.com.tr\/index.php\/wp-json\/wp\/v2\/product"}],"about":[{"href":"https:\/\/roveyayinevi.com.tr\/index.php\/wp-json\/wp\/v2\/types\/product"}],"wp:attachment":[{"href":"https:\/\/roveyayinevi.com.tr\/index.php\/wp-json\/wp\/v2\/media?parent=762592"}],"wp:term":[{"taxonomy":"product_brand","embeddable":true,"href":"https:\/\/roveyayinevi.com.tr\/index.php\/wp-json\/wp\/v2\/product_brand?post=762592"},{"taxonomy":"product_cat","embeddable":true,"href":"https:\/\/roveyayinevi.com.tr\/index.php\/wp-json\/wp\/v2\/product_cat?post=762592"},{"taxonomy":"product_tag","embeddable":true,"href":"https:\/\/roveyayinevi.com.tr\/index.php\/wp-json\/wp\/v2\/product_tag?post=762592"}],"curies":[{"name":"wp","href":"https:\/\/api.w.org\/{rel}","templated":true}]}}