{"id":762590,"date":"2025-08-28T10:14:23","date_gmt":"2025-08-28T07:14:23","guid":{"rendered":"https:\/\/roveyayinevi.com.tr\/index.php\/urun\/kelebek\/"},"modified":"2026-04-15T03:27:41","modified_gmt":"2026-04-15T00:27:41","slug":"kelebek","status":"publish","type":"product","link":"https:\/\/roveyayinevi.com.tr\/index.php\/urun\/kelebek\/","title":{"rendered":"Kelebek"},"content":{"rendered":"<p>Cemre Naz S\u00f6nmez\u2019in \u015fiirleri, gen\u00e7 bir y\u00fcre\u011fin cesaretiyle yo\u011frulmu\u015f. Kimi h\u00fcz\u00fcnl\u00fc, kimi umutlu, kimi kalabal\u0131k, kimi yaln\u0131z dizeler\u2026 Hayat gailesi ile yeni yeni y\u00fczle\u015fen bir kalbin y\u00fckseli\u015flerini, d\u00fc\u015f\u00fc\u015flerini, yakar\u0131\u015flar\u0131, isyanlar\u0131n\u0131, k\u00fcsk\u00fcnl\u00fcklerini ve heyecanlar\u0131n\u0131 seriyor \u00f6n\u00fcm\u00fcze. <\/p>\n","protected":false},"excerpt":{"rendered":"<p>Cemre Naz S\u00f6nmez\u2019in \u015fiirleri, gen\u00e7 bir y\u00fcre\u011fin cesaretiyle yo\u011frulmu\u015f. Kimi h\u00fcz\u00fcnl\u00fc, kimi umutlu, kimi kalabal\u0131k, kimi yaln\u0131z dizeler\u2026 Hayat gailesi ile yeni yeni y\u00fczle\u015fen bir kalbin<span class=\"excerpt-hellip\"> [\u2026]<\/span><\/p>\n","protected":false},"featured_media":0,"template":"","meta":{"_monsterinsights_skip_tracking":false,"_monsterinsights_sitenote_active":false,"_monsterinsights_sitenote_note":"","_monsterinsights_sitenote_category":0},"product_brand":[],"product_cat":[12291,12509],"product_tag":[],"class_list":{"0":"post-762590","1":"product","2":"type-product","3":"status-publish","5":"product_cat-edebiyat","6":"product_cat-siir","7":"pa_cilt-ciltsiz","8":"pa_tur-kitap","9":"pa_yayinevi-cinaralti-yayinlari","10":"pa_yazar-cemre-naz-sonmez","12":"first","13":"instock","14":"sale","15":"shipping-taxable","16":"purchasable","17":"product-type-simple"},"_links":{"self":[{"href":"https:\/\/roveyayinevi.com.tr\/index.php\/wp-json\/wp\/v2\/product\/762590","targetHints":{"allow":["GET"]}}],"collection":[{"href":"https:\/\/roveyayinevi.com.tr\/index.php\/wp-json\/wp\/v2\/product"}],"about":[{"href":"https:\/\/roveyayinevi.com.tr\/index.php\/wp-json\/wp\/v2\/types\/product"}],"wp:attachment":[{"href":"https:\/\/roveyayinevi.com.tr\/index.php\/wp-json\/wp\/v2\/media?parent=762590"}],"wp:term":[{"taxonomy":"product_brand","embeddable":true,"href":"https:\/\/roveyayinevi.com.tr\/index.php\/wp-json\/wp\/v2\/product_brand?post=762590"},{"taxonomy":"product_cat","embeddable":true,"href":"https:\/\/roveyayinevi.com.tr\/index.php\/wp-json\/wp\/v2\/product_cat?post=762590"},{"taxonomy":"product_tag","embeddable":true,"href":"https:\/\/roveyayinevi.com.tr\/index.php\/wp-json\/wp\/v2\/product_tag?post=762590"}],"curies":[{"name":"wp","href":"https:\/\/api.w.org\/{rel}","templated":true}]}}