{"id":762588,"date":"2025-08-28T10:14:19","date_gmt":"2025-08-28T07:14:19","guid":{"rendered":"https:\/\/roveyayinevi.com.tr\/index.php\/urun\/nezle-deyip-gecme\/"},"modified":"2025-09-21T19:31:40","modified_gmt":"2025-09-21T16:31:40","slug":"nezle-deyip-gecme","status":"publish","type":"product","link":"https:\/\/roveyayinevi.com.tr\/index.php\/urun\/nezle-deyip-gecme\/","title":{"rendered":"Nezle Deyip Ge\u00e7me!"},"content":{"rendered":"<p>Geleneksel t\u0131bba g\u00f6re v\u00fccudumuzda buhar olu\u015fur ve bu da beyinde toplanarak s\u0131v\u0131la\u015f\u0131r ve d\u0131\u015far\u0131ya at\u0131l\u0131r. Beyinden burun ve g\u00f6z yoluyla d\u0131\u015far\u0131ya \u00e7\u0131kanlar \u201czukam\u201d, bo\u011faz ve geniz ak\u0131nt\u0131s\u0131yla at\u0131lanlar da \u201cnezle\u201d olarak adland\u0131r\u0131l\u0131r. Geleneksel ve do\u011fal t\u0131p, nezle ve zukam\u0131 hastal\u0131klar\u0131n anas\u0131 olarak adland\u0131r\u0131r. MS\u2019ten sindirim sistemi rahats\u0131zl\u0131klar\u0131na, beyin ve sinir hastal\u0131klar\u0131n\u0131n bir\u00e7o\u011fundan kulak, g\u00f6z, a\u011f\u0131z, di\u015f, tiroid, rahim, g\u00f6\u011f\u00fcs, prostat hastal\u0131klar\u0131na kadar bir\u00e7ok hastal\u0131\u011f\u0131n kayna\u011f\u0131nda bunlar vard\u0131r.  Bu kitap; hastal\u0131klara yakalanmadan nas\u0131l sa\u011fl\u0131kl\u0131 ya\u015fayaca\u011f\u0131n\u0131z\u0131, e\u011fer yakalanm\u0131\u015f iseniz do\u011fal g\u0131da ve takviyelerle bu hastal\u0131klardan nas\u0131l kurtulaca\u011f\u0131n\u0131z\u0131 geleneksel t\u0131p y\u00f6ntemleri ile anlatmaktad\u0131r.<\/p>\n","protected":false},"excerpt":{"rendered":"<p>Geleneksel t\u0131bba g\u00f6re v\u00fccudumuzda buhar olu\u015fur ve bu da beyinde toplanarak s\u0131v\u0131la\u015f\u0131r ve d\u0131\u015far\u0131ya at\u0131l\u0131r. Beyinden burun ve g\u00f6z yoluyla d\u0131\u015far\u0131ya \u00e7\u0131kanlar \u201czukam\u201d, bo\u011faz ve geniz<span class=\"excerpt-hellip\"> [\u2026]<\/span><\/p>\n","protected":false},"featured_media":0,"template":"","meta":{"_monsterinsights_skip_tracking":false,"_monsterinsights_sitenote_active":false,"_monsterinsights_sitenote_note":"","_monsterinsights_sitenote_category":0},"product_brand":[],"product_cat":[13397,13365],"product_tag":[],"class_list":{"0":"post-762588","1":"product","2":"type-product","3":"status-publish","5":"product_cat-alternatif-tip-sifali-bitkiler","6":"product_cat-saglik","7":"pa_cilt-ciltsiz","8":"pa_tur-kitap","9":"pa_yayinevi-cinaralti-yayinlari","10":"pa_yazar-farzollah-gholizadeh-fariba-bayrami","12":"first","13":"instock","14":"sale","15":"shipping-taxable","16":"purchasable","17":"product-type-simple"},"_links":{"self":[{"href":"https:\/\/roveyayinevi.com.tr\/index.php\/wp-json\/wp\/v2\/product\/762588","targetHints":{"allow":["GET"]}}],"collection":[{"href":"https:\/\/roveyayinevi.com.tr\/index.php\/wp-json\/wp\/v2\/product"}],"about":[{"href":"https:\/\/roveyayinevi.com.tr\/index.php\/wp-json\/wp\/v2\/types\/product"}],"wp:attachment":[{"href":"https:\/\/roveyayinevi.com.tr\/index.php\/wp-json\/wp\/v2\/media?parent=762588"}],"wp:term":[{"taxonomy":"product_brand","embeddable":true,"href":"https:\/\/roveyayinevi.com.tr\/index.php\/wp-json\/wp\/v2\/product_brand?post=762588"},{"taxonomy":"product_cat","embeddable":true,"href":"https:\/\/roveyayinevi.com.tr\/index.php\/wp-json\/wp\/v2\/product_cat?post=762588"},{"taxonomy":"product_tag","embeddable":true,"href":"https:\/\/roveyayinevi.com.tr\/index.php\/wp-json\/wp\/v2\/product_tag?post=762588"}],"curies":[{"name":"wp","href":"https:\/\/api.w.org\/{rel}","templated":true}]}}