{"id":762586,"date":"2025-08-28T10:14:15","date_gmt":"2025-08-28T07:14:15","guid":{"rendered":"https:\/\/roveyayinevi.com.tr\/index.php\/urun\/batman-yeni-52-cilt-3-ailenin-olumu-retro\/"},"modified":"2026-04-15T03:27:41","modified_gmt":"2026-04-15T00:27:41","slug":"batman-yeni-52-cilt-3-ailenin-olumu-retro","status":"publish","type":"product","link":"https:\/\/roveyayinevi.com.tr\/index.php\/urun\/batman-yeni-52-cilt-3-ailenin-olumu-retro\/","title":{"rendered":"Batman Yeni 52 Cilt 3: Ailenin \u00d6l\u00fcm\u00fc (Retro!)"},"content":{"rendered":"<p>B\u0130L\u0130N BAKALIM K\u0130M GER\u0130 D\u00d6ND\u00dc? B\u0130R YIL BOYUNCA, &#8230;delinin teki taraf\u0131ndan y\u00fcz\u00fcn\u00fcn solgun beyaz derisi y\u00fcz\u00fcld\u00fckten sonra sakatlanm\u0131\u015f ve yaralanm\u0131\u015f h\u00e2lde sendeleyerek Gotham sokaklar\u0131ndan ka\u00e7t\u0131\u011f\u0131 g\u00fcnden beri&#8230; GOTHAM \u015eEHR\u0130 \u00d6ZG\u00dcRD\u00dc. Batman ve dostlar\u0131, bir y\u0131l boyunca Joker\u2019in ne zaman geri d\u00f6nece\u011fini d\u00fc\u015f\u00fcnerek tedirgin ve tetikte bekledi. Joker d\u00f6nd\u00fc, hem de hi\u00e7 olmad\u0131\u011f\u0131 kadar sinsi ve \u00f6l\u00fcmc\u00fcl bir \u015feye d\u00f6n\u00fc\u015ferek. Bu kez hedefi Kara \u015e\u00f6valye de\u011filmi\u015f gibi g\u00f6r\u00fcn\u00fcyor. Onun yerine, hain emellerini Komiser Gordon, Alfred, Robin, Nightwing ve Red Robin\u2019e y\u00f6neltmi\u015f durumda&#8230; Batman\u2019in kalan tek ailesine&#8230; Su\u00e7 d\u00fcnyas\u0131n\u0131n Palya\u00e7o Prensi, en beklenmedik, en ac\u0131mas\u0131z ve en psikopat sald\u0131r\u0131s\u0131na haz\u0131rlan\u0131rken Batman\u2019in en yak\u0131n\u0131ndakilere g\u00f6z\u00fcn\u00fc dikmi\u015f durumda. Batman, ba\u015f d\u00fc\u015fman\u0131n\u0131n gelmi\u015f ge\u00e7mi\u015f en manyak\u00e7a sald\u0131r\u0131s\u0131n\u0131 durdurabilecek mi? Yoksa Batman\u2019in in\u015fa etti\u011fi her \u015feye mal olacak \u00f6l\u00fcmc\u00fcl bir s\u0131rr\u0131n a\u00e7\u0131\u011fa \u00e7\u0131k\u0131\u015f\u0131na m\u0131 tan\u0131kl\u0131k edece\u011fiz?<\/p>\n","protected":false},"excerpt":{"rendered":"<p>B\u0130L\u0130N BAKALIM K\u0130M GER\u0130 D\u00d6ND\u00dc? B\u0130R YIL BOYUNCA, &#8230;delinin teki taraf\u0131ndan y\u00fcz\u00fcn\u00fcn solgun beyaz derisi y\u00fcz\u00fcld\u00fckten sonra sakatlanm\u0131\u015f ve yaralanm\u0131\u015f h\u00e2lde sendeleyerek Gotham sokaklar\u0131ndan ka\u00e7t\u0131\u011f\u0131 g\u00fcnden<span class=\"excerpt-hellip\"> [\u2026]<\/span><\/p>\n","protected":false},"featured_media":0,"template":"","meta":{"_monsterinsights_skip_tracking":false,"_monsterinsights_sitenote_active":false,"_monsterinsights_sitenote_note":"","_monsterinsights_sitenote_category":0},"product_brand":[],"product_cat":[12416,12291],"product_tag":[],"class_list":{"0":"post-762586","1":"product","2":"type-product","3":"status-publish","5":"product_cat-cizgi-roman","6":"product_cat-edebiyat","7":"pa_cilt-ciltsiz","8":"pa_tur-kitap","9":"pa_yayinevi-jbc-yayincilik","10":"pa_yazar-scott-snyder","12":"first","13":"instock","14":"sale","15":"shipping-taxable","16":"purchasable","17":"product-type-simple"},"_links":{"self":[{"href":"https:\/\/roveyayinevi.com.tr\/index.php\/wp-json\/wp\/v2\/product\/762586","targetHints":{"allow":["GET"]}}],"collection":[{"href":"https:\/\/roveyayinevi.com.tr\/index.php\/wp-json\/wp\/v2\/product"}],"about":[{"href":"https:\/\/roveyayinevi.com.tr\/index.php\/wp-json\/wp\/v2\/types\/product"}],"wp:attachment":[{"href":"https:\/\/roveyayinevi.com.tr\/index.php\/wp-json\/wp\/v2\/media?parent=762586"}],"wp:term":[{"taxonomy":"product_brand","embeddable":true,"href":"https:\/\/roveyayinevi.com.tr\/index.php\/wp-json\/wp\/v2\/product_brand?post=762586"},{"taxonomy":"product_cat","embeddable":true,"href":"https:\/\/roveyayinevi.com.tr\/index.php\/wp-json\/wp\/v2\/product_cat?post=762586"},{"taxonomy":"product_tag","embeddable":true,"href":"https:\/\/roveyayinevi.com.tr\/index.php\/wp-json\/wp\/v2\/product_tag?post=762586"}],"curies":[{"name":"wp","href":"https:\/\/api.w.org\/{rel}","templated":true}]}}