{"id":762585,"date":"2025-08-28T10:14:13","date_gmt":"2025-08-28T07:14:13","guid":{"rendered":"https:\/\/roveyayinevi.com.tr\/index.php\/urun\/tavsan-peterin-masali-tavsan-benjaminin-masali\/"},"modified":"2026-04-15T03:27:41","modified_gmt":"2026-04-15T00:27:41","slug":"tavsan-peterin-masali-tavsan-benjaminin-masali","status":"publish","type":"product","link":"https:\/\/roveyayinevi.com.tr\/index.php\/urun\/tavsan-peterin-masali-tavsan-benjaminin-masali\/","title":{"rendered":"Tav\u015fan Peter\u2019in Masal\u0131 &#8211; Tav\u015fan Benjamin\u2019in Masal\u0131"},"content":{"rendered":"<p>\u00c7ocuklar\u0131m\u0131za yeni bir m\u00fcjde veriyoruz; y\u0131llard\u0131r t\u00fcm d\u00fcnyada keyifle okunan, milyonlarca bask\u0131s\u0131 yap\u0131lan Tav\u015fan Peter ve arkada\u015flar\u0131n\u0131n maceralar\u0131n\u0131, Yay\u0131nevimiz yazarlar\u0131ndan, \u00e7ocuk edebiyat\u0131n\u0131n g\u00fc\u00e7l\u00fc kalemi Hakan Karc\u0131\u2019n\u0131n edit\u00f6rl\u00fc\u011f\u00fcnde yap\u0131lan titiz bir uyarlamayla okuyucular\u0131m\u0131z\u0131n be\u011fenisine sunuyoruz. Her sayfas\u0131, bizzat kitab\u0131n yazar\u0131 Beatrix Potter taraf\u0131ndan, konuya uygun olarak \u00e7izilen renkli resimlerle bezenmi\u015f bir \u015fekilde bas\u0131lan bu harika kitab\u0131 okurken, \u00e7ocuklar\u0131m\u0131z, kitap okumay\u0131, bir kez daha, \u00e7ok sevecekler. \u00dcstelik, \u00abMatru\u015fka Kitaplar:Bir Kitap \u0130ki Eser\u00bb Serimizden \u00e7\u0131kard\u0131\u011f\u0131m\u0131z bu kitapta iki macera birden yer al\u0131yor: TAV\u015eAN PETER\u2019\u0130N MASALI VE TAV\u015eAN BENJAM\u0130N\u2019\u0130N MASALI. Haydi \u00e7ocuklar, yak\u0131ndan tan\u0131d\u0131\u011f\u0131n\u0131z Tav\u015fan Peter ve arkada\u015flar\u0131yla doyumsuz bir e\u011flenceye ! <\/p>\n","protected":false},"excerpt":{"rendered":"<p>\u00c7ocuklar\u0131m\u0131za yeni bir m\u00fcjde veriyoruz; y\u0131llard\u0131r t\u00fcm d\u00fcnyada keyifle okunan, milyonlarca bask\u0131s\u0131 yap\u0131lan Tav\u015fan Peter ve arkada\u015flar\u0131n\u0131n maceralar\u0131n\u0131, Yay\u0131nevimiz yazarlar\u0131ndan, \u00e7ocuk edebiyat\u0131n\u0131n g\u00fc\u00e7l\u00fc kalemi Hakan Karc\u0131\u2019n\u0131n<span class=\"excerpt-hellip\"> [\u2026]<\/span><\/p>\n","protected":false},"featured_media":0,"template":"","meta":{"_monsterinsights_skip_tracking":false,"_monsterinsights_sitenote_active":false,"_monsterinsights_sitenote_note":"","_monsterinsights_sitenote_category":0},"product_brand":[],"product_cat":[12275,12274],"product_tag":[],"class_list":{"0":"post-762585","1":"product","2":"type-product","3":"status-publish","5":"product_cat-6-12-yas-kitaplari","6":"product_cat-cocuk-ve-genclik-kitaplari","7":"pa_cilt-ciltsiz","8":"pa_tur-kitap","9":"pa_yayinevi-kaptan-kitap","10":"pa_yazar-beatrix-potter","12":"first","13":"instock","14":"sale","15":"shipping-taxable","16":"purchasable","17":"product-type-simple"},"_links":{"self":[{"href":"https:\/\/roveyayinevi.com.tr\/index.php\/wp-json\/wp\/v2\/product\/762585","targetHints":{"allow":["GET"]}}],"collection":[{"href":"https:\/\/roveyayinevi.com.tr\/index.php\/wp-json\/wp\/v2\/product"}],"about":[{"href":"https:\/\/roveyayinevi.com.tr\/index.php\/wp-json\/wp\/v2\/types\/product"}],"wp:attachment":[{"href":"https:\/\/roveyayinevi.com.tr\/index.php\/wp-json\/wp\/v2\/media?parent=762585"}],"wp:term":[{"taxonomy":"product_brand","embeddable":true,"href":"https:\/\/roveyayinevi.com.tr\/index.php\/wp-json\/wp\/v2\/product_brand?post=762585"},{"taxonomy":"product_cat","embeddable":true,"href":"https:\/\/roveyayinevi.com.tr\/index.php\/wp-json\/wp\/v2\/product_cat?post=762585"},{"taxonomy":"product_tag","embeddable":true,"href":"https:\/\/roveyayinevi.com.tr\/index.php\/wp-json\/wp\/v2\/product_tag?post=762585"}],"curies":[{"name":"wp","href":"https:\/\/api.w.org\/{rel}","templated":true}]}}