{"id":762583,"date":"2025-08-28T10:14:08","date_gmt":"2025-08-28T07:14:08","guid":{"rendered":"https:\/\/roveyayinevi.com.tr\/index.php\/urun\/flort\/"},"modified":"2026-04-15T03:27:41","modified_gmt":"2026-04-15T00:27:41","slug":"flort","status":"publish","type":"product","link":"https:\/\/roveyayinevi.com.tr\/index.php\/urun\/flort\/","title":{"rendered":"Fl\u00f6rt"},"content":{"rendered":"<p>ARANIYOR: G\u00d6STERMEL\u0130K SEVG\u0130L\u0130 Romantik ili\u015fkilerin hayat\u0131n\u0131 alt\u00fcst etmesinden b\u0131km\u0131\u015f, bek\u00e2r bir kad\u0131n\u0131m. Yine de yan\u0131mda biri olsa dedi\u011fim g\u00fcnler oluyor. Tercihen yirmilerinin ortas\u0131 ila otuzlar\u0131n\u0131n sonlar\u0131nda bek\u00e2r bir erkekseniz ve benimle benzer bir durumdaysan\u0131z tam da birbirimize g\u00f6re olabiliriz. \u0130deal aday yak\u0131\u015f\u0131kl\u0131, \u00e7ekici ve bana kar\u015f\u0131 romantik hisler besliyormu\u015f gibi davranmaya istekli olmal\u0131d\u0131r. Farkl\u0131 konularda sohbet edebilme kapasitesi tercih nedenidir. Bu \u00e7ift tarafl\u0131 bir anla\u015fma olacakt\u0131r. Sizin zaman\u0131n\u0131za kar\u015f\u0131l\u0131k benimki. Patronunuzun g\u00f6z\u00fcnde sizi iyi g\u00f6sterecek bir kad\u0131n m\u0131 istiyorsunuz? Hemen topuklular\u0131m\u0131 giyiyorum.   Eski sevgilinizin g\u00f6z\u00fc \u00f6n\u00fcnde i\u00e7inize d\u00fc\u015fecek biri mi laz\u0131m?   K\u0131rm\u0131z\u0131 rujumu s\u00fcrd\u00fcm bile.   Teklifimle ilgileniyorsan\u0131z l\u00fctfen bana yaz\u0131n.   Kaybedecek zaman\u0131m\u0131z yok. <\/p>\n","protected":false},"excerpt":{"rendered":"<p>ARANIYOR: G\u00d6STERMEL\u0130K SEVG\u0130L\u0130 Romantik ili\u015fkilerin hayat\u0131n\u0131 alt\u00fcst etmesinden b\u0131km\u0131\u015f, bek\u00e2r bir kad\u0131n\u0131m. Yine de yan\u0131mda biri olsa dedi\u011fim g\u00fcnler oluyor. Tercihen yirmilerinin ortas\u0131 ila otuzlar\u0131n\u0131n sonlar\u0131nda<span class=\"excerpt-hellip\"> [\u2026]<\/span><\/p>\n","protected":false},"featured_media":0,"template":"","meta":{"_monsterinsights_skip_tracking":false,"_monsterinsights_sitenote_active":false,"_monsterinsights_sitenote_note":"","_monsterinsights_sitenote_category":0},"product_brand":[],"product_cat":[12291,12711],"product_tag":[],"class_list":{"0":"post-762583","1":"product","2":"type-product","3":"status-publish","5":"product_cat-edebiyat","6":"product_cat-roman-oyku","7":"pa_cilt-ciltsiz","8":"pa_tur-kitap","9":"pa_yayinevi-nox-yayinlari","10":"pa_yazar-adriana-locke","12":"first","13":"instock","14":"sale","15":"shipping-taxable","16":"purchasable","17":"product-type-simple"},"_links":{"self":[{"href":"https:\/\/roveyayinevi.com.tr\/index.php\/wp-json\/wp\/v2\/product\/762583","targetHints":{"allow":["GET"]}}],"collection":[{"href":"https:\/\/roveyayinevi.com.tr\/index.php\/wp-json\/wp\/v2\/product"}],"about":[{"href":"https:\/\/roveyayinevi.com.tr\/index.php\/wp-json\/wp\/v2\/types\/product"}],"wp:attachment":[{"href":"https:\/\/roveyayinevi.com.tr\/index.php\/wp-json\/wp\/v2\/media?parent=762583"}],"wp:term":[{"taxonomy":"product_brand","embeddable":true,"href":"https:\/\/roveyayinevi.com.tr\/index.php\/wp-json\/wp\/v2\/product_brand?post=762583"},{"taxonomy":"product_cat","embeddable":true,"href":"https:\/\/roveyayinevi.com.tr\/index.php\/wp-json\/wp\/v2\/product_cat?post=762583"},{"taxonomy":"product_tag","embeddable":true,"href":"https:\/\/roveyayinevi.com.tr\/index.php\/wp-json\/wp\/v2\/product_tag?post=762583"}],"curies":[{"name":"wp","href":"https:\/\/api.w.org\/{rel}","templated":true}]}}