{"id":762582,"date":"2025-08-28T10:14:06","date_gmt":"2025-08-28T07:14:06","guid":{"rendered":"https:\/\/roveyayinevi.com.tr\/index.php\/urun\/en-cok-anlamak-yoruyor-bizi\/"},"modified":"2026-04-03T03:19:55","modified_gmt":"2026-04-03T00:19:55","slug":"en-cok-anlamak-yoruyor-bizi","status":"publish","type":"product","link":"https:\/\/roveyayinevi.com.tr\/index.php\/urun\/en-cok-anlamak-yoruyor-bizi\/","title":{"rendered":"En \u00c7ok Anlamak Yoruyor Bizi"},"content":{"rendered":"<p>ANLAMAYA \u00c7ALI\u015eMAK, ARTIK HAYL\u0130 YORUCU B\u0130R \u00c7ABA, ANLA\u015eILAMAMAKSA KIRICI&#8230;   \u0130nsanlar\u0131 anlamaya \u00e7al\u0131\u015farak kendimizden bir\u00e7ok \u015feyi feda ediyoruz. Bunun sonunda ise y\u0131pranan, hayal k\u0131r\u0131kl\u0131\u011f\u0131na u\u011frayan hep biz oluyoruz. \u00c7\u00fcnk\u00fc en \u00e7ok anlamak yoruyor bizi&#8230; Bu k\u0131sac\u0131k hayata ba\u015fkalar\u0131n\u0131 memnun etmeye gelmedik.   Peki ne yapmal\u0131y\u0131z?   Kendi \u00f6zel alan\u0131m\u0131z\u0131n etraf\u0131n\u0131 g\u00fc\u00e7lendirmeli ve en yak\u0131nlar\u0131m\u0131z bile olsa o alana kimseyi sokmamal\u0131y\u0131z. Her insan\u0131n kendi i\u00e7inde kendine ait bir s\u0131\u011f\u0131na\u011f\u0131 olmas\u0131 gerekli. \u00c7\u00fcnk\u00fc bu hayatta ne ya\u015farsak ya\u015fayal\u0131m yine en sonunda kendimizden ba\u015fka ka\u00e7acak yerimiz yok.   Bu bencillik de\u011fil tam tersine ki\u015finin kendi \u00f6zsayg\u0131s\u0131n\u0131n fark\u0131nda olup, hayat\u0131na kendisinin y\u00f6n vermesi demektir.   Bu kitap ne ba\u015fkas\u0131n\u0131 anlaman\u0131n yollar\u0131n\u0131 sunuyor ne de anla\u015f\u0131lmak i\u00e7in nas\u0131l bir m\u00fccadeleye girmek gerekti\u011finin. Burada i\u00e7inizdeki s\u0131\u011f\u0131na\u011f\u0131 yeniden dayay\u0131p d\u00f6\u015femenin, h\u0131zl\u0131 de\u011fi\u015fmeyen ve g\u00fcven veren mabedinizi zenginle\u015ftirmenin ipu\u00e7lar\u0131n\u0131 bulacaks\u0131n\u0131z. <\/p>\n","protected":false},"excerpt":{"rendered":"<p>ANLAMAYA \u00c7ALI\u015eMAK, ARTIK HAYL\u0130 YORUCU B\u0130R \u00c7ABA, ANLA\u015eILAMAMAKSA KIRICI&#8230; \u0130nsanlar\u0131 anlamaya \u00e7al\u0131\u015farak kendimizden bir\u00e7ok \u015feyi feda ediyoruz. Bunun sonunda ise y\u0131pranan, hayal k\u0131r\u0131kl\u0131\u011f\u0131na u\u011frayan hep biz<span class=\"excerpt-hellip\"> [\u2026]<\/span><\/p>\n","protected":false},"featured_media":0,"template":"","meta":{"_monsterinsights_skip_tracking":false,"_monsterinsights_sitenote_active":false,"_monsterinsights_sitenote_note":"","_monsterinsights_sitenote_category":0},"product_brand":[],"product_cat":[12364,12376],"product_tag":[],"class_list":{"0":"post-762582","1":"product","2":"type-product","3":"status-publish","5":"product_cat-genel-konular","6":"product_cat-kisisel-gelisim","7":"pa_cilt-ciltsiz","8":"pa_tur-kitap","9":"pa_yayinevi-destek-yayinlari","10":"pa_yazar-zehra-topal","12":"first","13":"instock","14":"sale","15":"shipping-taxable","16":"purchasable","17":"product-type-simple"},"_links":{"self":[{"href":"https:\/\/roveyayinevi.com.tr\/index.php\/wp-json\/wp\/v2\/product\/762582","targetHints":{"allow":["GET"]}}],"collection":[{"href":"https:\/\/roveyayinevi.com.tr\/index.php\/wp-json\/wp\/v2\/product"}],"about":[{"href":"https:\/\/roveyayinevi.com.tr\/index.php\/wp-json\/wp\/v2\/types\/product"}],"wp:attachment":[{"href":"https:\/\/roveyayinevi.com.tr\/index.php\/wp-json\/wp\/v2\/media?parent=762582"}],"wp:term":[{"taxonomy":"product_brand","embeddable":true,"href":"https:\/\/roveyayinevi.com.tr\/index.php\/wp-json\/wp\/v2\/product_brand?post=762582"},{"taxonomy":"product_cat","embeddable":true,"href":"https:\/\/roveyayinevi.com.tr\/index.php\/wp-json\/wp\/v2\/product_cat?post=762582"},{"taxonomy":"product_tag","embeddable":true,"href":"https:\/\/roveyayinevi.com.tr\/index.php\/wp-json\/wp\/v2\/product_tag?post=762582"}],"curies":[{"name":"wp","href":"https:\/\/api.w.org\/{rel}","templated":true}]}}