{"id":762581,"date":"2025-08-28T10:14:04","date_gmt":"2025-08-28T07:14:04","guid":{"rendered":"https:\/\/roveyayinevi.com.tr\/index.php\/urun\/nemrutu-bize-armagan-eden-kadin\/"},"modified":"2026-04-15T03:27:41","modified_gmt":"2026-04-15T00:27:41","slug":"nemrutu-bize-armagan-eden-kadin","status":"publish","type":"product","link":"https:\/\/roveyayinevi.com.tr\/index.php\/urun\/nemrutu-bize-armagan-eden-kadin\/","title":{"rendered":"Nemrut\u2019u Bize Arma\u011fan Eden Kad\u0131n"},"content":{"rendered":"<p>K\u0131rkl\u0131 ya\u015flar\u0131n\u0131n ortas\u0131nda bir kad\u0131nd\u0131&#8230; Bo\u015fanm\u0131\u015ft\u0131, \u00e7ocuklu, dul bir anneydi. Kulaklar\u0131 hi\u00e7 duymuyordu, sa\u011f\u0131rd\u0131. Erkeklerin alan\u0131 olan arkeoloji ile u\u011fra\u015f\u0131yordu. Muhafazak\u00e2r bir Yahudi olarak M\u00fcsl\u00fcman bir \u00fclkede \u00e7al\u0131\u015fmaya geldi ve hayat\u0131n\u0131 Nemrut Da\u011f\u0131\u2019na adad\u0131. \u00c7\u00fcnk\u00fc ona, yani Nemrut\u2019un kral\u0131 Antiokhos\u2019a \u00e2\u015f\u0131kt\u0131.Bu kitap, 20\u2019nci y\u00fczy\u0131l\u0131n ba\u015f\u0131nda 1901 y\u0131l\u0131nda do\u011fup, 1980\u2019li y\u0131llarda hayat\u0131n\u0131 kaybeden ama ya\u015fam\u0131n\u0131n \u00f6nemli b\u00f6l\u00fcm\u00fcn\u00fc T\u00fcrkiye\u2019de s\u0131ras\u0131yla Tarsus, Malatya, Ankara, Ad\u0131yaman, Gaziantep\u2019te ge\u00e7iren \u00f6nc\u00fc bir arkeolog kad\u0131n\u0131n; New Yorklu Theresa Goell\u2019in \u00f6yk\u00fcs\u00fcn\u00fc anlat\u0131yor.<\/p>\n","protected":false},"excerpt":{"rendered":"<p>K\u0131rkl\u0131 ya\u015flar\u0131n\u0131n ortas\u0131nda bir kad\u0131nd\u0131&#8230; Bo\u015fanm\u0131\u015ft\u0131, \u00e7ocuklu, dul bir anneydi. Kulaklar\u0131 hi\u00e7 duymuyordu, sa\u011f\u0131rd\u0131. Erkeklerin alan\u0131 olan arkeoloji ile u\u011fra\u015f\u0131yordu. Muhafazak\u00e2r bir Yahudi olarak M\u00fcsl\u00fcman bir<span class=\"excerpt-hellip\"> [\u2026]<\/span><\/p>\n","protected":false},"featured_media":0,"template":"","meta":{"_monsterinsights_skip_tracking":false,"_monsterinsights_sitenote_active":false,"_monsterinsights_sitenote_note":"","_monsterinsights_sitenote_category":0},"product_brand":[],"product_cat":[12370,12304],"product_tag":[],"class_list":{"0":"post-762581","1":"product","2":"type-product","3":"status-publish","5":"product_cat-arastirma-inceleme","6":"product_cat-tarih","7":"pa_cilt-ciltsiz","8":"pa_tur-kitap","9":"pa_yayinevi-kara-karga-yayinlari","10":"pa_yazar-dogan-satmis","12":"first","13":"instock","14":"sale","15":"shipping-taxable","16":"purchasable","17":"product-type-simple"},"_links":{"self":[{"href":"https:\/\/roveyayinevi.com.tr\/index.php\/wp-json\/wp\/v2\/product\/762581","targetHints":{"allow":["GET"]}}],"collection":[{"href":"https:\/\/roveyayinevi.com.tr\/index.php\/wp-json\/wp\/v2\/product"}],"about":[{"href":"https:\/\/roveyayinevi.com.tr\/index.php\/wp-json\/wp\/v2\/types\/product"}],"wp:attachment":[{"href":"https:\/\/roveyayinevi.com.tr\/index.php\/wp-json\/wp\/v2\/media?parent=762581"}],"wp:term":[{"taxonomy":"product_brand","embeddable":true,"href":"https:\/\/roveyayinevi.com.tr\/index.php\/wp-json\/wp\/v2\/product_brand?post=762581"},{"taxonomy":"product_cat","embeddable":true,"href":"https:\/\/roveyayinevi.com.tr\/index.php\/wp-json\/wp\/v2\/product_cat?post=762581"},{"taxonomy":"product_tag","embeddable":true,"href":"https:\/\/roveyayinevi.com.tr\/index.php\/wp-json\/wp\/v2\/product_tag?post=762581"}],"curies":[{"name":"wp","href":"https:\/\/api.w.org\/{rel}","templated":true}]}}