{"id":762580,"date":"2025-08-28T10:14:02","date_gmt":"2025-08-28T07:14:02","guid":{"rendered":"https:\/\/roveyayinevi.com.tr\/index.php\/urun\/kral-pele\/"},"modified":"2026-04-15T03:27:40","modified_gmt":"2026-04-15T00:27:40","slug":"kral-pele","status":"publish","type":"product","link":"https:\/\/roveyayinevi.com.tr\/index.php\/urun\/kral-pele\/","title":{"rendered":"Kral Pele"},"content":{"rendered":"<p>\u201cBa\u015far\u0131 kaza eseri gelmez. Yo\u011fun \u00e7al\u0131\u015fmayla, kararl\u0131l\u0131kla, et\u00fctle, fedak\u00e2rl\u0131kla ama hepsinden \u00f6nemlisi yapt\u0131\u011f\u0131n i\u015fe duydu\u011fun tutkuyla gelir. \u201d Pel\u00e9Brezilya\u2019n\u0131n Sao Paulo eyaletinin s\u00f6n\u00fck bir mahallesinde do\u011fan Edson Arantes do Nascimento, herkes\u00e7e bilinen ad\u0131yla Pel\u00e9, ilk profesyonel futbol s\u00f6zle\u015fmesini 15 ya\u015f\u0131nda imzalar. \u0130ki seneden k\u0131sa bir s\u00fcre i\u00e7erisinde daha o ya\u015fta filiz veren dehas\u0131 Brezilya Ulusal Tak\u0131m formas\u0131yla kazand\u0131\u011f\u0131 1958 D\u00fcnya Kupas\u0131\u2019nda, sadece \u00fclkesini de\u011fil b\u00fct\u00fcn d\u00fcnyay\u0131 yerinden oynat\u0131r. Ma\u00e7larda 1279 gole imza atan Kral, \u00fc\u00e7 D\u00fcnya Kupas\u0131 getirir.FIFA ve Uluslararas\u0131 Olimpiyat Komitesi\u2019nin istisnai kariyeri sayesinde 20. y\u00fczy\u0131l\u0131n en iyi futbolcusu ve sporcusu se\u00e7ti\u011fi Pel\u00e9 ayn\u0131 zamanda Unicef \u0130yi Niyet El\u00e7isi olarak b\u00fct\u00fcn d\u00fcnyay\u0131 dola\u015ft\u0131. Pel\u00e9 farkl\u0131 renklerden, k\u00fclt\u00fcrlerden ve dinlerden milyarlarca ki\u015fiyi bir araya getiren bir sporun ya\u015fayan sembol\u00fcyd\u00fc: Futbolun.<\/p>\n","protected":false},"excerpt":{"rendered":"<p>\u201cBa\u015far\u0131 kaza eseri gelmez. Yo\u011fun \u00e7al\u0131\u015fmayla, kararl\u0131l\u0131kla, et\u00fctle, fedak\u00e2rl\u0131kla ama hepsinden \u00f6nemlisi yapt\u0131\u011f\u0131n i\u015fe duydu\u011fun tutkuyla gelir. \u201d Pel\u00e9Brezilya\u2019n\u0131n Sao Paulo eyaletinin s\u00f6n\u00fck bir mahallesinde do\u011fan<span class=\"excerpt-hellip\"> [\u2026]<\/span><\/p>\n","protected":false},"featured_media":0,"template":"","meta":{"_monsterinsights_skip_tracking":false,"_monsterinsights_sitenote_active":false,"_monsterinsights_sitenote_note":"","_monsterinsights_sitenote_category":0},"product_brand":[],"product_cat":[12416,12291],"product_tag":[],"class_list":{"0":"post-762580","1":"product","2":"type-product","3":"status-publish","5":"product_cat-cizgi-roman","6":"product_cat-edebiyat","7":"pa_cilt-ciltsiz","8":"pa_tur-kitap","9":"pa_yayinevi-kara-karga-yayinlari","10":"pa_yazar-eddy-simon-vincent-brascaglia","12":"first","13":"instock","14":"sale","15":"shipping-taxable","16":"purchasable","17":"product-type-simple"},"_links":{"self":[{"href":"https:\/\/roveyayinevi.com.tr\/index.php\/wp-json\/wp\/v2\/product\/762580","targetHints":{"allow":["GET"]}}],"collection":[{"href":"https:\/\/roveyayinevi.com.tr\/index.php\/wp-json\/wp\/v2\/product"}],"about":[{"href":"https:\/\/roveyayinevi.com.tr\/index.php\/wp-json\/wp\/v2\/types\/product"}],"wp:attachment":[{"href":"https:\/\/roveyayinevi.com.tr\/index.php\/wp-json\/wp\/v2\/media?parent=762580"}],"wp:term":[{"taxonomy":"product_brand","embeddable":true,"href":"https:\/\/roveyayinevi.com.tr\/index.php\/wp-json\/wp\/v2\/product_brand?post=762580"},{"taxonomy":"product_cat","embeddable":true,"href":"https:\/\/roveyayinevi.com.tr\/index.php\/wp-json\/wp\/v2\/product_cat?post=762580"},{"taxonomy":"product_tag","embeddable":true,"href":"https:\/\/roveyayinevi.com.tr\/index.php\/wp-json\/wp\/v2\/product_tag?post=762580"}],"curies":[{"name":"wp","href":"https:\/\/api.w.org\/{rel}","templated":true}]}}