{"id":762579,"date":"2025-08-28T10:13:59","date_gmt":"2025-08-28T07:13:59","guid":{"rendered":"https:\/\/roveyayinevi.com.tr\/index.php\/urun\/katiller-tatilde-1\/"},"modified":"2026-04-15T03:27:40","modified_gmt":"2026-04-15T00:27:40","slug":"katiller-tatilde-1","status":"publish","type":"product","link":"https:\/\/roveyayinevi.com.tr\/index.php\/urun\/katiller-tatilde-1\/","title":{"rendered":"Katiller Tatilde 1"},"content":{"rendered":"<p>Harry, Richard ve Yoshie. Onlar toplumun korkulu ru\u0308yas\u0131, ya\u015fam\u0131n k\u00e2buslar\u0131, k\u0131saca katiller. Ancak, bugu\u0308n farkl\u0131 bir gu\u0308n. Gizlice bulu\u015farak kendilerine ku\u0308\u00e7u\u0308k bir mola veriyorlar. Ama bu, s\u0131radan bir mola de\u011fil. Bir ev partisi! Katillerin bile dostlu\u011fa ve rahatlamaya ihtiyac\u0131 vard\u0131r. Katiller Tatilde, gerilim ve komediyi bir araya getirerek sizi s\u0131ra d\u0131\u015f\u0131 bir maceraya davet ediyor. Bu unutulmaz bulu\u015fmaya tan\u0131k olun ve bu katillerin e\u011flenceli ve beklenmedik yanlar\u0131n\u0131 ke\u015ffedin! Katillerin gizemli ve tehlikeli du\u0308nyas\u0131na ad\u0131m atmaya cesaretiniz var m\u0131?<\/p>\n","protected":false},"excerpt":{"rendered":"<p>Harry, Richard ve Yoshie. Onlar toplumun korkulu ru\u0308yas\u0131, ya\u015fam\u0131n k\u00e2buslar\u0131, k\u0131saca katiller. Ancak, bugu\u0308n farkl\u0131 bir gu\u0308n. Gizlice bulu\u015farak kendilerine ku\u0308\u00e7u\u0308k bir mola veriyorlar. Ama bu,<span class=\"excerpt-hellip\"> [\u2026]<\/span><\/p>\n","protected":false},"featured_media":0,"template":"","meta":{"_monsterinsights_skip_tracking":false,"_monsterinsights_sitenote_active":false,"_monsterinsights_sitenote_note":"","_monsterinsights_sitenote_category":0},"product_brand":[],"product_cat":[12416,12291],"product_tag":[],"class_list":{"0":"post-762579","1":"product","2":"type-product","3":"status-publish","5":"product_cat-cizgi-roman","6":"product_cat-edebiyat","7":"pa_cilt-ciltsiz","8":"pa_tur-kitap","9":"pa_yayinevi-athica-yayinlari","10":"pa_yazar-matsu","12":"first","13":"instock","14":"sale","15":"shipping-taxable","16":"purchasable","17":"product-type-simple"},"_links":{"self":[{"href":"https:\/\/roveyayinevi.com.tr\/index.php\/wp-json\/wp\/v2\/product\/762579","targetHints":{"allow":["GET"]}}],"collection":[{"href":"https:\/\/roveyayinevi.com.tr\/index.php\/wp-json\/wp\/v2\/product"}],"about":[{"href":"https:\/\/roveyayinevi.com.tr\/index.php\/wp-json\/wp\/v2\/types\/product"}],"wp:attachment":[{"href":"https:\/\/roveyayinevi.com.tr\/index.php\/wp-json\/wp\/v2\/media?parent=762579"}],"wp:term":[{"taxonomy":"product_brand","embeddable":true,"href":"https:\/\/roveyayinevi.com.tr\/index.php\/wp-json\/wp\/v2\/product_brand?post=762579"},{"taxonomy":"product_cat","embeddable":true,"href":"https:\/\/roveyayinevi.com.tr\/index.php\/wp-json\/wp\/v2\/product_cat?post=762579"},{"taxonomy":"product_tag","embeddable":true,"href":"https:\/\/roveyayinevi.com.tr\/index.php\/wp-json\/wp\/v2\/product_tag?post=762579"}],"curies":[{"name":"wp","href":"https:\/\/api.w.org\/{rel}","templated":true}]}}