{"id":762578,"date":"2025-08-28T10:13:57","date_gmt":"2025-08-28T07:13:57","guid":{"rendered":"https:\/\/roveyayinevi.com.tr\/index.php\/urun\/gizli-yaralar\/"},"modified":"2026-04-15T03:27:40","modified_gmt":"2026-04-15T00:27:40","slug":"gizli-yaralar","status":"publish","type":"product","link":"https:\/\/roveyayinevi.com.tr\/index.php\/urun\/gizli-yaralar\/","title":{"rendered":"Gizli Yaralar"},"content":{"rendered":"<p>Irak ve Afganistan&#8217;dan d\u00f6nm\u00fc\u015f; farkl\u0131 cinsiyetlerden, \u0131rklardan, cinsel y\u00f6nelimlerden 12 ABD ordusu gazisi.   Her birinin anlatacak e\u015fsiz birer hik\u00e2yesi var.   Karikat\u00fcrist Jess Ruliffson be\u015f y\u0131l boyunca ABD&#8217;yi ba\u015ftan ba\u015fa dola\u015farak gazilerle deniza\u015f\u0131r\u0131 g\u00f6revler ve ordudaki deneyimleri hakk\u0131nda r\u00f6portajlar yapt\u0131. Georgia&#8217;da mutfak masalar\u0131nda, New York k\u00fct\u00fcphanelerinde, Mississippi&#8217;de barlarda ve Vermont&#8217;ta verandalarda oturdu. Piyade \u00e7avu\u015fundan s\u00fcvari m\u00fcfreze liderine ve istihbarat analistine kadar \u00e7e\u015fitli gaziler, g\u00f6r\u00fcnmez sava\u015flarda askeri bir ortamdan sivil hayata ge\u00e7i\u015fin zorluklar\u0131 ve deneyimleriyle sava\u015f sonras\u0131 ya\u015famlar\u0131n\u0131 ba\u011fda\u015ft\u0131rma ihtiya\u00e7lar\u0131 hakk\u0131nda i\u00e7tenlikle konu\u015fuyor. <\/p>\n","protected":false},"excerpt":{"rendered":"<p>Irak ve Afganistan&#8217;dan d\u00f6nm\u00fc\u015f; farkl\u0131 cinsiyetlerden, \u0131rklardan, cinsel y\u00f6nelimlerden 12 ABD ordusu gazisi. Her birinin anlatacak e\u015fsiz birer hik\u00e2yesi var. Karikat\u00fcrist Jess Ruliffson be\u015f y\u0131l boyunca<span class=\"excerpt-hellip\"> [\u2026]<\/span><\/p>\n","protected":false},"featured_media":0,"template":"","meta":{"_monsterinsights_skip_tracking":false,"_monsterinsights_sitenote_active":false,"_monsterinsights_sitenote_note":"","_monsterinsights_sitenote_category":0},"product_brand":[],"product_cat":[12416,12291],"product_tag":[],"class_list":{"0":"post-762578","1":"product","2":"type-product","3":"status-publish","5":"product_cat-cizgi-roman","6":"product_cat-edebiyat","7":"pa_cilt-ciltsiz","8":"pa_tur-kitap","9":"pa_yayinevi-kara-karga-yayinlari","10":"pa_yazar-jess-ruliffson","12":"first","13":"instock","14":"sale","15":"shipping-taxable","16":"purchasable","17":"product-type-simple"},"_links":{"self":[{"href":"https:\/\/roveyayinevi.com.tr\/index.php\/wp-json\/wp\/v2\/product\/762578","targetHints":{"allow":["GET"]}}],"collection":[{"href":"https:\/\/roveyayinevi.com.tr\/index.php\/wp-json\/wp\/v2\/product"}],"about":[{"href":"https:\/\/roveyayinevi.com.tr\/index.php\/wp-json\/wp\/v2\/types\/product"}],"wp:attachment":[{"href":"https:\/\/roveyayinevi.com.tr\/index.php\/wp-json\/wp\/v2\/media?parent=762578"}],"wp:term":[{"taxonomy":"product_brand","embeddable":true,"href":"https:\/\/roveyayinevi.com.tr\/index.php\/wp-json\/wp\/v2\/product_brand?post=762578"},{"taxonomy":"product_cat","embeddable":true,"href":"https:\/\/roveyayinevi.com.tr\/index.php\/wp-json\/wp\/v2\/product_cat?post=762578"},{"taxonomy":"product_tag","embeddable":true,"href":"https:\/\/roveyayinevi.com.tr\/index.php\/wp-json\/wp\/v2\/product_tag?post=762578"}],"curies":[{"name":"wp","href":"https:\/\/api.w.org\/{rel}","templated":true}]}}