{"id":762577,"date":"2025-08-28T10:13:55","date_gmt":"2025-08-28T07:13:55","guid":{"rendered":"https:\/\/roveyayinevi.com.tr\/index.php\/urun\/lore-olympus-1-ciltli\/"},"modified":"2026-04-15T03:27:40","modified_gmt":"2026-04-15T00:27:40","slug":"lore-olympus-1-ciltli","status":"publish","type":"product","link":"https:\/\/roveyayinevi.com.tr\/index.php\/urun\/lore-olympus-1-ciltli\/","title":{"rendered":"Lore Olympus 1 (Ciltli)"},"content":{"rendered":"<p>Ahlaks\u0131z dedikodular, \u00e7\u0131lg\u0131n partiler ve yasak a\u015fk&#8230; Rachel Smythe\u2019\u0131n, mitolojinin en bilindik hik\u00e2yelerinden birine getirdi\u011fi bu \u015f\u0131k ve \u00e7a\u011fda\u015f yorumunda, tanr\u0131lar\u0131n karanl\u0131k \u00e7\u00f6ktu\u0308kten sonra neler yapt\u0131\u011f\u0131na tan\u0131k olun.   Gen\u00e7 bahar tanr\u0131\u00e7as\u0131 Persephone, Olimpos\u2019un yeni u\u0308yesi\u2026 Annesi Demeter onu \u00d6lu\u0308mlu\u0308ler Diyar\u0131\u2019nda yeti\u015ftirmi\u015ftir ama Persephone kutsal bir bakire olarak e\u011fitim alaca\u011f\u0131na s\u00f6z verince tanr\u0131lar\u0131n h\u0131zl\u0131 ve g\u00f6z al\u0131c\u0131 du\u0308nyas\u0131nda ya\u015famas\u0131na izin verilir. Oda arkada\u015f\u0131 Artemis onu bir partiye g\u00f6tu\u0308rdu\u0308\u011fu\u0308nde tu\u0308m hayat\u0131 de\u011fi\u015fir. Hades\u2019le tan\u0131\u015f\u0131r ve Yeralt\u0131 Du\u0308nyas\u0131\u2019n\u0131n bu\u0308yu\u0308leyici ama yanl\u0131\u015f anla\u015f\u0131lm\u0131\u015f hu\u0308ku\u0308mdar\u0131na kar\u015f\u0131 konulamaz bir \u00e7ekim hisseder. \u015eimdi Persephone bir yandan Olimpos\u2019u y\u00f6neten kafa kar\u0131\u015ft\u0131r\u0131c\u0131 politika ve ili\u015fkilerle u\u011fra\u015f\u0131rken bir yandan da kendi yerini ve gu\u0308cu\u0308nu\u0308 bulmak zorundad\u0131r.   Smythe\u2019\u0131n Eisner aday\u0131 orijinal webcomic Lore Olympus\u2019un bu yepyeni bask\u0131s\u0131 \u00f6zel bir k\u0131sa \u00f6yku\u0308 i\u00e7eriyor ve Yunan panteonunu, keskin bir alg\u0131 ve romantik grafik romanla modern \u00e7a\u011fa ta\u015f\u0131yor.   Bu cilt, 1 numaral\u0131 WEBTOON Lore Olympus\u2019 un 1-25. b\u00f6lu\u0308mlerini bir araya getiriyor. <\/p>\n","protected":false},"excerpt":{"rendered":"<p>Ahlaks\u0131z dedikodular, \u00e7\u0131lg\u0131n partiler ve yasak a\u015fk&#8230; Rachel Smythe\u2019\u0131n, mitolojinin en bilindik hik\u00e2yelerinden birine getirdi\u011fi bu \u015f\u0131k ve \u00e7a\u011fda\u015f yorumunda, tanr\u0131lar\u0131n karanl\u0131k \u00e7\u00f6ktu\u0308kten sonra neler yapt\u0131\u011f\u0131na<span class=\"excerpt-hellip\"> [\u2026]<\/span><\/p>\n","protected":false},"featured_media":0,"template":"","meta":{"_monsterinsights_skip_tracking":false,"_monsterinsights_sitenote_active":false,"_monsterinsights_sitenote_note":"","_monsterinsights_sitenote_category":0},"product_brand":[],"product_cat":[12416,12291],"product_tag":[],"class_list":{"0":"post-762577","1":"product","2":"type-product","3":"status-publish","5":"product_cat-cizgi-roman","6":"product_cat-edebiyat","7":"pa_cilt-ciltli","8":"pa_tur-kitap","9":"pa_yayinevi-athica-yayinlari","10":"pa_yazar-rachel-smythe","12":"first","13":"instock","14":"sale","15":"shipping-taxable","16":"purchasable","17":"product-type-simple"},"_links":{"self":[{"href":"https:\/\/roveyayinevi.com.tr\/index.php\/wp-json\/wp\/v2\/product\/762577","targetHints":{"allow":["GET"]}}],"collection":[{"href":"https:\/\/roveyayinevi.com.tr\/index.php\/wp-json\/wp\/v2\/product"}],"about":[{"href":"https:\/\/roveyayinevi.com.tr\/index.php\/wp-json\/wp\/v2\/types\/product"}],"wp:attachment":[{"href":"https:\/\/roveyayinevi.com.tr\/index.php\/wp-json\/wp\/v2\/media?parent=762577"}],"wp:term":[{"taxonomy":"product_brand","embeddable":true,"href":"https:\/\/roveyayinevi.com.tr\/index.php\/wp-json\/wp\/v2\/product_brand?post=762577"},{"taxonomy":"product_cat","embeddable":true,"href":"https:\/\/roveyayinevi.com.tr\/index.php\/wp-json\/wp\/v2\/product_cat?post=762577"},{"taxonomy":"product_tag","embeddable":true,"href":"https:\/\/roveyayinevi.com.tr\/index.php\/wp-json\/wp\/v2\/product_tag?post=762577"}],"curies":[{"name":"wp","href":"https:\/\/api.w.org\/{rel}","templated":true}]}}