{"id":762576,"date":"2025-08-28T10:13:52","date_gmt":"2025-08-28T07:13:52","guid":{"rendered":"https:\/\/roveyayinevi.com.tr\/index.php\/urun\/kemanci-kemal\/"},"modified":"2026-04-15T03:27:40","modified_gmt":"2026-04-15T00:27:40","slug":"kemanci-kemal","status":"publish","type":"product","link":"https:\/\/roveyayinevi.com.tr\/index.php\/urun\/kemanci-kemal\/","title":{"rendered":"Kemanc\u0131 Kemal"},"content":{"rendered":"<p>T\u00fcrk yaz\u0131n\u0131n an\u0131tsal ismi Osman \u015eahin, okuyucuyla ilk kez bulu\u015fan bu \u00f6yk\u00fclerinde olanaks\u0131z bir a\u015fk\u0131, engelleri yenmenin ve ya\u015fama tutunman\u0131n ki\u015fiye verdi\u011fi sevinci, insanl\u0131k tarihine ge\u00e7mi\u015f bir vah\u015feti ve soyk\u0131r\u0131m\u0131 anlat\u0131yor. Toplumsal \u00f6nyarg\u0131lar\u0131 ve sorgulamaks\u0131z\u0131n boyun e\u011fmeyi mahk\u00fbm ediyor, edebiyat\u0131n g\u00fcc\u00fcn\u00fc kullanarak insanl\u0131\u011f\u0131 sevgiye ve payla\u015fmaya \u00e7a\u011f\u0131r\u0131yor. 1995 y\u0131l\u0131nda Srebrenitsa\u2019da i\u015flenen ve \u201ckara bir leke\u201d olarak an\u0131lan bu soyk\u0131r\u0131m, bir arada ya\u015fama istencinin yerle bir oldu\u011fu bir \u00fclkenin nelerin bekledi\u011fini g\u00f6zler \u00f6n\u00fcne seriyor. Osman \u015eahin, ortak paydalara de\u011fil farkl\u0131 olan noktalara vurgu yapman\u0131n bir toplumu i\u00e7ten i\u00e7e \u00e7\u00fcr\u00fctt\u00fc\u011f\u00fcn\u00fc, bunun da ac\u0131s\u0131n\u0131 en \u00e7ok masum insanlar\u0131n \u00e7ekti\u011fini vurguluyor. \u201c\u0130nsanlar\u0131n \u00f6n\u00fcndeki engelleri kald\u0131ral\u0131m derim. En b\u00fcy\u00fck engel, \u2018sevgisizliktir\u2019\u2026Yenelim art\u0131k sevgisizli\u011fi diyorum, yenelim!\u201d <\/p>\n","protected":false},"excerpt":{"rendered":"<p>T\u00fcrk yaz\u0131n\u0131n an\u0131tsal ismi Osman \u015eahin, okuyucuyla ilk kez bulu\u015fan bu \u00f6yk\u00fclerinde olanaks\u0131z bir a\u015fk\u0131, engelleri yenmenin ve ya\u015fama tutunman\u0131n ki\u015fiye verdi\u011fi sevinci, insanl\u0131k tarihine ge\u00e7mi\u015f<span class=\"excerpt-hellip\"> [\u2026]<\/span><\/p>\n","protected":false},"featured_media":0,"template":"","meta":{"_monsterinsights_skip_tracking":false,"_monsterinsights_sitenote_active":false,"_monsterinsights_sitenote_note":"","_monsterinsights_sitenote_category":0},"product_brand":[],"product_cat":[12291,12711],"product_tag":[],"class_list":{"0":"post-762576","1":"product","2":"type-product","3":"status-publish","5":"product_cat-edebiyat","6":"product_cat-roman-oyku","7":"pa_cilt-ciltsiz","8":"pa_tur-kitap","9":"pa_yayinevi-cumhuriyet-kitaplari","10":"pa_yazar-osman-sahin","12":"first","13":"instock","14":"sale","15":"shipping-taxable","16":"purchasable","17":"product-type-simple"},"_links":{"self":[{"href":"https:\/\/roveyayinevi.com.tr\/index.php\/wp-json\/wp\/v2\/product\/762576","targetHints":{"allow":["GET"]}}],"collection":[{"href":"https:\/\/roveyayinevi.com.tr\/index.php\/wp-json\/wp\/v2\/product"}],"about":[{"href":"https:\/\/roveyayinevi.com.tr\/index.php\/wp-json\/wp\/v2\/types\/product"}],"wp:attachment":[{"href":"https:\/\/roveyayinevi.com.tr\/index.php\/wp-json\/wp\/v2\/media?parent=762576"}],"wp:term":[{"taxonomy":"product_brand","embeddable":true,"href":"https:\/\/roveyayinevi.com.tr\/index.php\/wp-json\/wp\/v2\/product_brand?post=762576"},{"taxonomy":"product_cat","embeddable":true,"href":"https:\/\/roveyayinevi.com.tr\/index.php\/wp-json\/wp\/v2\/product_cat?post=762576"},{"taxonomy":"product_tag","embeddable":true,"href":"https:\/\/roveyayinevi.com.tr\/index.php\/wp-json\/wp\/v2\/product_tag?post=762576"}],"curies":[{"name":"wp","href":"https:\/\/api.w.org\/{rel}","templated":true}]}}