{"id":762574,"date":"2025-08-28T10:13:48","date_gmt":"2025-08-28T07:13:48","guid":{"rendered":"https:\/\/roveyayinevi.com.tr\/index.php\/urun\/duino-agitlari-2\/"},"modified":"2026-04-15T03:27:40","modified_gmt":"2026-04-15T00:27:40","slug":"duino-agitlari-2","status":"publish","type":"product","link":"https:\/\/roveyayinevi.com.tr\/index.php\/urun\/duino-agitlari-2\/","title":{"rendered":"Duino A\u011f\u0131tlar\u0131"},"content":{"rendered":"<p>1912 k\u0131\u015f\u0131nda Adriyatik Denizi yak\u0131nlar\u0131ndaki Duino \u015eatosu\u2019nda misafir olan Rilke, bir sabah, denize inen sarp kayal\u0131klar boyunca dar bir patikayla kalenin eteklerine ba\u011flanan bur\u00e7lara t\u0131rman\u0131rken birden durdu; \u015fiddetli r\u00fczg\u00e2r\u0131n solu\u011fundan t\u00fcreyen bir ses, \u00e2deta bir melek ona sesleniyordu: \u201cKim duyard\u0131 hayk\u0131rsayd\u0131m, beni melekler \/ makam\u0131ndan? Hatta i\u00e7lerinden biri tutup aniden \/ al\u0131verseydi beni kalbine, t\u00fckenip giderdim onun o \/ m\u00fcthi\u015f \u00d6zg\u00fcvarl\u0131\u011f\u0131nda ben.\u201d Derhal hep yan\u0131nda ta\u015f\u0131d\u0131\u011f\u0131 not defterini \u00e7\u0131kard\u0131 ve sanki dikte ediliyormu\u015f\u00e7as\u0131na gelen bu dizeleri kaydetti. 1915\u2019in sonlar\u0131na do\u011fru Duino A\u011f\u0131tlar\u0131\u2019n\u0131n \u00fc\u00e7\u00fc bitmi\u015fti; ancak I. D\u00fcnya Sava\u015f\u0131\u2019n\u0131n do\u011furdu\u011fu ruhsal \u00e7alkant\u0131, Rilke\u2019nin A\u011f\u0131tlar\u2019la olan mesaisini kesintiye u\u011fratt\u0131. \u00d6mr\u00fcn\u00fcn son y\u0131llar\u0131n\u0131 \u0130svi\u00e7re\u2019nin Valais Kantonu\u2019nda ge\u00e7iren \u015fairin burada, Muzot \u015eatosu\u2019ndaki \u00e7ileli inzivas\u0131, \u015eubat 1922\u2019de Duino A\u011f\u0131tlar\u0131 ve Orpheus\u2019a Soneler\u2019in tamamlanmas\u0131yla ta\u00e7land\u0131.   \u201c\u015eairler Ulusu\u201dnun sesi T\u00fcrk\u00e7ede \u201c\u015fimdi\u201d yank\u0131lan\u0131yor: \u201cGe\u00e7icilik her yerde derin bir olu\u015fun i\u00e7ine dalar. Bize d\u00fc\u015fen bu fani d\u00fcnyay\u0131, ac\u0131s\u0131 ve tutkusuyla i\u00e7imize olabildi\u011fince derin bir bi\u00e7imde nak\u015fetmektir; \u00f6yle ki cevheri i\u00e7imizde \u2018g\u00f6r\u00fcnmezce\u2019 yeniden varl\u0131\u011fa kavu\u015fabilsin. A\u011f\u0131tlar, elle tutulur ve g\u00f6r\u00fcn\u00fcr g\u00fczelim \u00e2lemin durmaks\u0131z\u0131n, evrenin titre\u015fen k\u00fcrelerine yeni titre\u015fim frekanslar\u0131 ekleyen do\u011fam\u0131z\u0131n g\u00f6r\u00fcnmez titre\u015fimlerine ve \u00e7alkant\u0131lar\u0131na d\u00f6n\u00fc\u015ft\u00fcr\u00fclmesi \u00e7abas\u0131d\u0131r.\u201d <\/p>\n","protected":false},"excerpt":{"rendered":"<p>1912 k\u0131\u015f\u0131nda Adriyatik Denizi yak\u0131nlar\u0131ndaki Duino \u015eatosu\u2019nda misafir olan Rilke, bir sabah, denize inen sarp kayal\u0131klar boyunca dar bir patikayla kalenin eteklerine ba\u011flanan bur\u00e7lara t\u0131rman\u0131rken birden<span class=\"excerpt-hellip\"> [\u2026]<\/span><\/p>\n","protected":false},"featured_media":0,"template":"","meta":{"_monsterinsights_skip_tracking":false,"_monsterinsights_sitenote_active":false,"_monsterinsights_sitenote_note":"","_monsterinsights_sitenote_category":0},"product_brand":[],"product_cat":[12291,12509],"product_tag":[],"class_list":{"0":"post-762574","1":"product","2":"type-product","3":"status-publish","5":"product_cat-edebiyat","6":"product_cat-siir","7":"pa_cilt-ciltsiz","8":"pa_tur-kitap","9":"pa_yayinevi-everest-yayinlari","10":"pa_yazar-rainer-maria-rilke","12":"first","13":"instock","14":"sale","15":"shipping-taxable","16":"purchasable","17":"product-type-simple"},"_links":{"self":[{"href":"https:\/\/roveyayinevi.com.tr\/index.php\/wp-json\/wp\/v2\/product\/762574","targetHints":{"allow":["GET"]}}],"collection":[{"href":"https:\/\/roveyayinevi.com.tr\/index.php\/wp-json\/wp\/v2\/product"}],"about":[{"href":"https:\/\/roveyayinevi.com.tr\/index.php\/wp-json\/wp\/v2\/types\/product"}],"wp:attachment":[{"href":"https:\/\/roveyayinevi.com.tr\/index.php\/wp-json\/wp\/v2\/media?parent=762574"}],"wp:term":[{"taxonomy":"product_brand","embeddable":true,"href":"https:\/\/roveyayinevi.com.tr\/index.php\/wp-json\/wp\/v2\/product_brand?post=762574"},{"taxonomy":"product_cat","embeddable":true,"href":"https:\/\/roveyayinevi.com.tr\/index.php\/wp-json\/wp\/v2\/product_cat?post=762574"},{"taxonomy":"product_tag","embeddable":true,"href":"https:\/\/roveyayinevi.com.tr\/index.php\/wp-json\/wp\/v2\/product_tag?post=762574"}],"curies":[{"name":"wp","href":"https:\/\/api.w.org\/{rel}","templated":true}]}}