{"id":762572,"date":"2025-08-28T10:13:45","date_gmt":"2025-08-28T07:13:45","guid":{"rendered":"https:\/\/roveyayinevi.com.tr\/index.php\/urun\/cesur-kus-kardesiyle-tanisiyor\/"},"modified":"2026-04-15T03:27:40","modified_gmt":"2026-04-15T00:27:40","slug":"cesur-kus-kardesiyle-tanisiyor","status":"publish","type":"product","link":"https:\/\/roveyayinevi.com.tr\/index.php\/urun\/cesur-kus-kardesiyle-tanisiyor\/","title":{"rendered":"Cesur Ku\u015f Karde\u015fiyle Tan\u0131\u015f\u0131yor"},"content":{"rendered":"<p>Ser\u00e7e ailesine minik bir ser\u00e7e geliyor! Bir erkek karde\u015fi olaca\u011f\u0131na neredeyse emin olan Cesur Ku\u015f sonunda \u00f6zlemini \u00e7ekti\u011fi bir arkada\u015fa sahip olaca\u011f\u0131n\u0131 d\u00fc\u015f\u00fcn\u00fcr ve d\u00f6rt g\u00f6zle erkek karde\u015finin do\u011fmas\u0131n\u0131 bekler. Ona u\u00e7aklarla ve pilotlukla ilgili bildi\u011fi her \u015feyi anlatacakt\u0131r. Ancak yumurtan\u0131n \u00e7atlama vakti geldi\u011finde kar\u015f\u0131s\u0131na \u00e7\u0131kan \u015fey Cesur Ku\u015f\u2019u \u00e7ok \u015fa\u015f\u0131rt\u0131r: Bir erkek de\u011fil, k\u0131z karde\u015fi olmu\u015ftur! Hayal k\u0131r\u0131kl\u0131\u011f\u0131 ve \u00f6fke hisseden Cesur Ku\u015f evin yeni ilgi oda\u011f\u0131n\u0131 g\u00f6rmezden gelmeye karar verir. Ancak k\u0131zlar\u0131n s\u00fcrprizlerle dolu oldu\u011funu hen\u00fcz bilmiyordur. <\/p>\n","protected":false},"excerpt":{"rendered":"<p>Ser\u00e7e ailesine minik bir ser\u00e7e geliyor! Bir erkek karde\u015fi olaca\u011f\u0131na neredeyse emin olan Cesur Ku\u015f sonunda \u00f6zlemini \u00e7ekti\u011fi bir arkada\u015fa sahip olaca\u011f\u0131n\u0131 d\u00fc\u015f\u00fcn\u00fcr ve d\u00f6rt g\u00f6zle<span class=\"excerpt-hellip\"> [\u2026]<\/span><\/p>\n","protected":false},"featured_media":0,"template":"","meta":{"_monsterinsights_skip_tracking":false,"_monsterinsights_sitenote_active":false,"_monsterinsights_sitenote_note":"","_monsterinsights_sitenote_category":0},"product_brand":[],"product_cat":[12274,12284],"product_tag":[],"class_list":{"0":"post-762572","1":"product","2":"type-product","3":"status-publish","5":"product_cat-cocuk-ve-genclik-kitaplari","6":"product_cat-hikayeler","7":"pa_cilt-ciltsiz","8":"pa_tur-kitap","9":"pa_yayinevi-bookalemun-yayinevi","10":"pa_yazar-lucia-zednikovicova","12":"first","13":"instock","14":"sale","15":"shipping-taxable","16":"purchasable","17":"product-type-simple"},"_links":{"self":[{"href":"https:\/\/roveyayinevi.com.tr\/index.php\/wp-json\/wp\/v2\/product\/762572","targetHints":{"allow":["GET"]}}],"collection":[{"href":"https:\/\/roveyayinevi.com.tr\/index.php\/wp-json\/wp\/v2\/product"}],"about":[{"href":"https:\/\/roveyayinevi.com.tr\/index.php\/wp-json\/wp\/v2\/types\/product"}],"wp:attachment":[{"href":"https:\/\/roveyayinevi.com.tr\/index.php\/wp-json\/wp\/v2\/media?parent=762572"}],"wp:term":[{"taxonomy":"product_brand","embeddable":true,"href":"https:\/\/roveyayinevi.com.tr\/index.php\/wp-json\/wp\/v2\/product_brand?post=762572"},{"taxonomy":"product_cat","embeddable":true,"href":"https:\/\/roveyayinevi.com.tr\/index.php\/wp-json\/wp\/v2\/product_cat?post=762572"},{"taxonomy":"product_tag","embeddable":true,"href":"https:\/\/roveyayinevi.com.tr\/index.php\/wp-json\/wp\/v2\/product_tag?post=762572"}],"curies":[{"name":"wp","href":"https:\/\/api.w.org\/{rel}","templated":true}]}}