{"id":762571,"date":"2025-08-28T10:13:43","date_gmt":"2025-08-28T07:13:43","guid":{"rendered":"https:\/\/roveyayinevi.com.tr\/index.php\/urun\/cesur-kus-ve-bilge-kus-konseri-kurtariyor\/"},"modified":"2026-04-15T03:27:40","modified_gmt":"2026-04-15T00:27:40","slug":"cesur-kus-ve-bilge-kus-konseri-kurtariyor","status":"publish","type":"product","link":"https:\/\/roveyayinevi.com.tr\/index.php\/urun\/cesur-kus-ve-bilge-kus-konseri-kurtariyor\/","title":{"rendered":"Cesur Ku\u015f ve Bilge Ku\u015f Konseri Kurtar\u0131yor"},"content":{"rendered":"<p>Orman orkestras\u0131yla konser haz\u0131rl\u0131klar\u0131 ba\u015flas\u0131n! Kendi u\u00e7aklar\u0131n\u0131 yapmak i\u00e7in plan yapan Cesur Ku\u015f ve Bilgi Ku\u015f\u2019a ailesi bir s\u00fcrpriz yapar: Orman orkestras\u0131 ve \u00fcnl\u00fc orkestra \u015fefiyle ger\u00e7ekle\u015fecek konserde onlar da sahne alacakt\u0131r! Cesur Ku\u015f u\u00e7ak u\u00e7urtmay\u0131 tercih etse de ailesini k\u0131rmaz ve haz\u0131rl\u0131klara ba\u015flarlar. Konser g\u00fcn\u00fc gelip \u00e7att\u0131\u011f\u0131nda k\u00fc\u00e7\u00fck ser\u00e7elerin dinlenmek i\u00e7in \u00e7\u0131kt\u0131\u011f\u0131 gezintide bir u\u00e7a\u011f\u0131n par\u00e7alanmas\u0131ndan, \u00fcnl\u00fc orkestra \u015fefinin ufak kazas\u0131na kadar bir\u00e7ok olay ya\u015fan\u0131r ve konser bir anda iptal olma riskiyle kar\u015f\u0131 kar\u015f\u0131ya kal\u0131r. Acaba gen\u00e7 pilotlar\u0131m\u0131z ya\u015fanan aksilikleri nas\u0131l \u00e7\u00f6zecek, konseri nas\u0131l kurtaracak? <\/p>\n","protected":false},"excerpt":{"rendered":"<p>Orman orkestras\u0131yla konser haz\u0131rl\u0131klar\u0131 ba\u015flas\u0131n! Kendi u\u00e7aklar\u0131n\u0131 yapmak i\u00e7in plan yapan Cesur Ku\u015f ve Bilgi Ku\u015f\u2019a ailesi bir s\u00fcrpriz yapar: Orman orkestras\u0131 ve \u00fcnl\u00fc orkestra \u015fefiyle<span class=\"excerpt-hellip\"> [\u2026]<\/span><\/p>\n","protected":false},"featured_media":0,"template":"","meta":{"_monsterinsights_skip_tracking":false,"_monsterinsights_sitenote_active":false,"_monsterinsights_sitenote_note":"","_monsterinsights_sitenote_category":0},"product_brand":[],"product_cat":[12274,12284],"product_tag":[],"class_list":{"0":"post-762571","1":"product","2":"type-product","3":"status-publish","5":"product_cat-cocuk-ve-genclik-kitaplari","6":"product_cat-hikayeler","7":"pa_cilt-ciltsiz","8":"pa_tur-kitap","9":"pa_yayinevi-bookalemun-yayinevi","10":"pa_yazar-lucia-zednikovicova","12":"first","13":"instock","14":"sale","15":"shipping-taxable","16":"purchasable","17":"product-type-simple"},"_links":{"self":[{"href":"https:\/\/roveyayinevi.com.tr\/index.php\/wp-json\/wp\/v2\/product\/762571","targetHints":{"allow":["GET"]}}],"collection":[{"href":"https:\/\/roveyayinevi.com.tr\/index.php\/wp-json\/wp\/v2\/product"}],"about":[{"href":"https:\/\/roveyayinevi.com.tr\/index.php\/wp-json\/wp\/v2\/types\/product"}],"wp:attachment":[{"href":"https:\/\/roveyayinevi.com.tr\/index.php\/wp-json\/wp\/v2\/media?parent=762571"}],"wp:term":[{"taxonomy":"product_brand","embeddable":true,"href":"https:\/\/roveyayinevi.com.tr\/index.php\/wp-json\/wp\/v2\/product_brand?post=762571"},{"taxonomy":"product_cat","embeddable":true,"href":"https:\/\/roveyayinevi.com.tr\/index.php\/wp-json\/wp\/v2\/product_cat?post=762571"},{"taxonomy":"product_tag","embeddable":true,"href":"https:\/\/roveyayinevi.com.tr\/index.php\/wp-json\/wp\/v2\/product_tag?post=762571"}],"curies":[{"name":"wp","href":"https:\/\/api.w.org\/{rel}","templated":true}]}}