{"id":762570,"date":"2025-08-28T10:13:42","date_gmt":"2025-08-28T07:13:42","guid":{"rendered":"https:\/\/roveyayinevi.com.tr\/index.php\/urun\/tonal-armoni-1\/"},"modified":"2026-04-15T03:27:40","modified_gmt":"2026-04-15T00:27:40","slug":"tonal-armoni-1","status":"publish","type":"product","link":"https:\/\/roveyayinevi.com.tr\/index.php\/urun\/tonal-armoni-1\/","title":{"rendered":"Tonal Armoni &#8211; 1"},"content":{"rendered":"<p>Bu kitap armoninin tarih\u00e7esini, kural ve yasaklar\u0131n\u0131 anlatmak yerine, armoniyi yazarak ya da \u00e7alarak pratik bir m\u00fczikal ara\u00e7 olarak kullanma becericisi kazand\u0131rmay\u0131 ama\u00e7lamaktad\u0131r. Bu yakla\u015f\u0131m\u0131 desteklemek i\u00e7in kitapta tonal armoninin yaz\u0131m ilkelerini a\u00e7\u0131klayan, m\u00fczik tarihinin farkl\u0131 d\u00f6nemlerinden se\u00e7ilmi\u015f \u00e7ok say\u0131da analiz ve armonizasyon \u00f6rnekleri sunulmu\u015ftur. Bu \u00f6rneklerin ba\u015fka bir amac\u0131 da Klasik Bat\u0131 M\u00fczi\u011finin farkl\u0131 \u00fcslup d\u00f6nemlerindeki armonik dili ve bu dilin zaman i\u00e7indeki de\u011fi\u015fimini okura g\u00f6stermektir.   Kitaptaki her konu en az bir soprano ve bir bas partisi armonizasyonu ile a\u00e7\u0131klanm\u0131\u015f ve her b\u00f6l\u00fcm\u00fcn sonunda konu ile ilgili \u00e7ok say\u0131da armonizasyon ve armonik analiz \u00e7al\u0131\u015fmas\u0131 sunulmu\u015ftur. Bu \u00e7al\u0131\u015fmalar bireysel olarak yap\u0131labilece\u011fi gibi s\u0131n\u0131f ortam\u0131nda da yap\u0131labilir. Bunlar\u0131n sistematik bir bi\u00e7imde yap\u0131lmas\u0131 \u00f6\u011frencilerin tonal armoni konusunda pratik beceriler kazanmas\u0131na \u00f6nemli \u00f6l\u00e7\u00fcde katk\u0131 sunacakt\u0131r. Bu \u00e7al\u0131\u015fmalardan ba\u015fka pop\u00fcler m\u00fczik par\u00e7alar\u0131, halk m\u00fczi\u011fi ezgileri vd. kitaptaki armonizasyon ilkeleri temelinde ek \u00e7al\u0131\u015fmalar olarak kullan\u0131labilir. Her \u00f6\u011frencinin en \u00e7ok fayday\u0131 sa\u011flayabilmesi i\u00e7in kitab\u0131n konular\u0131 sunu\u015f bi\u00e7imi, farkl\u0131 ekollerin \u00f6\u011fretim y\u00f6ntemlerine ve kuramsal yakla\u015f\u0131mlar\u0131na uygun olarak haz\u0131rlanm\u0131\u015ft\u0131r. <\/p>\n","protected":false},"excerpt":{"rendered":"<p>Bu kitap armoninin tarih\u00e7esini, kural ve yasaklar\u0131n\u0131 anlatmak yerine, armoniyi yazarak ya da \u00e7alarak pratik bir m\u00fczikal ara\u00e7 olarak kullanma becericisi kazand\u0131rmay\u0131 ama\u00e7lamaktad\u0131r. Bu yakla\u015f\u0131m\u0131 desteklemek<span class=\"excerpt-hellip\"> [\u2026]<\/span><\/p>\n","protected":false},"featured_media":0,"template":"","meta":{"_monsterinsights_skip_tracking":false,"_monsterinsights_sitenote_active":false,"_monsterinsights_sitenote_note":"","_monsterinsights_sitenote_category":0},"product_brand":[],"product_cat":[14556,20810],"product_tag":[],"class_list":{"0":"post-762570","1":"product","2":"type-product","3":"status-publish","5":"product_cat-muzik","6":"product_cat-ogrenim-kitaplari","7":"pa_cilt-ciltsiz","8":"pa_tur-kitap","9":"pa_yayinevi-muzik-egitimi-yayinlari","10":"pa_yazar-mesruh-savas","12":"first","13":"instock","14":"sale","15":"shipping-taxable","16":"purchasable","17":"product-type-simple"},"_links":{"self":[{"href":"https:\/\/roveyayinevi.com.tr\/index.php\/wp-json\/wp\/v2\/product\/762570","targetHints":{"allow":["GET"]}}],"collection":[{"href":"https:\/\/roveyayinevi.com.tr\/index.php\/wp-json\/wp\/v2\/product"}],"about":[{"href":"https:\/\/roveyayinevi.com.tr\/index.php\/wp-json\/wp\/v2\/types\/product"}],"wp:attachment":[{"href":"https:\/\/roveyayinevi.com.tr\/index.php\/wp-json\/wp\/v2\/media?parent=762570"}],"wp:term":[{"taxonomy":"product_brand","embeddable":true,"href":"https:\/\/roveyayinevi.com.tr\/index.php\/wp-json\/wp\/v2\/product_brand?post=762570"},{"taxonomy":"product_cat","embeddable":true,"href":"https:\/\/roveyayinevi.com.tr\/index.php\/wp-json\/wp\/v2\/product_cat?post=762570"},{"taxonomy":"product_tag","embeddable":true,"href":"https:\/\/roveyayinevi.com.tr\/index.php\/wp-json\/wp\/v2\/product_tag?post=762570"}],"curies":[{"name":"wp","href":"https:\/\/api.w.org\/{rel}","templated":true}]}}